{"id":1600,"date":"2021-01-27T10:56:11","date_gmt":"2021-01-27T09:56:11","guid":{"rendered":"https:\/\/min-pan.krakow.pl\/instytut\/?page_id=1600"},"modified":"2021-01-27T10:56:11","modified_gmt":"2021-01-27T09:56:11","slug":"zapytanie-nr-14-zapytanie-ofertowe-w-sprawie-realizacji-uslugi-dotyczacej-identyfikacji-wskaznikow-i-ich-wielkosci-z-zakresu-gospodarki-o-obiegu-zamknietym-raportowanych-przez-najwieksze-firmy-krajo","status":"publish","type":"page","link":"https:\/\/min-pan.krakow.pl\/instytut\/zamowienia-publiczne\/zapytania-ofertowe-2\/zapytanie-nr-14-zapytanie-ofertowe-w-sprawie-realizacji-uslugi-dotyczacej-identyfikacji-wskaznikow-i-ich-wielkosci-z-zakresu-gospodarki-o-obiegu-zamknietym-raportowanych-przez-najwieksze-firmy-krajo\/","title":{"rendered":"Zapytanie nr 14 &#8211; Zapytanie ofertowe w sprawie realizacji us\u0142ugi dotycz\u0105cej Identyfikacji wska\u017anik\u00f3w i ich wielko\u015bci z zakresu gospodarki o obiegu zamkni\u0119tym raportowanych przez najwi\u0119ksze firmy krajowe i zagraniczne z bran\u017cy chemicznej."},"content":{"rendered":"<p><strong>Zapytanie nr 14<\/strong><\/p>\n<p class=\"downloadElemContainer2\"><a class=\"downloadElem pdf\" href=\"https:\/\/min-pan.krakow.pl\/instytut\/wp-content\/uploads\/sites\/2\/2020\/01\/Zapytanie-ofertowe-w-sprawie-realizacji-us%C5%82ugi-dotycz%C4%85cej-Identyfikacji.pdf\" target=\"_blank\" rel=\"noopener noreferrer\">\u00a0<\/a><cite>Zapytanie ofertowe w sprawie realizacji us\u0142ugi dotycz\u0105cej Identyfikacji wska\u017anik\u00f3w i ich wielko\u015bci z zakresu gospodarki o obiegu zamkni\u0119tym raportowanych przez najwi\u0119ksze firmy krajowe i zagraniczne z bran\u017cy chemicznej.\u00a0<\/cite><\/p>\n<p><\/p>","protected":false},"excerpt":{"rendered":"<p>Zapytanie nr 14 \u00a0Zapytanie ofertowe w sprawie realizacji us\u0142ugi dotycz\u0105cej Identyfikacji wska\u017anik\u00f3w i ich wielko\u015bci z zakresu gospodarki o obiegu zamkni\u0119tym raportowanych przez najwi\u0119ksze firmy krajowe i zagraniczne z bran\u017cy chemicznej.\u00a0<\/p>\n","protected":false},"author":1,"featured_media":0,"parent":1564,"menu_order":106,"comment_status":"closed","ping_status":"closed","template":"templates\/template-document.php","meta":{"footnotes":""},"class_list":["post-1600","page","type-page","status-publish","hentry"],"_links":{"self":[{"href":"https:\/\/min-pan.krakow.pl\/instytut\/wp-json\/wp\/v2\/pages\/1600","targetHints":{"allow":["GET"]}}],"collection":[{"href":"https:\/\/min-pan.krakow.pl\/instytut\/wp-json\/wp\/v2\/pages"}],"about":[{"href":"https:\/\/min-pan.krakow.pl\/instytut\/wp-json\/wp\/v2\/types\/page"}],"author":[{"embeddable":true,"href":"https:\/\/min-pan.krakow.pl\/instytut\/wp-json\/wp\/v2\/users\/1"}],"replies":[{"embeddable":true,"href":"https:\/\/min-pan.krakow.pl\/instytut\/wp-json\/wp\/v2\/comments?post=1600"}],"version-history":[{"count":1,"href":"https:\/\/min-pan.krakow.pl\/instytut\/wp-json\/wp\/v2\/pages\/1600\/revisions"}],"predecessor-version":[{"id":1601,"href":"https:\/\/min-pan.krakow.pl\/instytut\/wp-json\/wp\/v2\/pages\/1600\/revisions\/1601"}],"up":[{"embeddable":true,"href":"https:\/\/min-pan.krakow.pl\/instytut\/wp-json\/wp\/v2\/pages\/1564"}],"wp:attachment":[{"href":"https:\/\/min-pan.krakow.pl\/instytut\/wp-json\/wp\/v2\/media?parent=1600"}],"curies":[{"name":"wp","href":"https:\/\/api.w.org\/{rel}","templated":true}]}}