{"id":1592,"date":"2021-01-27T10:54:29","date_gmt":"2021-01-27T09:54:29","guid":{"rendered":"https:\/\/min-pan.krakow.pl\/instytut\/?page_id=1592"},"modified":"2021-01-27T10:54:29","modified_gmt":"2021-01-27T09:54:29","slug":"zapytanie-nr-10-zapytanie-ofertowe-w-sprawie-realizacji-uslugi-dotyczacej-opracowania-korzysci-ekonomicznych-spolecznych-i-srodowiskowych-dla-polski-z-wdrozenia-gospodarki-o-obiegu-zamknietym-goz","status":"publish","type":"page","link":"https:\/\/min-pan.krakow.pl\/instytut\/zamowienia-publiczne\/zapytania-ofertowe-2\/zapytanie-nr-10-zapytanie-ofertowe-w-sprawie-realizacji-uslugi-dotyczacej-opracowania-korzysci-ekonomicznych-spolecznych-i-srodowiskowych-dla-polski-z-wdrozenia-gospodarki-o-obiegu-zamknietym-goz\/","title":{"rendered":"Zapytanie nr 10 &#8211; Zapytanie ofertowe w sprawie realizacji us\u0142ugi dotycz\u0105cej opracowania korzy\u015bci ekonomicznych, spo\u0142ecznych i \u015brodowiskowych dla Polski z wdro\u017cenia gospodarki o obiegu zamkni\u0119tym (GOZ) z uwzgl\u0119dnieniem wybranych wska\u017anik\u00f3w w perspektywie do roku 2030."},"content":{"rendered":"<p><strong>Zapytanie nr 10<\/strong><\/p>\n<p class=\"downloadElemContainer2\"><a class=\"downloadElem pdf\" href=\"https:\/\/min-pan.krakow.pl\/instytut\/wp-content\/uploads\/sites\/2\/2020\/01\/Zapytanie-ofertowe-w-sprawie-realizacji-us%C5%82ugi-dotycz%C4%85cej-opracowania-korzy%C5%9Bci-ekonomicznych-spo%C5%82ecznych-i-%C5%9Brodowiskowych-dla-Polski_GOZ.pdf\" target=\"_blank\" rel=\"noopener noreferrer\">\u00a0<\/a><cite>Zapytanie ofertowe w sprawie realizacji us\u0142ugi dotycz\u0105cej opracowania korzy\u015bci ekonomicznych, spo\u0142ecznych i \u015brodowiskowych dla Polski z wdro\u017cenia gospodarki o obiegu zamkni\u0119tym (GOZ) z uwzgl\u0119dnieniem wybranych wska\u017anik\u00f3w w perspektywie do roku 2030.<\/cite><\/p>\n<p><\/p>","protected":false},"excerpt":{"rendered":"<p>Zapytanie nr 10 \u00a0Zapytanie ofertowe w sprawie realizacji us\u0142ugi dotycz\u0105cej opracowania korzy\u015bci ekonomicznych, spo\u0142ecznych i \u015brodowiskowych dla Polski z wdro\u017cenia gospodarki o obiegu zamkni\u0119tym (GOZ) z uwzgl\u0119dnieniem wybranych wska\u017anik\u00f3w w perspektywie do roku 2030.<\/p>\n","protected":false},"author":1,"featured_media":0,"parent":1564,"menu_order":110,"comment_status":"closed","ping_status":"closed","template":"templates\/template-document.php","meta":{"footnotes":""},"class_list":["post-1592","page","type-page","status-publish","hentry"],"_links":{"self":[{"href":"https:\/\/min-pan.krakow.pl\/instytut\/wp-json\/wp\/v2\/pages\/1592","targetHints":{"allow":["GET"]}}],"collection":[{"href":"https:\/\/min-pan.krakow.pl\/instytut\/wp-json\/wp\/v2\/pages"}],"about":[{"href":"https:\/\/min-pan.krakow.pl\/instytut\/wp-json\/wp\/v2\/types\/page"}],"author":[{"embeddable":true,"href":"https:\/\/min-pan.krakow.pl\/instytut\/wp-json\/wp\/v2\/users\/1"}],"replies":[{"embeddable":true,"href":"https:\/\/min-pan.krakow.pl\/instytut\/wp-json\/wp\/v2\/comments?post=1592"}],"version-history":[{"count":1,"href":"https:\/\/min-pan.krakow.pl\/instytut\/wp-json\/wp\/v2\/pages\/1592\/revisions"}],"predecessor-version":[{"id":1593,"href":"https:\/\/min-pan.krakow.pl\/instytut\/wp-json\/wp\/v2\/pages\/1592\/revisions\/1593"}],"up":[{"embeddable":true,"href":"https:\/\/min-pan.krakow.pl\/instytut\/wp-json\/wp\/v2\/pages\/1564"}],"wp:attachment":[{"href":"https:\/\/min-pan.krakow.pl\/instytut\/wp-json\/wp\/v2\/media?parent=1592"}],"curies":[{"name":"wp","href":"https:\/\/api.w.org\/{rel}","templated":true}]}}