{"id":1590,"date":"2021-01-27T10:54:03","date_gmt":"2021-01-27T09:54:03","guid":{"rendered":"https:\/\/min-pan.krakow.pl\/instytut\/?page_id=1590"},"modified":"2021-01-27T10:54:03","modified_gmt":"2021-01-27T09:54:03","slug":"zapytanie-nr-9-zapytanie-ofertowe-w-sprawie-realizacji-uslugi-dotyczacej-opracowania-strategii-gospodarki-o-obiegu-zamknietym-wraz-z-wdrozeniem-przez-spolke-miasta-krakowa","status":"publish","type":"page","link":"https:\/\/min-pan.krakow.pl\/instytut\/zamowienia-publiczne\/zapytania-ofertowe-2\/zapytanie-nr-9-zapytanie-ofertowe-w-sprawie-realizacji-uslugi-dotyczacej-opracowania-strategii-gospodarki-o-obiegu-zamknietym-wraz-z-wdrozeniem-przez-spolke-miasta-krakowa\/","title":{"rendered":"Zapytanie nr 9 &#8211; Zapytanie ofertowe w sprawie realizacji us\u0142ugi dotycz\u0105cej: Opracowania strategii gospodarki o obiegu zamkni\u0119tym wraz z wdro\u017ceniem przez Sp\u00f3\u0142k\u0119 Miasta Krakowa"},"content":{"rendered":"<p><strong>Zapytanie nr 9<br \/>\n<\/strong><\/p>\n<p class=\"downloadElemContainer2\"><a class=\"downloadElem docx\" href=\"https:\/\/min-pan.krakow.pl\/instytut\/wp-content\/uploads\/sites\/2\/2020\/10\/Zapytanie-ofertowe-w-sprawie-realizacji-us%C5%82ugi-dotycz%C4%85cej_Opracowania-strategii-gospodarki-o-obiegu-zamkni%C4%99tym-wraz-z-wdro%C5%BCeniem-przez-Sp%C3%B3%C5%82k%C4%99-Miasta-Krakowa.docx\" target=\"_blank\" rel=\"noopener noreferrer\">\u00a0<\/a><cite>Zapytanie ofertowe w sprawie realizacji us\u0142ugi dotycz\u0105cej: Opracowania strategii gospodarki o obiegu zamkni\u0119tym wraz z wdro\u017ceniem przez Sp\u00f3\u0142k\u0119 Miasta Krakowa<\/cite><\/p>\n<p><\/p>","protected":false},"excerpt":{"rendered":"<p>Zapytanie nr 9 \u00a0Zapytanie ofertowe w sprawie realizacji us\u0142ugi dotycz\u0105cej: Opracowania strategii gospodarki o obiegu zamkni\u0119tym wraz z wdro\u017ceniem przez Sp\u00f3\u0142k\u0119 Miasta Krakowa<\/p>\n","protected":false},"author":1,"featured_media":0,"parent":1564,"menu_order":111,"comment_status":"closed","ping_status":"closed","template":"templates\/template-document.php","meta":{"footnotes":""},"class_list":["post-1590","page","type-page","status-publish","hentry"],"_links":{"self":[{"href":"https:\/\/min-pan.krakow.pl\/instytut\/wp-json\/wp\/v2\/pages\/1590","targetHints":{"allow":["GET"]}}],"collection":[{"href":"https:\/\/min-pan.krakow.pl\/instytut\/wp-json\/wp\/v2\/pages"}],"about":[{"href":"https:\/\/min-pan.krakow.pl\/instytut\/wp-json\/wp\/v2\/types\/page"}],"author":[{"embeddable":true,"href":"https:\/\/min-pan.krakow.pl\/instytut\/wp-json\/wp\/v2\/users\/1"}],"replies":[{"embeddable":true,"href":"https:\/\/min-pan.krakow.pl\/instytut\/wp-json\/wp\/v2\/comments?post=1590"}],"version-history":[{"count":1,"href":"https:\/\/min-pan.krakow.pl\/instytut\/wp-json\/wp\/v2\/pages\/1590\/revisions"}],"predecessor-version":[{"id":1591,"href":"https:\/\/min-pan.krakow.pl\/instytut\/wp-json\/wp\/v2\/pages\/1590\/revisions\/1591"}],"up":[{"embeddable":true,"href":"https:\/\/min-pan.krakow.pl\/instytut\/wp-json\/wp\/v2\/pages\/1564"}],"wp:attachment":[{"href":"https:\/\/min-pan.krakow.pl\/instytut\/wp-json\/wp\/v2\/media?parent=1590"}],"curies":[{"name":"wp","href":"https:\/\/api.w.org\/{rel}","templated":true}]}}