{"id":1588,"date":"2021-01-27T10:53:36","date_gmt":"2021-01-27T09:53:36","guid":{"rendered":"https:\/\/min-pan.krakow.pl\/instytut\/?page_id=1588"},"modified":"2021-01-27T10:53:36","modified_gmt":"2021-01-27T09:53:36","slug":"zapytanie-nr-8-zapytanie-ofertowe-w-sprawie-realizacji-uslugi-dotyczacej-weryfikacji-udzialu-procentowego-odpadow-zywnosciowych-w-poszczegolnych-kodach-odpadow-i-sekcjach-dzialalnosci-gospodarczej","status":"publish","type":"page","link":"https:\/\/min-pan.krakow.pl\/instytut\/zamowienia-publiczne\/zapytania-ofertowe-2\/zapytanie-nr-8-zapytanie-ofertowe-w-sprawie-realizacji-uslugi-dotyczacej-weryfikacji-udzialu-procentowego-odpadow-zywnosciowych-w-poszczegolnych-kodach-odpadow-i-sekcjach-dzialalnosci-gospodarczej\/","title":{"rendered":"Zapytanie nr 8 &#8211; Zapytanie ofertowe w sprawie realizacji us\u0142ugi dotycz\u0105cej: Weryfikacji udzia\u0142u procentowego odpad\u00f3w \u017cywno\u015bciowych w poszczeg\u00f3lnych kodach odpad\u00f3w i sekcjach dzia\u0142alno\u015bci gospodarczej wyszczeg\u00f3lnionych w decyzji delegowanej Komisji (UE) 2019\/1597 z dnia 3 maja 2019 r. uzupe\u0142niaj\u0105cej dyrektyw\u0119 Parlamentu Europejskiego i Rady 2008\/98\/WE w odniesieniu do wsp\u00f3lnej metody i minimalnych wymaga\u0144 jako\u015bciowych dla jednolitego pomiaru poziom\u00f3w odpad\u00f3w \u017cywno\u015bciowych oraz praktyczne okre\u015blanie poziom\u00f3w odpad\u00f3w \u017cywno\u015bci dla poszczeg\u00f3lnych element\u00f3w \u0142a\u0144cucha dostaw wykorzystuj\u0105cych dane administracyjne zgromadzone w Centralnym Systemie Odpad\u00f3w i ic wp\u0142yw na model biznesowe gospodarki o obiegu zamkni\u0119tym."},"content":{"rendered":"<p><strong>Zapytanie nr 8<\/strong><\/p>\n<p class=\"downloadElemContainer2\"><a class=\"downloadElem docx\" href=\"https:\/\/min-pan.krakow.pl\/instytut\/wp-content\/uploads\/sites\/2\/2020\/12\/Zapytanie-otoGOZ-statystyki-1.docx\" target=\"_blank\" rel=\"noopener noreferrer\">\u00a0<\/a><cite>Zapytanie ofertowe w sprawie realizacji us\u0142ugi dotycz\u0105cej: Weryfikacji udzia\u0142u procentowego odpad\u00f3w \u017cywno\u015bciowych w poszczeg\u00f3lnych kodach odpad\u00f3w i sekcjach dzia\u0142alno\u015bci gospodarczej wyszczeg\u00f3lnionych w decyzji delegowanej Komisji (UE) 2019\/1597 z dnia 3 maja 2019 r. uzupe\u0142niaj\u0105cej dyrektyw\u0119 Parlamentu Europejskiego i Rady 2008\/98\/WE w odniesieniu do wsp\u00f3lnej metody i minimalnych wymaga\u0144 jako\u015bciowych dla jednolitego pomiaru poziom\u00f3w odpad\u00f3w \u017cywno\u015bciowych oraz praktyczne okre\u015blanie poziom\u00f3w odpad\u00f3w \u017cywno\u015bci dla poszczeg\u00f3lnych element\u00f3w \u0142a\u0144cucha dostaw wykorzystuj\u0105cych dane administracyjne zgromadzone w Centralnym Systemie Odpad\u00f3w i ic wp\u0142yw na model biznesowe gospodarki o obiegu zamkni\u0119tym.<\/cite><\/p>\n<p><\/p>","protected":false},"excerpt":{"rendered":"<p>Zapytanie nr 8 \u00a0Zapytanie ofertowe w sprawie realizacji us\u0142ugi dotycz\u0105cej: Weryfikacji udzia\u0142u procentowego odpad\u00f3w \u017cywno\u015bciowych w poszczeg\u00f3lnych kodach odpad\u00f3w i sekcjach dzia\u0142alno\u015bci gospodarczej wyszczeg\u00f3lnionych w decyzji delegowanej Komisji (UE) 2019\/1597 z dnia 3 maja 2019 r. uzupe\u0142niaj\u0105cej dyrektyw\u0119 Parlamentu Europejskiego i Rady 2008\/98\/WE w odniesieniu do wsp\u00f3lnej metody i minimalnych wymaga\u0144 jako\u015bciowych dla jednolitego pomiaru [&hellip;]<\/p>\n","protected":false},"author":1,"featured_media":0,"parent":1564,"menu_order":112,"comment_status":"closed","ping_status":"closed","template":"templates\/template-document.php","meta":{"footnotes":""},"class_list":["post-1588","page","type-page","status-publish","hentry"],"_links":{"self":[{"href":"https:\/\/min-pan.krakow.pl\/instytut\/wp-json\/wp\/v2\/pages\/1588","targetHints":{"allow":["GET"]}}],"collection":[{"href":"https:\/\/min-pan.krakow.pl\/instytut\/wp-json\/wp\/v2\/pages"}],"about":[{"href":"https:\/\/min-pan.krakow.pl\/instytut\/wp-json\/wp\/v2\/types\/page"}],"author":[{"embeddable":true,"href":"https:\/\/min-pan.krakow.pl\/instytut\/wp-json\/wp\/v2\/users\/1"}],"replies":[{"embeddable":true,"href":"https:\/\/min-pan.krakow.pl\/instytut\/wp-json\/wp\/v2\/comments?post=1588"}],"version-history":[{"count":1,"href":"https:\/\/min-pan.krakow.pl\/instytut\/wp-json\/wp\/v2\/pages\/1588\/revisions"}],"predecessor-version":[{"id":1589,"href":"https:\/\/min-pan.krakow.pl\/instytut\/wp-json\/wp\/v2\/pages\/1588\/revisions\/1589"}],"up":[{"embeddable":true,"href":"https:\/\/min-pan.krakow.pl\/instytut\/wp-json\/wp\/v2\/pages\/1564"}],"wp:attachment":[{"href":"https:\/\/min-pan.krakow.pl\/instytut\/wp-json\/wp\/v2\/media?parent=1588"}],"curies":[{"name":"wp","href":"https:\/\/api.w.org\/{rel}","templated":true}]}}