{"id":1584,"date":"2021-01-27T10:52:45","date_gmt":"2021-01-27T09:52:45","guid":{"rendered":"https:\/\/min-pan.krakow.pl\/instytut\/?page_id=1584"},"modified":"2021-02-05T13:18:04","modified_gmt":"2021-02-05T12:18:04","slug":"zapytanie-nr-6-zapytanie-ofertowe-w-sprawie-realizacji-uslugi-dotyczacej-zorganizowania-trzech-webinariow-tematycznych-dla-branzy-energetycznej-pt-gospodarka-o-obiegu-zamknietym-w-branzy-energetyc","status":"publish","type":"page","link":"https:\/\/min-pan.krakow.pl\/instytut\/zamowienia-publiczne\/zapytania-ofertowe-2\/zapytanie-nr-6-zapytanie-ofertowe-w-sprawie-realizacji-uslugi-dotyczacej-zorganizowania-trzech-webinariow-tematycznych-dla-branzy-energetycznej-pt-gospodarka-o-obiegu-zamknietym-w-branzy-energetyc\/","title":{"rendered":"Zapytanie nr 6 &#8211; Zapytanie ofertowe w sprawie realizacji us\u0142ugi dotycz\u0105cej: zorganizowania trzech webinari\u00f3w tematycznych dla bran\u017cy energetycznej pt. Gospodarka o obiegu zamkni\u0119tym w bran\u017cy energetycznej \u2013 strategie, praktyki i zasady monitorowania."},"content":{"rendered":"<p><strong>Zapytanie nr 6<\/strong><\/p>\n<p class=\"downloadElemContainer2\"><a class=\"downloadElem docx\" href=\"https:\/\/min-pan.krakow.pl\/instytut\/wp-content\/uploads\/sites\/2\/2021\/01\/Zapytanie-ofertowe-w-sprawie-realizacji-us%C5%82ugi-dotycz%C4%85cej-zorganizowania-trzech-webinari%C3%B3w-tematycznych-dla-bran%C5%BCy-energetycznej.docx\" target=\"_blank\" rel=\"noopener noreferrer\">\u00a0<\/a><cite>Zapytanie ofertowe w sprawie realizacji us\u0142ugi dotycz\u0105cej: zorganizowania trzech webinari\u00f3w tematycznych dla bran\u017cy energetycznej pt. Gospodarka o obiegu zamkni\u0119tym w bran\u017cy energetycznej \u2013 strategie, praktyki i zasady monitorowania.<\/cite><\/p>\n<p><strong>Wyb\u00f3r najkorzystniejszej oferty\u00a0<\/strong><\/p>\n<p class=\"downloadElemContainer2\"><a class=\"downloadElem pdf\" href=\"https:\/\/min-pan.krakow.pl\/instytut\/wp-content\/uploads\/sites\/2\/2021\/02\/Protok\u00f3\u0142-post\u0119powania-zorganizowania-trzech-webinari\u00f3w-tematycznych-dla-bran\u017cy-energetycznej.pdf\" target=\"_blank\" rel=\"noopener noreferrer\">\u00a0<\/a><cite>Protok\u00f3\u0142 post\u0119powania dotycz\u0105cy zapytania ofertowego zorganizowania trzech webinari\u00f3w tematycznych dla bran\u017cy energetycznej pt. Gospodarka o obiegu zamkni\u0119tym w bran\u017cy energetycznej &#8211; strategie, praktyki i zasady monitorowania.<\/cite><\/p>\n<p><\/p>","protected":false},"excerpt":{"rendered":"<p>Zapytanie nr 6 \u00a0Zapytanie ofertowe w sprawie realizacji us\u0142ugi dotycz\u0105cej: zorganizowania trzech webinari\u00f3w tematycznych dla bran\u017cy energetycznej pt. Gospodarka o obiegu zamkni\u0119tym w bran\u017cy energetycznej \u2013 strategie, praktyki i zasady monitorowania. Wyb\u00f3r najkorzystniejszej oferty\u00a0 \u00a0Protok\u00f3\u0142 post\u0119powania dotycz\u0105cy zapytania ofertowego zorganizowania trzech webinari\u00f3w tematycznych dla bran\u017cy energetycznej pt. Gospodarka o obiegu zamkni\u0119tym w bran\u017cy energetycznej &#8211; [&hellip;]<\/p>\n","protected":false},"author":1,"featured_media":0,"parent":1564,"menu_order":114,"comment_status":"closed","ping_status":"closed","template":"templates\/template-document.php","meta":{"footnotes":""},"class_list":["post-1584","page","type-page","status-publish","hentry"],"_links":{"self":[{"href":"https:\/\/min-pan.krakow.pl\/instytut\/wp-json\/wp\/v2\/pages\/1584","targetHints":{"allow":["GET"]}}],"collection":[{"href":"https:\/\/min-pan.krakow.pl\/instytut\/wp-json\/wp\/v2\/pages"}],"about":[{"href":"https:\/\/min-pan.krakow.pl\/instytut\/wp-json\/wp\/v2\/types\/page"}],"author":[{"embeddable":true,"href":"https:\/\/min-pan.krakow.pl\/instytut\/wp-json\/wp\/v2\/users\/1"}],"replies":[{"embeddable":true,"href":"https:\/\/min-pan.krakow.pl\/instytut\/wp-json\/wp\/v2\/comments?post=1584"}],"version-history":[{"count":3,"href":"https:\/\/min-pan.krakow.pl\/instytut\/wp-json\/wp\/v2\/pages\/1584\/revisions"}],"predecessor-version":[{"id":1630,"href":"https:\/\/min-pan.krakow.pl\/instytut\/wp-json\/wp\/v2\/pages\/1584\/revisions\/1630"}],"up":[{"embeddable":true,"href":"https:\/\/min-pan.krakow.pl\/instytut\/wp-json\/wp\/v2\/pages\/1564"}],"wp:attachment":[{"href":"https:\/\/min-pan.krakow.pl\/instytut\/wp-json\/wp\/v2\/media?parent=1584"}],"curies":[{"name":"wp","href":"https:\/\/api.w.org\/{rel}","templated":true}]}}