{"id":1574,"date":"2021-01-27T10:50:18","date_gmt":"2021-01-27T09:50:18","guid":{"rendered":"https:\/\/min-pan.krakow.pl\/instytut\/?page_id=1574"},"modified":"2021-06-17T09:29:14","modified_gmt":"2021-06-17T07:29:14","slug":"zapytanie-nr-1-zapytanie-ofertowe-w-sprawie-realizacji-uslugi-dotyczacej-zorganizowania-trzech-webinariow-tematycznych-pt-gospodarka-o-obiegu-zamknietym-produkcja-metali","status":"publish","type":"page","link":"https:\/\/min-pan.krakow.pl\/instytut\/zamowienia-publiczne\/zapytania-ofertowe-2\/zapytanie-nr-1-zapytanie-ofertowe-w-sprawie-realizacji-uslugi-dotyczacej-zorganizowania-trzech-webinariow-tematycznych-pt-gospodarka-o-obiegu-zamknietym-produkcja-metali\/","title":{"rendered":"Zapytanie nr 1 &#8211; Zapytanie ofertowe w sprawie realizacji us\u0142ugi dotycz\u0105cej: zorganizowania\u00a0 trzech webinari\u00f3w tematycznych\u00a0 pt. Gospodarka o obiegu zamkni\u0119tym-produkcja metali."},"content":{"rendered":"<p><span style=\"text-decoration: underline\"><strong>Zapytanie nr 1<\/strong><\/span><\/p>\n<p class=\"downloadElemContainer2\"><a class=\"downloadElem docx\" href=\"http:\/\/igsmie.yoho.pl\/instytut\/wp-content\/uploads\/sites\/2\/2021\/01\/Zapytanie-ofertowe-w-sprawie-realizacji-us\u0142ugi-dotycz\u0105cej_przeprowadzenia-webinarium-produkcja-metali.docx\" target=\"_blank\" rel=\"noopener noreferrer\">\u00a0<\/a><cite>Zapytanie-ofertowe-w-sprawie-realizacji-us\u0142ugi-dotycz\u0105cej_przeprowadzenia-webinarium-produkcja-metali<\/cite><\/p>\n<p><strong>Wyb\u00f3r najkorzystniejszej oferty\u00a0<\/strong><\/p>\n<p class=\"downloadElemContainer2\"><a class=\"downloadElem pdf\" href=\"https:\/\/min-pan.krakow.pl\/instytut\/wp-content\/uploads\/sites\/2\/2021\/02\/Protok\u00f3\u0142-post\u0119powania-dotycz\u0105cy-zapytania-ofertowego-zorganizowania-trzech-webinari\u00f3w-tematycznych-pt.Gospodarka.pdf\" target=\"_blank\" rel=\"noopener noreferrer\">\u00a0<\/a><cite>Protok\u00f3\u0142 post\u0119powania dotycz\u0105cy zapytania ofertowego zorganizowania trzech webinari\u00f3w tematycznych pt. Gospodarka o obiegu zamkni\u0119tym &#8211; produkcja metali.<\/cite><\/p>\n<p><\/p>","protected":false},"excerpt":{"rendered":"<p>Zapytanie nr 1 \u00a0Zapytanie-ofertowe-w-sprawie-realizacji-us\u0142ugi-dotycz\u0105cej_przeprowadzenia-webinarium-produkcja-metali Wyb\u00f3r najkorzystniejszej oferty\u00a0 \u00a0Protok\u00f3\u0142 post\u0119powania dotycz\u0105cy zapytania ofertowego zorganizowania trzech webinari\u00f3w tematycznych pt. Gospodarka o obiegu zamkni\u0119tym &#8211; produkcja metali.<\/p>\n","protected":false},"author":1,"featured_media":0,"parent":1564,"menu_order":119,"comment_status":"closed","ping_status":"closed","template":"templates\/template-document.php","meta":{"footnotes":""},"class_list":["post-1574","page","type-page","status-publish","hentry"],"_links":{"self":[{"href":"https:\/\/min-pan.krakow.pl\/instytut\/wp-json\/wp\/v2\/pages\/1574","targetHints":{"allow":["GET"]}}],"collection":[{"href":"https:\/\/min-pan.krakow.pl\/instytut\/wp-json\/wp\/v2\/pages"}],"about":[{"href":"https:\/\/min-pan.krakow.pl\/instytut\/wp-json\/wp\/v2\/types\/page"}],"author":[{"embeddable":true,"href":"https:\/\/min-pan.krakow.pl\/instytut\/wp-json\/wp\/v2\/users\/1"}],"replies":[{"embeddable":true,"href":"https:\/\/min-pan.krakow.pl\/instytut\/wp-json\/wp\/v2\/comments?post=1574"}],"version-history":[{"count":2,"href":"https:\/\/min-pan.krakow.pl\/instytut\/wp-json\/wp\/v2\/pages\/1574\/revisions"}],"predecessor-version":[{"id":1634,"href":"https:\/\/min-pan.krakow.pl\/instytut\/wp-json\/wp\/v2\/pages\/1574\/revisions\/1634"}],"up":[{"embeddable":true,"href":"https:\/\/min-pan.krakow.pl\/instytut\/wp-json\/wp\/v2\/pages\/1564"}],"wp:attachment":[{"href":"https:\/\/min-pan.krakow.pl\/instytut\/wp-json\/wp\/v2\/media?parent=1574"}],"curies":[{"name":"wp","href":"https:\/\/api.w.org\/{rel}","templated":true}]}}