{"id":1570,"date":"2021-01-27T10:48:43","date_gmt":"2021-01-27T09:48:43","guid":{"rendered":"https:\/\/min-pan.krakow.pl\/instytut\/?page_id=1570"},"modified":"2021-01-27T10:48:43","modified_gmt":"2021-01-27T09:48:43","slug":"postepowanie-o-udzielenie-zamowienia-prowadzonego-w-trybie-przetargu-nieograniczonego-pn-rozbudowa-i-przebudowa-istniejacego-budynku-biurowego-o-budynek-laboratoryjno-biurowy-nowe-skrzydlo-z-garaze","status":"publish","type":"page","link":"https:\/\/min-pan.krakow.pl\/instytut\/zamowienia-publiczne\/zamowienia-pzp-3\/postepowanie-o-udzielenie-zamowienia-prowadzonego-w-trybie-przetargu-nieograniczonego-pn-rozbudowa-i-przebudowa-istniejacego-budynku-biurowego-o-budynek-laboratoryjno-biurowy-nowe-skrzydlo-z-garaze\/","title":{"rendered":"Post\u0119powanie o udzielenie zam\u00f3wienia prowadzonego w trybie przetargu nieograniczonego pn. Rozbudowa i przebudowa istniej\u0105cego budynku biurowego o budynek laboratoryjno-biurowy (nowe skrzyd\u0142o) z gara\u017cem podziemnym, naziemnymi miejscami postojowymi, wewn\u0119trznym uk\u0142adem komunikacyjnym i infrastruktur\u0105 techniczn\u0105 oraz przebudow\u0105 wjazdu, na dzia\u0142kach nr 359\/5 i 359\/4 (cz\u0119\u015b\u0107) obr. 44 Krowodrza, ul. Wybickiego 7A, Krak\u00f3w_znak: AF-272-1\/2020"},"content":{"rendered":"<p><strong><span style=\"color: #000080;\">Post\u0119powanie o udzielenie zam\u00f3wienia prowadzonego w trybie przetargu nieograniczonego pn. Rozbudowa i przebudowa istniej\u0105cego budynku biurowego o budynek laboratoryjno-biurowy (nowe skrzyd\u0142o) z gara\u017cem podziemnym, naziemnymi miejscami postojowymi, wewn\u0119trznym uk\u0142adem komunikacyjnym i infrastruktur\u0105 techniczn\u0105 oraz przebudow\u0105 wjazdu, na dzia\u0142kach nr 359\/5 i 359\/4 (cz\u0119\u015b\u0107) obr. 44 Krowodrza, ul. Wybickiego 7A, Krak\u00f3w_znak: AF-272-1\/2020<\/span><\/strong><\/p>\n<p class=\"downloadElemContainer2\"><a class=\"downloadElem pdf\" href=\"https:\/\/min-pan.krakow.pl\/instytut\/wp-content\/uploads\/sites\/2\/2020\/09\/Og\u0142oszenie-nr-510168697-N-2020-z-dnia-07-09-2020-r..pdf\" target=\"_blank\" rel=\"noopener noreferrer\">\u00a0<\/a><cite>Og\u0142oszenie nr 510168697-N-2020 z dnia 07-09-2020 r.<\/cite><\/p>\n<p class=\"downloadElemContainer2\"><a class=\"downloadElem pdf\" href=\"https:\/\/min-pan.krakow.pl\/instytut\/wp-content\/uploads\/sites\/2\/2020\/05\/Og\u0142oszenie-nr-540783-N-2020-z-dnia-2020-05-18-r..pdf\" target=\"_blank\" rel=\"noopener noreferrer\">\u00a0<\/a><cite>Og\u0142oszenie nr 540783-N-2020 z dnia 2020-05-18 r.<\/cite><\/p>\n<p class=\"downloadElemContainer2\"><a class=\"downloadElem pdf\" href=\"https:\/\/min-pan.krakow.pl\/instytut\/wp-content\/uploads\/sites\/2\/2020\/05\/SIWZ_PAN.pdf\" target=\"_blank\" rel=\"noopener noreferrer\">\u00a0<\/a><cite>SIWZ<\/cite><\/p>\n<p class=\"downloadElemContainer2\"><a class=\"downloadElem pdf\" href=\"https:\/\/min-pan.krakow.pl\/instytut\/wp-content\/uploads\/sites\/2\/2020\/05\/Za\u0142\u0105cznik-nr-1-do-SIWZ_Projekt-umowy.pdf\" target=\"_blank\" rel=\"noopener noreferrer\">\u00a0<\/a><cite>Za\u0142\u0105cznik nr 1 do SIWZ_Projekt umowy<\/cite><\/p>\n<p class=\"downloadElemContainer2\"><a class=\"downloadElem docx\" href=\"https:\/\/min-pan.krakow.pl\/instytut\/wp-content\/uploads\/sites\/2\/2020\/05\/Za\u0142\u0105cznik-nr-2-do-SIWZ_Formularz-oferty.docx\" target=\"_blank\" rel=\"noopener noreferrer\">\u00a0<\/a><cite>Za\u0142\u0105cznik nr 2 do SIWZ_Formularz oferty<\/cite><\/p>\n<p class=\"downloadElemContainer2\"><a class=\"downloadElem docx\" href=\"https:\/\/min-pan.krakow.pl\/instytut\/wp-content\/uploads\/sites\/2\/2020\/05\/Za\u0142\u0105cznik-nr-3-do-SIWZ_O\u015bwiadczenie-Wykonawcy.docx\" target=\"_blank\" rel=\"noopener noreferrer\">\u00a0<\/a><cite>Za\u0142\u0105cznik nr 3 do SIWZ_O\u015bwiadczenie Wykonawcy<\/cite><\/p>\n<p class=\"downloadElemContainer2\"><a class=\"downloadElem docx\" href=\"https:\/\/min-pan.krakow.pl\/instytut\/wp-content\/uploads\/sites\/2\/2020\/05\/Za\u0142\u0105cznik-nr-4-do-SIWZ_Wykaz-us\u0142ug.docx\" target=\"_blank\" rel=\"noopener noreferrer\">\u00a0<\/a><cite>Za\u0142\u0105cznik nr 4 do SIWZ_Wykaz us\u0142ug<\/cite><\/p>\n<p class=\"downloadElemContainer2\"><a class=\"downloadElem docx\" href=\"https:\/\/min-pan.krakow.pl\/instytut\/wp-content\/uploads\/sites\/2\/2020\/05\/Za\u0142\u0105cznik-nr-5-do-SIWZ_Wykaz-os\u00f3b.docx\" target=\"_blank\" rel=\"noopener noreferrer\">\u00a0<\/a><cite>Za\u0142\u0105cznik nr 5 do SIWZ_Wykaz os\u00f3b<\/cite><\/p>\n<p class=\"downloadElemContainer2\"><a class=\"downloadElem docx\" href=\"https:\/\/min-pan.krakow.pl\/instytut\/wp-content\/uploads\/sites\/2\/2020\/05\/Za\u0142\u0105cznik-nr-6-do-SIWZ_Wykaz-rob\u00f3t.docx\" target=\"_blank\" rel=\"noopener noreferrer\">\u00a0<\/a><cite>Za\u0142\u0105cznik nr 6 do SIWZ_Wykaz rob\u00f3t<\/cite><\/p>\n<p class=\"downloadElemContainer2\"><a class=\"downloadElem docx\" href=\"https:\/\/min-pan.krakow.pl\/instytut\/wp-content\/uploads\/sites\/2\/2020\/05\/Za\u0142\u0105cznik-nr-7-do-SIWZ_O\u015bwiadczenie-Wykonawcy-dot.-uiszczania-podatk\u00f3w-op\u0142at-lub-sk\u0142adek-na-uzebpieczenia-spo\u0142eczne-lub-zdrowotne.docx\" target=\"_blank\" rel=\"noopener noreferrer\">\u00a0<\/a><cite>Za\u0142\u0105cznik nr 7 do SIWZ_O\u015bwiadczenie Wykonawcy dot. uiszczania podatk\u00f3w, op\u0142at lub sk\u0142adek na ubezpieczenia spo\u0142eczne lub zdrowotne<\/cite><\/p>\n<p class=\"downloadElemContainer2\"><a class=\"downloadElem docx\" href=\"https:\/\/min-pan.krakow.pl\/instytut\/wp-content\/uploads\/sites\/2\/2020\/05\/Za\u0142\u0105cznik-nr-8-do-SIWZ_O\u015bwiadczenie-Wykonawcy-dot.-orzeczenia-tytu\u0142em-\u015brodka-zapobiegawczego-zakazu-ubiegania-si\u0119-o-zam\u00f3wienie-publiczne.docx\" target=\"_blank\" rel=\"noopener noreferrer\">\u00a0<\/a><cite>Za\u0142\u0105cznik nr 8 do SIWZ_O\u015bwiadczenie Wykonawcy dot. orzeczenia tytu\u0142em \u015brodka zapobiegawczego zakazu ubiegania si\u0119 o zam\u00f3wienie publiczne<\/cite><\/p>\n<p class=\"downloadElemContainer2\"><a class=\"downloadElem docx\" href=\"https:\/\/min-pan.krakow.pl\/instytut\/wp-content\/uploads\/sites\/2\/2020\/05\/Za\u0142\u0105cznik-nr-9-do-SIWZ_O\u015bwiadczenie-Wykonawcy-o-przynale\u017cno\u015bci-lub-braku-przynale\u017cno\u015bci-do-tej-samej-grupy-kapita\u0142owej.docx\" target=\"_blank\" rel=\"noopener noreferrer\">\u00a0<\/a><cite>Za\u0142\u0105cznik nr 9 do SIWZ_O\u015bwiadczenie Wykonawcy o przynale\u017cno\u015bci lub braku przynale\u017cno\u015bci do tej samej grupy kapita\u0142owej<\/cite><\/p>\n<p class=\"downloadElemContainer2\"><a class=\"downloadElem docx\" href=\"https:\/\/min-pan.krakow.pl\/instytut\/wp-content\/uploads\/sites\/2\/2020\/05\/Za\u0142\u0105cznik-nr-10-do-SIWZ_Zobowi\u0105zanie-podmiotu-trzeciego.docx\" target=\"_blank\" rel=\"noopener noreferrer\">\u00a0<\/a><cite>Za\u0142\u0105cznik nr 10 do SIWZ_Zobowi\u0105zanie podmiotu trzeciego<\/cite><\/p>\n<p class=\"downloadElemContainer2\"><a class=\"downloadElem pdf\" href=\"https:\/\/min-pan.krakow.pl\/instytut\/wp-content\/uploads\/sites\/2\/2020\/05\/Za\u0142\u0105cznik-nr-1-do-projektu-umowy_Program-Funkcjonalno-U\u017cytkowy.pdf\" target=\"_blank\" rel=\"noopener noreferrer\">\u00a0<\/a><cite>Za\u0142\u0105cznik nr 1 do projektu umowy_Program Funkcjonalno-U\u017cytkowy<\/cite><\/p>\n<p>&nbsp;<\/p>\n<p><span style=\"color: #000080;\"><strong>Odpowiedzi na pytania do przetargu nieograniczonego_znak: AF-272-1\/2020<\/strong><\/span><\/p>\n<p class=\"downloadElemContainer2\"><a class=\"downloadElem pdf\" href=\"https:\/\/min-pan.krakow.pl\/instytut\/wp-content\/uploads\/sites\/2\/2020\/05\/1.-Odpowied\u017a-na-zapytanie-z-dnia-20.05.2020-r..pdf\" target=\"_blank\" rel=\"noopener noreferrer\">\u00a0<\/a><cite>1. Odpowied\u017a na zapytanie z dnia 20.05.2020 r.<\/cite><\/p>\n<p class=\"downloadElemContainer2\"><a class=\"downloadElem pdf\" href=\"https:\/\/min-pan.krakow.pl\/instytut\/wp-content\/uploads\/sites\/2\/2020\/06\/2.-Odpowied\u017a-na-zapytanie-z-dnia-29.05.2020-01.06.2020-03.06.2020.pdf\" target=\"_blank\" rel=\"noopener noreferrer\">\u00a0<\/a><cite>2. Odpowied\u017a na zapytanie z dnia 29.05.2020 01.06.2020 03.06.2020<\/cite><\/p>\n<p class=\"downloadElemContainer2\"><a class=\"downloadElem pdf\" href=\"https:\/\/min-pan.krakow.pl\/instytut\/wp-content\/uploads\/sites\/2\/2020\/06\/Og\u0142oszenie-nr-540098748-N-2020-z-dnia-05-06-2020-r..pdf\" target=\"_blank\" rel=\"noopener noreferrer\">\u00a0<\/a><cite>Og\u0142oszenie nr 540098748-N-2020 z dnia 05-06-2020 r.<\/cite><\/p>\n<p class=\"downloadElemContainer2\"><a class=\"downloadElem pdf\" href=\"https:\/\/min-pan.krakow.pl\/instytut\/wp-content\/uploads\/sites\/2\/2020\/06\/Centrum_Rzut-dachu.pdf\" target=\"_blank\" rel=\"noopener noreferrer\">\u00a0<\/a><cite>Centrum_Rzut dachu<\/cite><\/p>\n<p class=\"downloadElemContainer2\"><a class=\"downloadElem pdf\" href=\"https:\/\/min-pan.krakow.pl\/instytut\/wp-content\/uploads\/sites\/2\/2020\/06\/Centrum_Rzut-gara\u017cu.pdf\" target=\"_blank\" rel=\"noopener noreferrer\">\u00a0<\/a><cite>Centrum_Rzut gara\u017cu<\/cite><\/p>\n<p class=\"downloadElemContainer2\"><a class=\"downloadElem pdf\" href=\"https:\/\/min-pan.krakow.pl\/instytut\/wp-content\/uploads\/sites\/2\/2020\/06\/Centrum_Rzut-parteru.pdf\" target=\"_blank\" rel=\"noopener noreferrer\">\u00a0<\/a><cite>Centrum_Rzut parteru<\/cite><\/p>\n<p class=\"downloadElemContainer2\"><a class=\"downloadElem pdf\" href=\"https:\/\/min-pan.krakow.pl\/instytut\/wp-content\/uploads\/sites\/2\/2020\/06\/Centrum_Rzut-pi\u0119tra-1..pdf\" target=\"_blank\" rel=\"noopener noreferrer\">\u00a0<\/a><cite>Centrum_Rzut pi\u0119tra 1.<\/cite><\/p>\n<p class=\"downloadElemContainer2\"><a class=\"downloadElem pdf\" href=\"https:\/\/min-pan.krakow.pl\/instytut\/wp-content\/uploads\/sites\/2\/2020\/06\/Centrum_Rzut-pi\u0119tra-2..pdf\" target=\"_blank\" rel=\"noopener noreferrer\">\u00a0<\/a><cite>Centrum_Rzut pi\u0119tra 2.<\/cite><\/p>\n<p class=\"downloadElemContainer2\"><a class=\"downloadElem pdf\" href=\"https:\/\/min-pan.krakow.pl\/instytut\/wp-content\/uploads\/sites\/2\/2020\/06\/Centrum_Rzut-pi\u0119tra-3..pdf\" target=\"_blank\" rel=\"noopener noreferrer\">\u00a0<\/a><cite>Centrum_Rzut pi\u0119tra 3.<\/cite><\/p>\n<p class=\"downloadElemContainer2\"><a class=\"downloadElem pdf\" href=\"https:\/\/min-pan.krakow.pl\/instytut\/wp-content\/uploads\/sites\/2\/2020\/06\/Centrum_Rzut-pi\u0119tra-4..pdf\" target=\"_blank\" rel=\"noopener noreferrer\">\u00a0<\/a><cite>Centrum_Rzut pi\u0119tra 4.<\/cite><\/p>\n<p class=\"downloadElemContainer2\"><a class=\"downloadElem pdf\" href=\"https:\/\/min-pan.krakow.pl\/instytut\/wp-content\/uploads\/sites\/2\/2020\/06\/Centrum_Rzut-pi\u0119tra-5..pdf\" target=\"_blank\" rel=\"noopener noreferrer\">\u00a0<\/a><cite>Centrum_Rzut pi\u0119tra 5.<\/cite><\/p>\n<p class=\"downloadElemContainer2\"><a class=\"downloadElem pdf\" href=\"https:\/\/min-pan.krakow.pl\/instytut\/wp-content\/uploads\/sites\/2\/2020\/06\/Centrum_Przekroje-A-A-i-C-C.pdf\" target=\"_blank\" rel=\"noopener noreferrer\">\u00a0<\/a><cite>Centrum_Przekroje A-A i C-C<\/cite><\/p>\n<p class=\"downloadElemContainer2\"><a class=\"downloadElem pdf\" href=\"https:\/\/min-pan.krakow.pl\/instytut\/wp-content\/uploads\/sites\/2\/2020\/06\/Centrum_Zagospodarowanie-terenu.pdf\" target=\"_blank\" rel=\"noopener noreferrer\">\u00a0<\/a><cite>Centrum_Zagospodarowanie terenu<\/cite><\/p>\n<p class=\"downloadElemContainer2\"><a class=\"downloadElem pdf\" href=\"https:\/\/min-pan.krakow.pl\/instytut\/wp-content\/uploads\/sites\/2\/2020\/06\/3.-Odpowied\u017a-na-zapytanie-z-dnia-04.06.2020-sig.pdf\" target=\"_blank\" rel=\"noopener noreferrer\">\u00a0<\/a><cite>3. Odpowied\u017a na zapytanie z dnia 04.06.2020-sig<\/cite><\/p>\n<p class=\"downloadElemContainer2\"><a class=\"downloadElem pdf\" href=\"https:\/\/min-pan.krakow.pl\/instytut\/wp-content\/uploads\/sites\/2\/2020\/06\/Og\u0142oszenie-nr-540106638-N-2020-z-dnia-18-06-2020-r..pdf\" target=\"_blank\" rel=\"noopener noreferrer\">\u00a0<\/a><cite>Og\u0142oszenie nr 540106638-N-2020 z dnia 18-06-2020 r.<\/cite><\/p>\n<p class=\"downloadElemContainer2\"><a class=\"downloadElem pdf\" href=\"https:\/\/min-pan.krakow.pl\/instytut\/wp-content\/uploads\/sites\/2\/2020\/06\/Zmiana-SIWZ-18.06.2020-r.-sig.pdf\" target=\"_blank\" rel=\"noopener noreferrer\">\u00a0<\/a><cite>Zmiana SIWZ &#8211; 18.06.2020 r.-sig<\/cite><\/p>\n<p class=\"downloadElemContainer2\"><a class=\"downloadElem pdf\" href=\"https:\/\/min-pan.krakow.pl\/instytut\/wp-content\/uploads\/sites\/2\/2020\/06\/4.-Odpowied\u017a-na-zapytanie-z-dnia-27.05.2020-r.-sig.pdf\" target=\"_blank\" rel=\"noopener noreferrer\">\u00a0<\/a><cite>4. Odpowied\u017a na zapytanie z dnia 27.05.2020 r.-sig<\/cite><\/p>\n<p class=\"downloadElemContainer2\"><a class=\"downloadElem pdf\" href=\"https:\/\/min-pan.krakow.pl\/instytut\/wp-content\/uploads\/sites\/2\/2020\/06\/5.-Odpowiedzi-na-zapytania-z-dnia-02.06.2020-08.02.2020-09.06.2020-16.06.2020-sig.pdf\" target=\"_blank\" rel=\"noopener noreferrer\">\u00a0<\/a><cite>5. Odpowiedzi na zapytania z dnia 02.06.2020, 08.02.2020, 09.06.2020, 16.06.2020-sig<\/cite><\/p>\n<p class=\"downloadElemContainer2\"><a class=\"downloadElem pdf\" href=\"https:\/\/min-pan.krakow.pl\/instytut\/wp-content\/uploads\/sites\/2\/2020\/06\/Opinia-geotechniczna-2020.pdf\" target=\"_blank\" rel=\"noopener noreferrer\">\u00a0<\/a><cite>Opinia geotechniczna 2020<\/cite><\/p>\n<p class=\"downloadElemContainer2\"><a class=\"downloadElem pdf\" href=\"https:\/\/min-pan.krakow.pl\/instytut\/wp-content\/uploads\/sites\/2\/2020\/06\/6.-Odpowiedzi-na-zapytania-z-dnia-09.06.2020-16.06.2020-24.06.2020-oraz-zmiana-SIWZ-1-sig.pdf\" target=\"_blank\" rel=\"noopener noreferrer\">\u00a0<\/a><cite>6. Odpowiedzi na zapytania z dnia 09.06.2020, 16.06.2020, 24.06.2020 oraz zmiana SIWZ-1-sig<\/cite><\/p>\n<p class=\"downloadElemContainer2\"><a class=\"downloadElem pdf\" href=\"https:\/\/min-pan.krakow.pl\/instytut\/wp-content\/uploads\/sites\/2\/2020\/06\/Og\u0142oszenie-nr-540113447-N-2020-z-dnia-26-06-2020-r.pdf\" target=\"_blank\" rel=\"noopener noreferrer\">\u00a0<\/a><cite>Og\u0142oszenie nr 540113447-N-2020 z dnia 26-06-2020 r<\/cite><\/p>\n<p class=\"downloadElemContainer2\"><a class=\"downloadElem jpg\" href=\"https:\/\/min-pan.krakow.pl\/instytut\/wp-content\/uploads\/sites\/2\/2020\/06\/01_Zdj\u0119cie-mapa-terenu.jpg\" target=\"_blank\" rel=\"noopener noreferrer\">\u00a0<\/a><cite>01_Zdj\u0119cie-mapa terenu<\/cite><\/p>\n<p class=\"downloadElemContainer2\"><a class=\"downloadElem jpg\" href=\"https:\/\/min-pan.krakow.pl\/instytut\/wp-content\/uploads\/sites\/2\/2020\/06\/02_Zdj\u0119cie-mapa-uzbrojenia.jpg\" target=\"_blank\" rel=\"noopener noreferrer\">\u00a0<\/a><cite>02_Zdj\u0119cie -mapa uzbrojenia<\/cite><\/p>\n<p class=\"downloadElemContainer2\"><a class=\"downloadElem jpg\" href=\"https:\/\/min-pan.krakow.pl\/instytut\/wp-content\/uploads\/sites\/2\/2020\/06\/03_Zdj\u0119cie-mapa-piwnic.jpg\" target=\"_blank\" rel=\"noopener noreferrer\">\u00a0<\/a><cite>03_Zdj\u0119cie-mapa piwnic<\/cite><\/p>\n<p class=\"downloadElemContainer2\"><a class=\"downloadElem pdf\" href=\"https:\/\/min-pan.krakow.pl\/instytut\/wp-content\/uploads\/sites\/2\/2020\/06\/04_Mapa-sytuacyjno-wysokosciowa.pdf\" target=\"_blank\" rel=\"noopener noreferrer\">\u00a0<\/a><cite>04_Mapa sytuacyjno-wysokosciowa<\/cite><\/p>\n<p class=\"downloadElemContainer2\"><a class=\"downloadElem pdf\" href=\"https:\/\/min-pan.krakow.pl\/instytut\/wp-content\/uploads\/sites\/2\/2020\/06\/05_Wyci\u0105g-z-dokumentacji-starego-budynku-Wybickiego-7A.pdf\" target=\"_blank\" rel=\"noopener noreferrer\">\u00a0<\/a><cite>05_Wyci\u0105g z dokumentacji starego budynku Wybickiego 7A<\/cite><\/p>\n<p class=\"downloadElemContainer2\"><a class=\"downloadElem pdf\" href=\"https:\/\/min-pan.krakow.pl\/instytut\/wp-content\/uploads\/sites\/2\/2020\/07\/7.-Odpowiedzi-na-zapytania-z-dnia-29.06.2020-01.07.2020-r.-sig.pdf\" target=\"_blank\" rel=\"noopener noreferrer\">\u00a0<\/a><cite>7. Odpowiedzi na zapytania z dnia 29.06.2020, 01.07.2020 r.-sig<\/cite><\/p>\n<p class=\"downloadElemContainer2\"><a class=\"downloadElem pdf\" href=\"https:\/\/min-pan.krakow.pl\/instytut\/wp-content\/uploads\/sites\/2\/2020\/07\/8.-Odpowied\u017a-na-zapytanie-z-dnia-01.07.2020-sig.pdf\" target=\"_blank\" rel=\"noopener noreferrer\">\u00a0<\/a><cite>8. Odpowied\u017a na zapytanie z dnia 01.07.2020-sig<\/cite><\/p>\n<p class=\"downloadElemContainer2\"><a class=\"downloadElem pdf\" href=\"https:\/\/min-pan.krakow.pl\/instytut\/wp-content\/uploads\/sites\/2\/2020\/07\/9.-Odpowied\u017a-na-zapytanie-z-dnia-02.06.2020-r-sig.pdf\" target=\"_blank\" rel=\"noopener noreferrer\">\u00a0<\/a><cite>9. Odpowied\u017a na zapytanie z dnia 02.06.2020 r-sig<\/cite><\/p>\n<p>&nbsp;<\/p>\n<p><span style=\"color: #000080;\"><strong>Wyb\u00f3r najkorzystniejszej oferty _znak: AF-272-1\/2020<\/strong><\/span><\/p>\n<p class=\"downloadElemContainer2\"><a class=\"downloadElem pdf\" href=\"https:\/\/min-pan.krakow.pl\/instytut\/wp-content\/uploads\/sites\/2\/2020\/07\/Informacja-z-otwarcia-ofert-07.07.2020-g.11.30-sig.pdf\" target=\"_blank\" rel=\"noopener noreferrer\">\u00a0<\/a><cite>Informacja z otwarcia ofert 07.07.2020 g.11.30-sig<\/cite><\/p>\n<p class=\"downloadElemContainer2\"><a class=\"downloadElem pdf\" href=\"https:\/\/min-pan.krakow.pl\/instytut\/wp-content\/uploads\/sites\/2\/2020\/08\/Informacja-o-wyborze-najkorzystniejszej-oferty-z-04.08.2020-sig.pdf\" target=\"_blank\" rel=\"noopener noreferrer\">\u00a0<\/a><cite>Informacja o wyborze najkorzystniejszej oferty z 04.08.2020-sig<\/cite><\/p>\n<p><\/p>","protected":false},"excerpt":{"rendered":"<p>Post\u0119powanie o udzielenie zam\u00f3wienia prowadzonego w trybie przetargu nieograniczonego pn. Rozbudowa i przebudowa istniej\u0105cego budynku biurowego o budynek laboratoryjno-biurowy (nowe skrzyd\u0142o) z gara\u017cem podziemnym, naziemnymi miejscami postojowymi, wewn\u0119trznym uk\u0142adem komunikacyjnym i infrastruktur\u0105 techniczn\u0105 oraz przebudow\u0105 wjazdu, na dzia\u0142kach nr 359\/5 i 359\/4 (cz\u0119\u015b\u0107) obr. 44 Krowodrza, ul. Wybickiego 7A, Krak\u00f3w_znak: AF-272-1\/2020 \u00a0Og\u0142oszenie nr 510168697-N-2020 z [&hellip;]<\/p>\n","protected":false},"author":1,"featured_media":0,"parent":1562,"menu_order":23,"comment_status":"closed","ping_status":"closed","template":"templates\/template-document.php","meta":{"footnotes":""},"class_list":["post-1570","page","type-page","status-publish","hentry"],"_links":{"self":[{"href":"https:\/\/min-pan.krakow.pl\/instytut\/wp-json\/wp\/v2\/pages\/1570","targetHints":{"allow":["GET"]}}],"collection":[{"href":"https:\/\/min-pan.krakow.pl\/instytut\/wp-json\/wp\/v2\/pages"}],"about":[{"href":"https:\/\/min-pan.krakow.pl\/instytut\/wp-json\/wp\/v2\/types\/page"}],"author":[{"embeddable":true,"href":"https:\/\/min-pan.krakow.pl\/instytut\/wp-json\/wp\/v2\/users\/1"}],"replies":[{"embeddable":true,"href":"https:\/\/min-pan.krakow.pl\/instytut\/wp-json\/wp\/v2\/comments?post=1570"}],"version-history":[{"count":1,"href":"https:\/\/min-pan.krakow.pl\/instytut\/wp-json\/wp\/v2\/pages\/1570\/revisions"}],"predecessor-version":[{"id":1571,"href":"https:\/\/min-pan.krakow.pl\/instytut\/wp-json\/wp\/v2\/pages\/1570\/revisions\/1571"}],"up":[{"embeddable":true,"href":"https:\/\/min-pan.krakow.pl\/instytut\/wp-json\/wp\/v2\/pages\/1562"}],"wp:attachment":[{"href":"https:\/\/min-pan.krakow.pl\/instytut\/wp-json\/wp\/v2\/media?parent=1570"}],"curies":[{"name":"wp","href":"https:\/\/api.w.org\/{rel}","templated":true}]}}