{"id":1568,"date":"2021-01-27T10:48:05","date_gmt":"2021-01-27T09:48:05","guid":{"rendered":"https:\/\/min-pan.krakow.pl\/instytut\/?page_id=1568"},"modified":"2021-04-12T13:25:03","modified_gmt":"2021-04-12T11:25:03","slug":"pelnienie-funkcji-inspektora-nadzoru-budowlanego-przy-realizacji-inwestycji-pn-rozbudowa-i-przebudowa-istniejacego-budynku-biurowego-o-budynek-laboratoryjno-biurowy-nowe-skrzydlo-z-garazem","status":"publish","type":"page","link":"https:\/\/min-pan.krakow.pl\/instytut\/zamowienia-publiczne\/zamowienia-pzp-3\/pelnienie-funkcji-inspektora-nadzoru-budowlanego-przy-realizacji-inwestycji-pn-rozbudowa-i-przebudowa-istniejacego-budynku-biurowego-o-budynek-laboratoryjno-biurowy-nowe-skrzydlo-z-garazem\/","title":{"rendered":"Pe\u0142nienie funkcji inspektora nadzoru budowlanego przy realizacji inwestycji pn. \u201eRozbudowa i przebudowa istniej\u0105cego budynku biurowego o budynek laboratoryjno-biurowy (nowe skrzyd\u0142o) z gara\u017cem podziemnym, naziemnymi miejscami postojowymi, wewn\u0119trznym uk\u0142adem komunikacyjnym i infrastruktur\u0105 techniczn\u0105 oraz przebudow\u0105 wjazdu, na dzia\u0142kach nr 359\/5 i 359\/4 (cz\u0119\u015b\u0107) obr. 44 Krowodrza, ul. Wybickiego 7A, Krak\u00f3w\u201d; znak sprawy: AF-272-2_2020-sig."},"content":{"rendered":"<p><strong><span style=\"color: #000080\">Pe\u0142nienie funkcji inspektora nadzoru budowlanego przy realizacji inwestycji pn. \u201eRozbudowa i przebudowa istniej\u0105cego budynku biurowego o budynek laboratoryjno-biurowy (nowe skrzyd\u0142o) z gara\u017cem podziemnym, naziemnymi miejscami postojowymi, wewn\u0119trznym uk\u0142adem komunikacyjnym i infrastruktur\u0105 techniczn\u0105 oraz przebudow\u0105 wjazdu, na dzia\u0142kach nr 359\/5 i 359\/4 (cz\u0119\u015b\u0107) obr. 44 Krowodrza, ul. Wybickiego 7A, Krak\u00f3w\u201d; znak sprawy: AF-272-2_2020-sig.<\/span><\/strong><\/p>\n<p class=\"downloadElemContainer2\"><a class=\"downloadElem pdf\" href=\"https:\/\/min-pan.krakow.pl\/instytut\/wp-content\/uploads\/sites\/2\/2020\/12\/Og\u0142oszenie-o-zam\u00f3wieniu-nr-774741-N-2020-z-dnia-30.12.2020-r..pdf\" target=\"_blank\" rel=\"noopener noreferrer\">\u00a0<\/a><cite>Og\u0142oszenie o zam\u00f3wieniu nr 774741-N-2020 z dnia 30.12.2020 r.<\/cite><\/p>\n<p class=\"downloadElemContainer2\"><a class=\"downloadElem pdf\" href=\"https:\/\/min-pan.krakow.pl\/instytut\/wp-content\/uploads\/sites\/2\/2020\/12\/SIWZ-znak-sprawy-AF-272-2_2020-sig.pdf\" target=\"_blank\" rel=\"noopener noreferrer\">\u00a0<\/a><cite>SIWZ-znak sprawy AF-272-2_2020-sig<\/cite><\/p>\n<p class=\"downloadElemContainer2\"><a class=\"downloadElem docx\" href=\"https:\/\/min-pan.krakow.pl\/instytut\/wp-content\/uploads\/sites\/2\/2020\/12\/Za\u0142\u0105cznik-nr-1-do-SIWZ_znak-sprawy-AF-272-2_2020.docx\" target=\"_blank\" rel=\"noopener noreferrer\">\u00a0<\/a><cite>Za\u0142\u0105cznik nr 1 do SIWZ_znak sprawy AF-272-2_2020<\/cite><\/p>\n<p class=\"downloadElemContainer2\"><a class=\"downloadElem docx\" href=\"https:\/\/min-pan.krakow.pl\/instytut\/wp-content\/uploads\/sites\/2\/2020\/12\/Za\u0142\u0105cznik-nr-2-do-SIWZ_znak-sprawy-AF-272-2_2020.docx\" target=\"_blank\" rel=\"noopener noreferrer\">\u00a0<\/a><cite>Za\u0142\u0105cznik nr 2 do SIWZ_znak sprawy AF-272-2_2020<\/cite><\/p>\n<p class=\"downloadElemContainer2\"><a class=\"downloadElem docx\" href=\"https:\/\/min-pan.krakow.pl\/instytut\/wp-content\/uploads\/sites\/2\/2020\/12\/Za\u0142\u0105cznik-nr-3-do-SIWZ_znak-sprawy-AF-272-2_2020.docx\" target=\"_blank\" rel=\"noopener noreferrer\">\u00a0<\/a><cite>Za\u0142\u0105cznik nr 3 do SIWZ_znak sprawy AF-272-2_2020<\/cite><\/p>\n<p class=\"downloadElemContainer2\"><a class=\"downloadElem docx\" href=\"https:\/\/min-pan.krakow.pl\/instytut\/wp-content\/uploads\/sites\/2\/2020\/12\/Za\u0142\u0105cznik-nr-4-do-SIWZ_znak-sprawy-AF-272-2_2020.docx\" target=\"_blank\" rel=\"noopener noreferrer\">\u00a0<\/a><cite>Za\u0142\u0105cznik nr 4 do SIWZ_znak sprawy AF-272-2_2020<\/cite><\/p>\n<p class=\"downloadElemContainer2\"><a class=\"downloadElem doc\" href=\"https:\/\/min-pan.krakow.pl\/instytut\/wp-content\/uploads\/sites\/2\/2020\/12\/Za\u0142\u0105cznik-nr-5-do-SIWZ_znak-sprawy-AF-272-2_2020.doc\" target=\"_blank\" rel=\"noopener noreferrer\">\u00a0<\/a><cite>Za\u0142\u0105cznik nr 5 do SIWZ_znak sprawy AF-272-2_2020<\/cite><\/p>\n<p class=\"downloadElemContainer2\"><a class=\"downloadElem docx\" href=\"https:\/\/min-pan.krakow.pl\/instytut\/wp-content\/uploads\/sites\/2\/2020\/12\/Za\u0142\u0105cznik-nr-6-do-SIWZ_znak-sprawy-AF-272-2_2020.docx\" target=\"_blank\" rel=\"noopener noreferrer\">\u00a0<\/a><cite>Za\u0142\u0105cznik nr 6 do SIWZ_znak sprawy AF-272-2_2020<\/cite><\/p>\n<p class=\"downloadElemContainer2\"><a class=\"downloadElem docx\" href=\"https:\/\/min-pan.krakow.pl\/instytut\/wp-content\/uploads\/sites\/2\/2020\/12\/Za\u0142\u0105cznik-nr-7-do-SIWZ_znak-sprawy-AF-272-2_2020.docx\" target=\"_blank\" rel=\"noopener noreferrer\">\u00a0<\/a><cite>Za\u0142\u0105cznik nr 7 do SIWZ_znak sprawy AF-272-2_2020<\/cite><\/p>\n<p class=\"downloadElemContainer2\"><a class=\"downloadElem docx\" href=\"https:\/\/min-pan.krakow.pl\/instytut\/wp-content\/uploads\/sites\/2\/2020\/12\/Za\u0142\u0105cznik-nr-8-do-SIWZ_znak-sprawy-AF-272-2_2020.docx\" target=\"_blank\" rel=\"noopener noreferrer\">\u00a0<\/a><cite>Za\u0142\u0105cznik nr 8 do SIWZ_znak sprawy AF-272-2_2020<\/cite><\/p>\n<p class=\"downloadElemContainer2\"><a class=\"downloadElem docx\" href=\"https:\/\/min-pan.krakow.pl\/instytut\/wp-content\/uploads\/sites\/2\/2020\/12\/Za\u0142\u0105cznik-do-wzoru-umowy-stanowi\u0105cego-za\u0142\u0105cznik-nr-1-do-SIWZ-umowa-wykonawcza_znak-sprawy-AF-272-2_2020.docx\" target=\"_blank\" rel=\"noopener noreferrer\">\u00a0<\/a><cite>Za\u0142\u0105cznik do wzoru umowy stanowi\u0105cego za\u0142\u0105cznik nr 1 do SIWZ (umowa wykonawcza)_znak sprawy AF-272-2_2020<\/cite><\/p>\n<p class=\"downloadElemContainer2\"><a class=\"downloadElem pdf\" href=\"https:\/\/min-pan.krakow.pl\/instytut\/wp-content\/uploads\/sites\/2\/2020\/12\/Za\u0142\u0105cznik-do-wzoru-umowy-stanowi\u0105cego-za\u0142\u0105cznik-nr-1-do-SIWZ-1.1-PFU_znak-sprawy-AF-272-2_2020.pdf\" target=\"_blank\" rel=\"noopener noreferrer\">\u00a0<\/a><cite>Za\u0142\u0105cznik do wzoru umowy stanowi\u0105cego za\u0142\u0105cznik nr 1 do SIWZ (1.1 PFU)_znak sprawy AF-272-2_2020<\/cite><\/p>\n<p class=\"downloadElemContainer2\"><a class=\"downloadElem pdf\" href=\"https:\/\/min-pan.krakow.pl\/instytut\/wp-content\/uploads\/sites\/2\/2020\/12\/Za\u0142\u0105cznik-do-wzoru-umowy-stanowi\u0105cego-za\u0142\u0105cznik-nr-1-do-SIWZ-1.2.-pytania-do-SIWZ-wykonawczego_znak-sprawy-AF-272.pdf\" target=\"_blank\" rel=\"noopener noreferrer\">\u00a0<\/a><cite>Za\u0142\u0105cznik do wzoru umowy stanowi\u0105cego za\u0142\u0105cznik nr 1 do SIWZ (1.2. pytania do SIWZ wykonawczego)_znak sprawy AF-272<\/cite><\/p>\n<p>&nbsp;<\/p>\n<p><span style=\"color: #000080\"><strong>Odpowiedzi na pytania do przetargu nieograniczonego_znak: AF-272-2_2020-sig.<\/strong><\/span><\/p>\n<p class=\"downloadElemContainer2\"><a class=\"downloadElem pdf\" href=\"https:\/\/min-pan.krakow.pl\/instytut\/wp-content\/uploads\/sites\/2\/2021\/01\/Og\u0142oszenie-o-zmianie-og\u0142oszenia-nr-540403364-N-2021-z-dnia-15.01.2021-r..pdf\" target=\"_blank\" rel=\"noopener noreferrer\">\u00a0<\/a><cite>Og\u0142oszenie o zmianie og\u0142oszenia nr 540403364-N-2021 z dnia 15.01.2021 r.<\/cite><\/p>\n<p class=\"downloadElemContainer2\"><a class=\"downloadElem pdf\" href=\"https:\/\/min-pan.krakow.pl\/instytut\/wp-content\/uploads\/sites\/2\/2021\/01\/2.-Zmiana-SIWZ-z-15.01.2021-sig.pdf\" target=\"_blank\" rel=\"noopener noreferrer\">\u00a0<\/a><cite>2. Zmiana SIWZ z 15.01.2021-sig<\/cite><\/p>\n<p class=\"downloadElemContainer2\"><a class=\"downloadElem pdf\" href=\"https:\/\/min-pan.krakow.pl\/instytut\/wp-content\/uploads\/sites\/2\/2021\/01\/2.-Odpowied\u017a-na-zapytanie-z-dnia-14.01.2021-sig.pdf\" target=\"_blank\" rel=\"noopener noreferrer\">\u00a0<\/a><cite>2. Odpowied\u017a na zapytanie z dnia 14.01.2021-sig<\/cite><\/p>\n<p class=\"downloadElemContainer2\"><a class=\"downloadElem pdf\" href=\"https:\/\/min-pan.krakow.pl\/instytut\/wp-content\/uploads\/sites\/2\/2021\/01\/1.-Odpowied\u017a-na-zapytanie-z-dnia-07.01.2021-sig.pdf\" target=\"_blank\" rel=\"noopener noreferrer\">\u00a0<\/a><cite>1. Odpowied\u017a na zapytanie z dnia 07.01.2021-sig<\/cite><\/p>\n<p class=\"downloadElemContainer2\"><a class=\"downloadElem pdf\" href=\"https:\/\/min-pan.krakow.pl\/instytut\/wp-content\/uploads\/sites\/2\/2021\/01\/1.-Zmiana-SIWZ-z-12.01.2021-sig.pdf\" target=\"_blank\" rel=\"noopener noreferrer\">\u00a0<\/a><cite>1. Zmiana SIWZ z 12.01.2021-sig<\/cite><\/p>\n<p class=\"downloadElemContainer2\"><a class=\"downloadElem pdf\" href=\"https:\/\/min-pan.krakow.pl\/instytut\/wp-content\/uploads\/sites\/2\/2021\/01\/Og\u0142oszenie-o-zamianie-og\u0142oszenia-nr-540400821-N-2021-z-dnia-12.01.2021-r..pdf\" target=\"_blank\" rel=\"noopener noreferrer\">\u00a0<\/a><cite>Og\u0142oszenie o zamianie og\u0142oszenia nr 540400821-N-2021 z dnia 12.01.2021 r.<\/cite><\/p>\n<p>&nbsp;<\/p>\n<p><span style=\"color: #000080\"><strong>Wyb\u00f3r najkorzystniejszej oferty _znak: AF-272-2\/2020<\/strong><\/span><\/p>\n<p class=\"downloadElemContainer2\"><a class=\"downloadElem pdf\" href=\"https:\/\/min-pan.krakow.pl\/instytut\/wp-content\/uploads\/sites\/2\/2021\/04\/Og\u0142oszenie-o-uniewaznieniu-post\u0119powania-nr-510427818-N-2021.pdf\" target=\"_blank\" rel=\"noopener noreferrer\">\u00a0<\/a><cite>Og\u0142oszenie o uniewa\u017cnieniu post\u0119powania nr 510427818-N-2021<\/cite><\/p>\n<p class=\"downloadElemContainer2\"><a class=\"downloadElem pdf\" href=\"https:\/\/min-pan.krakow.pl\/instytut\/wp-content\/uploads\/sites\/2\/2021\/01\/Informacja-z-otwarcia-ofert-z-21.01.2021_AF-272-2_2020-1-sig-1.pdf\" target=\"_blank\" rel=\"noopener noreferrer\">\u00a0<\/a><cite>Informacja z otwarcia ofert z 21.01.2021_AF-272-2_2020-1-sig-1<\/cite><\/p>\n<p class=\"downloadElemContainer2\"><a class=\"downloadElem pdf\" href=\"https:\/\/min-pan.krakow.pl\/instytut\/wp-content\/uploads\/sites\/2\/2021\/03\/Informacja-o-uniewa\u017cnieniu-post\u0119powania-2021-03-23-sig.pdf\" target=\"_blank\" rel=\"noopener noreferrer\">\u00a0<\/a><cite>Informacja o uniewa\u017cnieniu post\u0119powania 2021 03 23-sig<\/cite><\/p>\n<p><\/p>","protected":false},"excerpt":{"rendered":"<p>Pe\u0142nienie funkcji inspektora nadzoru budowlanego przy realizacji inwestycji pn. \u201eRozbudowa i przebudowa istniej\u0105cego budynku biurowego o budynek laboratoryjno-biurowy (nowe skrzyd\u0142o) z gara\u017cem podziemnym, naziemnymi miejscami postojowymi, wewn\u0119trznym uk\u0142adem komunikacyjnym i infrastruktur\u0105 techniczn\u0105 oraz przebudow\u0105 wjazdu, na dzia\u0142kach nr 359\/5 i 359\/4 (cz\u0119\u015b\u0107) obr. 44 Krowodrza, ul. Wybickiego 7A, Krak\u00f3w\u201d; znak sprawy: AF-272-2_2020-sig. \u00a0Og\u0142oszenie o zam\u00f3wieniu [&hellip;]<\/p>\n","protected":false},"author":1,"featured_media":0,"parent":1562,"menu_order":13,"comment_status":"closed","ping_status":"closed","template":"templates\/template-document.php","meta":{"footnotes":""},"class_list":["post-1568","page","type-page","status-publish","hentry"],"_links":{"self":[{"href":"https:\/\/min-pan.krakow.pl\/instytut\/wp-json\/wp\/v2\/pages\/1568","targetHints":{"allow":["GET"]}}],"collection":[{"href":"https:\/\/min-pan.krakow.pl\/instytut\/wp-json\/wp\/v2\/pages"}],"about":[{"href":"https:\/\/min-pan.krakow.pl\/instytut\/wp-json\/wp\/v2\/types\/page"}],"author":[{"embeddable":true,"href":"https:\/\/min-pan.krakow.pl\/instytut\/wp-json\/wp\/v2\/users\/1"}],"replies":[{"embeddable":true,"href":"https:\/\/min-pan.krakow.pl\/instytut\/wp-json\/wp\/v2\/comments?post=1568"}],"version-history":[{"count":4,"href":"https:\/\/min-pan.krakow.pl\/instytut\/wp-json\/wp\/v2\/pages\/1568\/revisions"}],"predecessor-version":[{"id":1711,"href":"https:\/\/min-pan.krakow.pl\/instytut\/wp-json\/wp\/v2\/pages\/1568\/revisions\/1711"}],"up":[{"embeddable":true,"href":"https:\/\/min-pan.krakow.pl\/instytut\/wp-json\/wp\/v2\/pages\/1562"}],"wp:attachment":[{"href":"https:\/\/min-pan.krakow.pl\/instytut\/wp-json\/wp\/v2\/media?parent=1568"}],"curies":[{"name":"wp","href":"https:\/\/api.w.org\/{rel}","templated":true}]}}