{"id":15,"date":"2017-11-09T10:49:47","date_gmt":"2017-11-09T09:49:47","guid":{"rendered":"https:\/\/min-pan.krakow.pl\/instytut\/?page_id=15"},"modified":"2021-11-22T21:47:02","modified_gmt":"2021-11-22T20:47:02","slug":"komitet-zrownowazonej-gospodarki-surowcami-mineralnymi-pan-2","status":"publish","type":"page","link":"https:\/\/min-pan.krakow.pl\/instytut\/komitet-zrownowazonej-gospodarki-surowcami-mineralnymi-pan-2\/","title":{"rendered":"Komitet Zr\u00f3wnowa\u017conej Gospodarki Surowcami Mineralnymi PAN"},"content":{"rendered":"<p><\/p>\n<h2>Komitet Zr\u00f3wnowa\u017conej Gospodarki Surowcami Mineralnymi PAN<\/h2>\n<p>Komitet Zr\u00f3wnowa\u017conej Gospodarki Surowcami Mineralnymi Polskiej Akademii Nauk powsta\u0142 w 1979 roku. Pracuje w ramach IV Wydzia\u0142u Nauk Technicznych PAN, integruj\u0105c uczonych zajmuj\u0105cych si\u0119 kompleksow\u0105 gospodark\u0105 surowcami mineralnymi, podejmuj\u0105cych w tym celu interdyscyplinarn\u0105 dzia\u0142alno\u015b\u0107 obejmuj\u0105c\u0105 nauki geologiczne, g\u00f3rnictwo, przer\u00f3bk\u0119 kopalin i ekonomik\u0119.<\/p>\n<p>W sk\u0142ad Komitetu naukowego wchodz\u0105 krajowi cz\u0142onkowie Polskiej Akademii Nauk odpowiednich specjalno\u015bci, wybitni pracownicy naukowi reprezentuj\u0105cy szko\u0142y wy\u017csze, plac\u00f3wki Polskiej Akademii Nauk i instytuty zaplecza naukowo-badawczego resort\u00f3w, a tak\u017ce przedstawiciele instytucji i organizacji gospodarczych i spo\u0142ecznych. Grupuj\u0105c wybitnych przedstawicieli ca\u0142ego \u015brodowiska naukowego pe\u0142ni funkcj\u0119 cia\u0142a doradczego i opiniodawczego, oddzia\u0142uj\u0105c na zr\u00f3wnowa\u017cony rozw\u00f3j gospodarki surowcami mineralnymi.<\/p>","protected":false},"excerpt":{"rendered":"<p>Komitet Zr\u00f3wnowa\u017conej Gospodarki Surowcami Mineralnymi PAN Komitet Zr\u00f3wnowa\u017conej Gospodarki Surowcami Mineralnymi Polskiej Akademii Nauk powsta\u0142 w 1979 roku. Pracuje w ramach IV Wydzia\u0142u Nauk Technicznych PAN, integruj\u0105c uczonych zajmuj\u0105cych si\u0119 kompleksow\u0105 gospodark\u0105 surowcami mineralnymi, podejmuj\u0105cych w tym celu interdyscyplinarn\u0105 dzia\u0142alno\u015b\u0107 obejmuj\u0105c\u0105 nauki geologiczne, g\u00f3rnictwo, przer\u00f3bk\u0119 kopalin i ekonomik\u0119. W sk\u0142ad Komitetu naukowego wchodz\u0105 krajowi cz\u0142onkowie [&hellip;]<\/p>\n","protected":false},"author":1,"featured_media":0,"parent":0,"menu_order":145,"comment_status":"closed","ping_status":"closed","template":"","meta":{"footnotes":""},"class_list":["post-15","page","type-page","status-publish","hentry"],"_links":{"self":[{"href":"https:\/\/min-pan.krakow.pl\/instytut\/wp-json\/wp\/v2\/pages\/15","targetHints":{"allow":["GET"]}}],"collection":[{"href":"https:\/\/min-pan.krakow.pl\/instytut\/wp-json\/wp\/v2\/pages"}],"about":[{"href":"https:\/\/min-pan.krakow.pl\/instytut\/wp-json\/wp\/v2\/types\/page"}],"author":[{"embeddable":true,"href":"https:\/\/min-pan.krakow.pl\/instytut\/wp-json\/wp\/v2\/users\/1"}],"replies":[{"embeddable":true,"href":"https:\/\/min-pan.krakow.pl\/instytut\/wp-json\/wp\/v2\/comments?post=15"}],"version-history":[{"count":6,"href":"https:\/\/min-pan.krakow.pl\/instytut\/wp-json\/wp\/v2\/pages\/15\/revisions"}],"predecessor-version":[{"id":1959,"href":"https:\/\/min-pan.krakow.pl\/instytut\/wp-json\/wp\/v2\/pages\/15\/revisions\/1959"}],"wp:attachment":[{"href":"https:\/\/min-pan.krakow.pl\/instytut\/wp-json\/wp\/v2\/media?parent=15"}],"curies":[{"name":"wp","href":"https:\/\/api.w.org\/{rel}","templated":true}]}}