{"id":1346,"date":"2020-06-04T15:54:59","date_gmt":"2020-06-04T13:54:59","guid":{"rendered":"https:\/\/min-pan.krakow.pl\/instytut\/?page_id=1346"},"modified":"2026-03-31T12:49:47","modified_gmt":"2026-03-31T10:49:47","slug":"deklaracja-dostepnosci","status":"publish","type":"page","link":"https:\/\/min-pan.krakow.pl\/instytut\/deklaracja-dostepnosci\/","title":{"rendered":"Deklaracja dost\u0119pno\u015bci"},"content":{"rendered":"<p><\/p>\n<h2>Deklaracja dost\u0119pno\u015bci<\/h2>\n<section id=\"a11y-wstep\">\n<p style=\"text-align: justify\"><span id=\"a11y-podmiot\">Instytut Gospodarki Surowcami Mineralnymi i Energi\u0105 Polskiej Akademii Nauk w Krakowie<\/span> zobowi\u0105zuje si\u0119 zapewni\u0107 dost\u0119pno\u015b\u0107 swojej <span id=\"a11y-zakres\">strony internetowej<\/span> zgodnie z ustaw\u0105 z dnia 4 kwietnia 2019 r. o dost\u0119pno\u015bci cyfrowej stron internetowych i aplikacji mobilnych podmiot\u00f3w publicznych.<\/p>\n<p>Deklaracja dost\u0119pno\u015bci dotyczy strony:\u00a0 <a id=\"a11y-url\" href=\"https:\/\/min-pan.krakow.pl\/\">https:\/\/min-pan.krakow.pl\/<\/a><\/p>\n<\/section>\n<p style=\"text-align: justify\">Data publikacji strony internetowej: <time id=\"a11y-data-publikacja\" datetime=\"2020-01-28\"> 28 stycznia 2020 r. Data ostatniej istotnej aktualizacji: <time id=\"a11y-data-aktualizacja\" datetime=\"2026-03-31\"> 31 marca 2026 r.<\/time><\/time><\/p>\n<h3>Stan dost\u0119pno\u015bci cyfrowej<\/h3>\n<p id=\"a11y-status\" style=\"text-align: justify\">Strona internetowa IGSMiE PAN jest cz\u0119\u015bciowo zgodna z za\u0142\u0105cznikiem do ustawy z dnia 4 kwietnia 2019 r. o dost\u0119pno\u015bci cyfrowej stron internetowych i aplikacji mobilnych podmiot\u00f3w publicznych, z uwagi na stwierdzone niezgodno\u015bci oraz wy\u0142\u0105czenia wskazane poni\u017cej.<\/p>\n<h3>Niedost\u0119pne tre\u015bci<\/h3>\n<h4>Niezgodno\u015b\u0107 z za\u0142\u0105cznikiem<\/h4>\n<ul>\n<li style=\"text-align: justify\">Cze\u015b\u0107 obraz\u00f3w posiada bardzo d\u0142ugi tekst alternatywny.<\/li>\n<li>Cz\u0119\u015b\u0107 podstron zawiera nadmiarowe linki prowadz\u0105ce do tej samej lokalizacji.<\/li>\n<li>Cz\u0119\u015b\u0107 obraz\u00f3w zawiera nadmiarowe teksty alternatywne.<\/li>\n<li>Cz\u0119\u015b\u0107 dokument\u00f3w nie jest dost\u0119pna w ca\u0142o\u015bci cyfrowo.<\/li>\n<li style=\"text-align: justify\">Mog\u0105 pojawi\u0107 si\u0119 sytuacje niespe\u0142nienia wymaganego poziomu kontrastu.<\/li>\n<\/ul>\n<h4>Nadmierne koszty<\/h4>\n<p>\u201eWirtualny spacer\u201d nie jest dost\u0119pny cyfrowo. Zapewnienie dost\u0119pno\u015bci tej funkcji oznacza bardzo wysokie koszty. Ocenili\u015bmy to na podstawie <a id=\"a11y-ocena\" href=\"https:\/\/www.gov.pl\/web\/dostepnosc-cyfrowa\/analiza_nadmiernych_kosztow_dostepnosci_cyfrowej.html\">Analizy koszt\u00f3w dost\u0119pno\u015bci cyfrowej funkcji wirtualnego spaceru<\/a>.<\/p>\n<h4>Tre\u015bci nieobj\u0119te przepisami<\/h4>\n<ul>\n<li style=\"text-align: justify\">Dokumenty opublikowane przed 23 wrze\u015bnia 2018 r. nie s\u0105 dost\u0119pne cyfrowo. Je\u015bli potrzebujesz, kt\u00f3rego\u015b z nich w formie dost\u0119pnej, skontaktuj si\u0119 z nami i wska\u017c, o kt\u00f3ry dokument chodzi.<\/li>\n<\/ul>\n<h3>Przygotowanie deklaracji dost\u0119pno\u015bci i jej aktualizacja<\/h3>\n<ul>\n<li style=\"text-align: justify\">Data sporz\u0105dzenia deklaracji: <time id=\"a11y-data-sporzadzenie\" datetime=\"2025-05-29\">29 maja 2020 r.<\/time><\/li>\n<li>Data ostatniego przegl\u0105du deklaracji: <time id=\"a11y-data-przeglad\" datetime=\"2026-03-31\"> 31 marca 2026 r.<\/time><\/li>\n<\/ul>\n<p style=\"text-align: justify\">Deklaracj\u0119 sporz\u0105dzono na podstawie samooceny w oparciu o <a href=\"https:\/\/www.gov.pl\/attachment\/1a3e2bb5-6d60-4897-ac2f-07a8e91e70ed\">List\u0119 kontroln\u0105 do badania dost\u0119pno\u015bci cyfrowej strony internetowej v. 2.2 (docx, 0,12MB) <\/a> oraz o narz\u0119dzie s\u0142u\u017c\u0105ce do automatycznego wykrywania niekt\u00f3rych b\u0142\u0119d\u00f3w dost\u0119pno\u015bci cyfrowej &#8211; <a href=\"https:\/\/wave.webaim.org\/\"> WAVE.<\/a><\/p>\n<h3>Skr\u00f3ty klawiszowe<\/h3>\n<p style=\"text-align: justify\">Opr\u00f3cz myszki po witrynie mo\u017cna si\u0119 porusza\u0107 za pomoc\u0105 klawiatury. Klawisz &#8222;TAB&#8221; przesunie fokus do ka\u017cdej z opcji nawigacji lub link\u00f3w na ekranie. Kombinacja klawiszy Shift+TAB cofnie fokus na poprzedni element nawigacji. Naciskaj\u0105c Enter nast\u0105pi przej\u015bcie do zaznaczonego odno\u015bnika. U\u017cywaj\u0105c strza\u0142ek &#8222;w d\u00f3\u0142&#8221; i &#8222;w g\u00f3r\u0119&#8221; mo\u017cna przewija\u0107 stron\u0119.<\/p>\n<h3>Informacje zwrotne i dane kontaktowe<\/h3>\n<p style=\"text-align: justify\">Wszelkie problemy z dost\u0119pno\u015bci\u0105 cyfrow\u0105 niniejszej strony internetowej nale\u017cy zg\u0142asza\u0107 do <span id=\"a11y-kontakt\"> Pani Magdaleny Madejczyk-Por\u0119by \u2014 mailowo: <a href=\"mailto:poreba@min-pan.krakow.pl\"> poreba@min-pan.krakow.pl\u00a0lub telefonicznie <\/a><a id=\"a11y-telefon\" href=\"tel:+48126171607\"> (+48) 12 632-33-00<\/a><a id=\"a11y-email\" href=\"mailto:poreba@min-pan.krakow.pl\">.<\/a><\/span><\/p>\n<p style=\"text-align: justify\">Ka\u017cdemu przys\u0142uguje prawo do wyst\u0105pienia z \u017c\u0105daniem zapewnienia dost\u0119pno\u015bci cyfrowej niniejszej strony internetowej lub jej poszczeg\u00f3lnych element\u00f3w.<\/p>\n<p style=\"text-align: justify\">W przypadku zg\u0142oszenia takiego \u017c\u0105dania nale\u017cy wskaza\u0107:<\/p>\n<ul>\n<li>imi\u0119 i nazwisko,<\/li>\n<li>dane kontaktowe (np. numer telefonu, e-mail),<\/li>\n<li>dok\u0142adny adres strony internetowej, na kt\u00f3rej znajduje si\u0119 cyfrowo niedost\u0119pny element lub tre\u015b\u0107,<\/li>\n<li>opis problemu wraz z preferowanym sposobem jego rozwi\u0105zania.<\/li>\n<\/ul>\n<p>Odpowied\u017a na zg\u0142oszenie zostanie udzielona w mo\u017cliwie najkr\u00f3tszym terminie, nie p\u00f3\u017aniej ni\u017c w ci\u0105gu 7 dni od dnia jego otrzymania.<\/p>\n<p style=\"text-align: justify\">W przypadku, gdy dotrzymanie wskazanego terminu nie b\u0119dzie mo\u017cliwe, przekazana zostanie informacja o nowym terminie realizacji zg\u0142oszenia. W tre\u015bci tej informacji zostanie wskazana data, do kt\u00f3rej zg\u0142oszone nieprawid\u0142owo\u015bci zostan\u0105 usuni\u0119te lub przekazane zostan\u0105 informacje w alternatywny spos\u00f3b. Nowy termin nie przekroczy 2 miesi\u0119cy od dnia otrzymania zg\u0142oszenia.<\/p>\n<p style=\"text-align: justify\">W przypadku braku mo\u017cliwo\u015bci zapewnienia dost\u0119pno\u015bci cyfrowej strony internetowej lub tre\u015bci wskazanych w \u017c\u0105daniu, zostanie zaproponowany alternatywny spos\u00f3b dost\u0119pu do tych tre\u015bci.<\/p>\n<section id=\"a11y-procedura\">\n<h3>Obs\u0142uga wniosk\u00f3w i skarg zwi\u0105zanych z dost\u0119pno\u015bci\u0105<\/h3>\n<p style=\"text-align: justify\">W przypadku odmowy realizacji wniosku o zapewnienie dost\u0119pno\u015bci cyfrowej, osoba wnioskuj\u0105ca, kt\u00f3ra nie zgadza si\u0119 z tre\u015bci\u0105 odmowy, ma prawo do z\u0142o\u017cenia skargi.<\/p>\n<p style=\"text-align: justify\">Skarga mo\u017ce zosta\u0107 z\u0142o\u017cona r\u00f3wnie\u017c w sytuacji, gdy osoba wnioskuj\u0105ca nie wyra\u017ca zgody na skorzystanie z alternatywnego sposobu dost\u0119pu zaproponowanego w odpowiedzi na wniosek o zapewnienie dost\u0119pno\u015bci cyfrowej.<\/p>\n<p style=\"text-align: justify\">Ewentualn\u0105 skarg\u0119 nale\u017cy z\u0142o\u017cy\u0107 w formie pisemnej \u2013 za po\u015brednictwem poczty tradycyjnej lub poczty elektronicznej \u2013 do kierownictwa Instytutu.:<\/p>\n<ul>\n<li style=\"text-align: justify\">Ma\u0142gorzata Grz\u0105ba \u2014 Zast\u0119pca Dyrektora ds. Og\u00f3lnych Instytutu,<\/li>\n<li>Adres: ul. Wybickiego 7A, 31-261 Krak\u00f3w,<\/li>\n<li>mail: <a href=\"mailto:centrum@min-pan.krakow.pl\"> centrum@min-pan.krakow.pl<\/a>.<\/li>\n<\/ul>\n<p style=\"text-align: justify\"><a href=\"https:\/\/www.gov.pl\/web\/gov\/zloz-wniosek-o-zapewnienie-dostepnosci-cyfrowej-strony-internetowej-lub-aplikacji-mobilnej\">Pomocne informacje mo\u017cna znale\u017a\u0107 na rz\u0105dowym portalu informacyjnym gov.pl, kt\u00f3ry zawiera szczeg\u00f3\u0142owe wytyczne oraz wskaz\u00f3wki dotycz\u0105ce dost\u0119pno\u015bci cyfrowej i sposob\u00f3w jej egzekwowania.<\/a><\/p>\n<p style=\"text-align: justify\">O zaistnia\u0142ej sytuacji mo\u017cna r\u00f3wnie\u017c poinformowa\u0107 <a href=\"https:\/\/bip.brpo.gov.pl\/\"> Rzecznika Praw Obywatelskich<\/a> kt\u00f3ry jest uprawniony do podejmowania dzia\u0142a\u0144 w zakresie ochrony praw os\u00f3b z niepe\u0142nosprawno\u015bciami, w tym w obszarze dost\u0119pno\u015bci cyfrowej.<\/p>\n<h3>Pozosta\u0142e informacje<\/h3>\n<\/section>\n<section id=\"a11y-architektura\">\n<h4>Dost\u0119pno\u015b\u0107 architektoniczna<\/h4>\n<p style=\"text-align: justify\">Instytut Gospodarki Surowcami Mineralnymi i Energi\u0105 PAN w Krakowie obs\u0142uguje interesant\u00f3w przy ul. J. Wybickiego 7A, 31-261 Krak\u00f3w. Budynek sk\u0142ada si\u0119 z dw\u00f3ch cz\u0119\u015bci: starej oraz nowo rozbudowanej.<\/p>\n<h5>Stara cz\u0119\u015b\u0107 budynku<\/h5>\n<p style=\"text-align: justify\">Wej\u015bcie do starej cz\u0119\u015bci budynku jest zabezpieczone elektronicznym czytnikiem przepustek (system kontroli dost\u0119pu) i wymaga pokonania jednego schodka. Wewn\u0105trz znajduj\u0105 si\u0119 schody prowadz\u0105ce do obszaru dost\u0119pnego dla interesant\u00f3w, kt\u00f3ry mie\u015bci si\u0119 na 3. pi\u0119trze (Administracja). W tej cz\u0119\u015bci budynku nie ma windy, co mo\u017ce stanowi\u0107 utrudnienie dla os\u00f3b z ograniczon\u0105 mobilno\u015bci\u0105.<\/p>\n<p style=\"text-align: justify\">Na parkingu przypisanym do budynku dost\u0119pne s\u0105 miejsca parkingowe, w tym miejsca przeznaczone dla os\u00f3b z niepe\u0142nosprawno\u015bciami. Wjazd na parking prowadzi od ulicy Wybickiego, bez konieczno\u015bci pokonywania szlabanu. Parkowanie jest bezp\u0142atne.<\/p>\n<p style=\"text-align: justify\">Do budynku oraz wszystkich jego pomieszcze\u0144 mo\u017cna wej\u015b\u0107 z psem asystuj\u0105cym i psem przewodnikiem.<\/p>\n<h5>Nowa cz\u0119\u015b\u0107 budynku<\/h5>\n<p style=\"text-align: justify\">Do nowej cz\u0119\u015bci budynku prowadz\u0105 trzy wej\u015bcia, z kt\u00f3rych g\u0142\u00f3wne, oznaczone logo Instytutu, przeznaczone jest dla interesant\u00f3w. Wszystkie wej\u015bcia s\u0105 zabezpieczone elektronicznymi czytnikami przepustek (system kontroli dost\u0119pu), dlatego zaleca si\u0119 korzystanie z wej\u015bcia g\u0142\u00f3wnego, gdzie po prawej stronie znajduje si\u0119 ochrona.<\/p>\n<p style=\"text-align: justify\">Nowa cz\u0119\u015b\u0107 budynku zosta\u0142a w pe\u0142ni przystosowana do potrzeb os\u00f3b z niepe\u0142nosprawno\u015bciami. Do wej\u015bcia nie prowadz\u0105 \u017cadne schody, a poruszanie si\u0119 po ca\u0142ym obiekcie jest mo\u017cliwe dla os\u00f3b na w\u00f3zkach.<\/p>\n<p style=\"text-align: justify\">W budynku znajduje si\u0119 winda dostosowana do os\u00f3b z niepe\u0142nosprawno\u015bciami \u2013 wyposa\u017cona w komunikaty g\u0142osowe oraz oznaczenia w alfabecie Braille\u2019a. Schody w klatce schodowej s\u0105 wyposa\u017cone w por\u0119cze, kt\u00f3re na ka\u017cdej kondygnacji dodatkowo oznaczono alfabetem Braille\u2019a.<\/p>\n<p style=\"text-align: justify\">Z tej cz\u0119\u015bci budynku, na pi\u0119trach 1\u20134, znajduj\u0105 si\u0119 przej\u015bcia prowadz\u0105ce do starej cz\u0119\u015bci, w tym do cz\u0119\u015bci administracyjnej na 3. pi\u0119trze. Wej\u015bcia prowadz\u0105 przez szklane drzwi oznakowane dla os\u00f3b niedowidz\u0105cych.<\/p>\n<p style=\"text-align: justify\">Toalety dostosowane do potrzeb os\u00f3b z niepe\u0142nosprawno\u015bciami znajduj\u0105 si\u0119 na parterze oraz na ka\u017cdym pi\u0119trze.<\/p>\n<p style=\"text-align: justify\">Przed budynkiem wyznaczono dwa miejsca parkingowe dla os\u00f3b z niepe\u0142nosprawno\u015bciami. Parkowanie jest bezp\u0142atne.<\/p>\n<p style=\"text-align: justify\">Wjazd na parking znajduje si\u0119 od ulicy Wybickiego i jest zabezpieczony szlabanem. Aby uzyska\u0107 dost\u0119p, interesanci powinni skorzysta\u0107 z przycisku przy szlabanie i skontaktowa\u0107 si\u0119 z ochron\u0105 budynku, kt\u00f3ra umo\u017cliwi wjazd.<\/p>\n<p style=\"text-align: justify\">Do budynku oraz wszystkich jego pomieszcze\u0144 mo\u017cna wej\u015b\u0107 z psem asystuj\u0105cym i psem przewodnikiem.<\/p>\n<\/section>\n<section id=\"a11y-komunikacja\">\n<h4>Dost\u0119pno\u015b\u0107 komunikacyjno-informacyjna<\/h4>\n<p style=\"text-align: justify\">W budynku nie ma t\u0142umacza j\u0119zyka migowego, ani mo\u017cliwo\u015bci skorzystania z us\u0142ugi t\u0142umacza on-line.<\/p>\n<p style=\"text-align: justify\">W Instytucie Gospodarki Surowcami Mineralnymi i Energi\u0105 PAN istnieje mo\u017cliwo\u015b\u0107 skorzystania z p\u0119tli indukcyjnej. Znajduje si\u0119 ona w pomieszczeniu ochrony oraz w Laboratorium Modelowania In\u017cynierskiego. W Instytucie znajduj\u0105 si\u0119 tak\u017ce piktogramy informuj\u0105ce o p\u0119tli indukcyjnej.<\/p>\n<\/section>\n<p><\/p>","protected":false},"excerpt":{"rendered":"<p>Deklaracja dost\u0119pno\u015bci Instytut Gospodarki Surowcami Mineralnymi i Energi\u0105 Polskiej Akademii Nauk w Krakowie zobowi\u0105zuje si\u0119 zapewni\u0107 dost\u0119pno\u015b\u0107 swojej strony internetowej zgodnie z ustaw\u0105 z dnia 4 kwietnia 2019 r. o dost\u0119pno\u015bci cyfrowej stron internetowych i aplikacji mobilnych podmiot\u00f3w publicznych. Deklaracja dost\u0119pno\u015bci dotyczy strony:\u00a0 https:\/\/min-pan.krakow.pl\/ Data publikacji strony internetowej: 28 stycznia 2020 r. Data ostatniej istotnej [&hellip;]<\/p>\n","protected":false},"author":1,"featured_media":0,"parent":0,"menu_order":50,"comment_status":"closed","ping_status":"closed","template":"","meta":{"footnotes":""},"class_list":["post-1346","page","type-page","status-publish","hentry"],"_links":{"self":[{"href":"https:\/\/min-pan.krakow.pl\/instytut\/wp-json\/wp\/v2\/pages\/1346","targetHints":{"allow":["GET"]}}],"collection":[{"href":"https:\/\/min-pan.krakow.pl\/instytut\/wp-json\/wp\/v2\/pages"}],"about":[{"href":"https:\/\/min-pan.krakow.pl\/instytut\/wp-json\/wp\/v2\/types\/page"}],"author":[{"embeddable":true,"href":"https:\/\/min-pan.krakow.pl\/instytut\/wp-json\/wp\/v2\/users\/1"}],"replies":[{"embeddable":true,"href":"https:\/\/min-pan.krakow.pl\/instytut\/wp-json\/wp\/v2\/comments?post=1346"}],"version-history":[{"count":28,"href":"https:\/\/min-pan.krakow.pl\/instytut\/wp-json\/wp\/v2\/pages\/1346\/revisions"}],"predecessor-version":[{"id":2894,"href":"https:\/\/min-pan.krakow.pl\/instytut\/wp-json\/wp\/v2\/pages\/1346\/revisions\/2894"}],"wp:attachment":[{"href":"https:\/\/min-pan.krakow.pl\/instytut\/wp-json\/wp\/v2\/media?parent=1346"}],"curies":[{"name":"wp","href":"https:\/\/api.w.org\/{rel}","templated":true}]}}