{"id":13,"date":"2017-11-09T10:49:15","date_gmt":"2017-11-09T09:49:15","guid":{"rendered":"https:\/\/min-pan.krakow.pl\/instytut\/?page_id=13"},"modified":"2025-12-17T09:25:45","modified_gmt":"2025-12-17T08:25:45","slug":"rada-naukowa-2","status":"publish","type":"page","link":"https:\/\/min-pan.krakow.pl\/instytut\/rada-naukowa-2\/","title":{"rendered":"Rada Naukowa"},"content":{"rendered":"<p><\/p>\n<h2>Rada Naukowa Instytutu Gospodarki Surowcami Mineralnymi i Energi\u0105 PAN, kadencja 2023-2026<\/h2>\n<p>Rada Naukowa sprawuje bie\u017c\u0105cy nadz\u00f3r nad dzia\u0142alno\u015bci\u0105 naszego Instytutu. Ni\u017cej przedstawiamy Pa\u0144stwu Cz\u0142onk\u00f3w Rady Naukowej Instytutu w kadencji na lata 2023-2026. S\u0105 to:<\/p>\n<ol>\n<li>Prof. dr hab. in\u017c. Chmielniak Tadeusz, cz\u0142onek rzeczywisty PAN<\/li>\n<li>Prof. dr hab. in\u017c. Czaplicka Marianna<\/li>\n<li>Prof. dr hab. in\u017c. Dziurzy\u0144ski Wac\u0142aw<\/li>\n<li>Prof. dr hab. in\u017c. Franus Wojciech<\/li>\n<li>Prof. dr hab. in\u017c. Galos Krzysztof<\/li>\n<li>Dr hab. in\u017c. Gawlik Lidia<\/li>\n<li>Dr in\u017c. Hanc Emil<\/li>\n<li>Prof. dr hab. in\u017c. Hardyg\u00f3ra Monika<\/li>\n<li>Prof. dr hab. Jonek-Kowalska Izabela<\/li>\n<li>Prof. dr hab. in\u017c. Kami\u0144ski Jacek<\/li>\n<li>Dr hab. in\u017c. Kopacz Micha\u0142<\/li>\n<li>Dr in\u017c. Alicja Kot-Niewiadomska &#8211; Sekretarz Rady Naukowej<\/li>\n<li>Prof. dr hab. Mikulski Stanis\u0142aw<\/li>\n<li>Prof. dr hab. in\u017c. Mokrzycki Eugeniusz &#8211; Przewodnicz\u0105cy Rady Naukowej<\/li>\n<li>Prof. dr hab. in\u017c. Nagy Stanis\u0142aw, cz\u0142onek korespondent PAN<\/li>\n<li>Dr hab. in\u017c. Olkuski Tadeusz<\/li>\n<li>Mgr in\u017c. Olszowski Janusz<\/li>\n<li>Prof. dr hab. in\u017c. Pilecki Zenon<\/li>\n<li>Dr in\u017c. Monika Pep\u0142owska<\/li>\n<li>Prof. dr hab. in\u017c. Rosik-Dulewska Czes\u0142awa, cz\u0142onek rzeczywisty PAN<\/li>\n<li>Dr hab. Smol Marzena, cz\u0142onek AMU PAN<\/li>\n<li>Prof. dr hab. in\u017c. Sobczak Natalia, cz\u0142onek korespondent PAN<\/li>\n<li>Prof. dr hab. in\u017c. Sobczyk Eugeniusz<\/li>\n<li>Dr hab. in\u017c. Stala-Szlugaj Katarzyna<\/li>\n<li>Prof. dr hab. Szama\u0142ek Krzysztof<\/li>\n<li>Prof. dr hab. in\u017c. Tora Barbara<\/li>\n<li>Prof. dr hab. in\u017c. Trutwin Wac\u0142aw, cz\u0142onek rzeczywisty PAN<\/li>\n<li>Dr hab. in\u017c. Wdowin Magdalena &#8211; Dyrektor Instytutu<\/li>\n<li>Prof. dr hab. in\u017c. Wi\u015bniowski Rafa\u0142 &#8211; Zast\u0119pca Przewodnicz\u0105cego Rady Naukowej<\/li>\n<li>Mgr in\u017c. \u017bmuda Robert<\/li>\n<\/ol>\n<p><\/p>","protected":false},"excerpt":{"rendered":"<p>Rada Naukowa Instytutu Gospodarki Surowcami Mineralnymi i Energi\u0105 PAN, kadencja 2023-2026 Rada Naukowa sprawuje bie\u017c\u0105cy nadz\u00f3r nad dzia\u0142alno\u015bci\u0105 naszego Instytutu. Ni\u017cej przedstawiamy Pa\u0144stwu Cz\u0142onk\u00f3w Rady Naukowej Instytutu w kadencji na lata 2023-2026. S\u0105 to: Prof. dr hab. in\u017c. Chmielniak Tadeusz, cz\u0142onek rzeczywisty PAN Prof. dr hab. in\u017c. Czaplicka Marianna Prof. dr hab. in\u017c. Dziurzy\u0144ski Wac\u0142aw [&hellip;]<\/p>\n","protected":false},"author":1,"featured_media":0,"parent":0,"menu_order":143,"comment_status":"closed","ping_status":"closed","template":"","meta":{"footnotes":""},"class_list":["post-13","page","type-page","status-publish","hentry"],"_links":{"self":[{"href":"https:\/\/min-pan.krakow.pl\/instytut\/wp-json\/wp\/v2\/pages\/13","targetHints":{"allow":["GET"]}}],"collection":[{"href":"https:\/\/min-pan.krakow.pl\/instytut\/wp-json\/wp\/v2\/pages"}],"about":[{"href":"https:\/\/min-pan.krakow.pl\/instytut\/wp-json\/wp\/v2\/types\/page"}],"author":[{"embeddable":true,"href":"https:\/\/min-pan.krakow.pl\/instytut\/wp-json\/wp\/v2\/users\/1"}],"replies":[{"embeddable":true,"href":"https:\/\/min-pan.krakow.pl\/instytut\/wp-json\/wp\/v2\/comments?post=13"}],"version-history":[{"count":54,"href":"https:\/\/min-pan.krakow.pl\/instytut\/wp-json\/wp\/v2\/pages\/13\/revisions"}],"predecessor-version":[{"id":2862,"href":"https:\/\/min-pan.krakow.pl\/instytut\/wp-json\/wp\/v2\/pages\/13\/revisions\/2862"}],"wp:attachment":[{"href":"https:\/\/min-pan.krakow.pl\/instytut\/wp-json\/wp\/v2\/media?parent=13"}],"curies":[{"name":"wp","href":"https:\/\/api.w.org\/{rel}","templated":true}]}}