{"id":1253,"date":"2020-05-18T12:23:36","date_gmt":"2020-05-18T10:23:36","guid":{"rendered":"https:\/\/min-pan.krakow.pl\/instytut\/?page_id=1253"},"modified":"2025-04-01T13:02:25","modified_gmt":"2025-04-01T11:02:25","slug":"centrum-zrownowazonej-gospodarki-surowcami-i-energia-w-menu-instytut","status":"publish","type":"page","link":"https:\/\/min-pan.krakow.pl\/instytut\/centrum-zrownowazonej-gospodarki-surowcami-i-energia-w-menu-instytut\/","title":{"rendered":"Centrum Zr\u00f3wnowa\u017conej Gospodarki Surowcami i Energi\u0105"},"content":{"rendered":"<p><\/p>\n<h2>Centrum Zr\u00f3wnowa\u017conej Gospodarki Surowcami i Energi\u0105<\/h2>\n<p>&nbsp;<\/p>\n<p><img loading=\"lazy\" decoding=\"async\" class=\"alignnone wp-image-1294\" src=\"https:\/\/min-pan.krakow.pl\/instytut\/wp-content\/uploads\/sites\/2\/2020\/05\/EFRR_kolor-72dpi.jpg\" alt=\"\" width=\"900\" height=\"79\" srcset=\"https:\/\/min-pan.krakow.pl\/instytut\/wp-content\/uploads\/sites\/2\/2020\/05\/EFRR_kolor-72dpi.jpg 1920w, https:\/\/min-pan.krakow.pl\/instytut\/wp-content\/uploads\/sites\/2\/2020\/05\/EFRR_kolor-72dpi-300x26.jpg 300w, https:\/\/min-pan.krakow.pl\/instytut\/wp-content\/uploads\/sites\/2\/2020\/05\/EFRR_kolor-72dpi-768x68.jpg 768w, https:\/\/min-pan.krakow.pl\/instytut\/wp-content\/uploads\/sites\/2\/2020\/05\/EFRR_kolor-72dpi-1024x90.jpg 1024w\" sizes=\"auto, (max-width: 900px) 100vw, 900px\" \/><\/p>\n<p>&nbsp;<\/p>\n<p>Projekt <strong>\u201eCentrum Zr\u00f3wnowa\u017conej Gospodarki Surowcami i Energi\u0105&#8221;<\/strong> jest realizowany przez Instytut Gospodarki Surowcami Mineralnymi i Energi\u0105 Polskiej Akademii Nauk, a <strong>wsp\u00f3\u0142finansowany przez Uni\u0119 Europejsk\u0105 <\/strong>ze \u015brodk\u00f3w Europejskiego Funduszu Rozwoju Regionalnego w ramach<strong>\u00a0Regionalnego Programu Operacyjnego Wojew\u00f3dztwa Ma\u0142opolskiego <\/strong>na lata 2014-2020.<\/p>\n<p>Projekt jest realizowany w <strong>Konsorcjum naukowym<\/strong>, kt\u00f3rego <strong>Liderem<\/strong> jest IGSMiE PAN, a <strong>Partnerami <\/strong>s\u0105: Zak\u0142ady G\u00f3rniczo-Hutnicze \u201eBoles\u0142aw\u201d S.A, Geotermia Mazowiecka S.A. oraz EGM S.A.<\/p>\n<p><img loading=\"lazy\" decoding=\"async\" class=\"wp-image-1296 size-full aligncenter\" src=\"https:\/\/min-pan.krakow.pl\/instytut\/wp-content\/uploads\/sites\/2\/2020\/05\/logotypy_2.jpg\" alt=\"\" width=\"624\" height=\"164\" srcset=\"https:\/\/min-pan.krakow.pl\/instytut\/wp-content\/uploads\/sites\/2\/2020\/05\/logotypy_2.jpg 624w, https:\/\/min-pan.krakow.pl\/instytut\/wp-content\/uploads\/sites\/2\/2020\/05\/logotypy_2-300x79.jpg 300w\" sizes=\"auto, (max-width: 624px) 100vw, 624px\" \/><\/p>\n<p><strong>Okres realizacji projektu:<\/strong> 8.04.2020 r. &#8211; 8.04.2023 r.<\/p>\n<p><strong>\u0179r\u00f3d\u0142o finansowania z UE:<\/strong> Europejski Fundusz Rozwoju Regionalnego<\/p>\n<ul>\n<li><strong>Planowany ca\u0142kowity koszt inwestycji: 27 562 019,53 z\u0142<\/strong><\/li>\n<li><strong>Dofinansowanie Unii Europejskiej w ramach Europejskiego Funduszu Rozwoju Regionalnego: 16 726 954,39 z\u0142<\/strong><\/li>\n<\/ul>\n<p><strong>Data podpisania umowy:<\/strong> 8 kwietnia 2020 r.<\/p>\n<p><strong>Cele g\u0142\u00f3wne Projektu:<\/strong><\/p>\n<ul>\n<li>budowa konsorcjum naukowego dla realizacji idei partnerstwa na rzecz tworzenia nowoczesnych rozwi\u0105za\u0144 naukowych i technologicznych oraz transferu wiedzy do przedsi\u0119biorstw,<\/li>\n<li>budowa o\u015brodka laboratoryjno-biurowego, kt\u00f3ry b\u0119dzie realizowa\u0142 w jednym miejscu cele naukowo-badawcze i gospodarcze.<\/li>\n<\/ul>\n<p><strong>Cele szczeg\u00f3\u0142owe Projektu:<\/strong><\/p>\n<ul>\n<li>aktywizacja dzia\u0142a\u0144 na rzecz wdra\u017cania innowacyjnych rozwi\u0105za\u0144 w zakresie pozyskiwania i wykorzystania surowc\u00f3w metalicznych i niemetalicznych, w szczeg\u00f3lno\u015bci z odpad\u00f3w przemys\u0142owych i komunalnych,<\/li>\n<li>rozw\u00f3j dzia\u0142a\u0144 w obszarze wdra\u017cania innowacyjnych rozwi\u0105za\u0144 w zakresie odnawialnych \u017ar\u00f3de\u0142 energii (zw\u0142aszcza dotycz\u0105cych wykorzystania energii geotermalnej i biomasy),<\/li>\n<li>rozw\u00f3j i wdra\u017canie my\u015bli innowacyjnej w obszarach zr\u00f3wnowa\u017conej produkcji surowc\u00f3w ze z\u0142\u00f3\u017c kopalin, pozyskiwania surowc\u00f3w z odpad\u00f3w, oraz optymalizacji wykorzystania odnawialnych \u017ar\u00f3de\u0142 energii (w szczeg\u00f3lno\u015bci w zakresie energii geotermalnej i biomasy).<\/li>\n<\/ul>\n<p><strong>Zakres projektu:<\/strong><\/p>\n<p>Projekt zak\u0142ada:<\/p>\n<ul>\n<li>Utworzenie laboratori\u00f3w w nowym w sze\u015bcio-kondygnacyjnym obiekcie laboratoryjno-biurowym na terenie IGSMiE PAN przy ul. Wybickiego 7A w Krakowie. Nowy budynek b\u0119dzie wykonany w technologii pasywnej z maksymalnym wykorzystaniem odnawialnych \u017ar\u00f3de\u0142 energii. Budynek zostanie dostosowany dla os\u00f3b niepe\u0142nosprawnych.<\/li>\n<li>Zakup kompleksowego wyposa\u017cenia dla laboratori\u00f3w:\n<ul>\n<li>Kompleksowych Bada\u0144 Odpad\u00f3w i Biomasy,<\/li>\n<li>Modelowania In\u017cynierskiego,<\/li>\n<li>Geofizyki In\u017cynierskiej.<\/li>\n<\/ul>\n<\/li>\n<li>W Laboratorium Geotermalnego w Ba\u0144skiej Ni\u017cnej ko\u0142o Nowego Targu przewiduje si\u0119 rozbudow\u0119 stanowiska badawczego uzdatniania w\u00f3d termalnych wody z hybrydowym systemem odsalania w po\u0142\u0105czeniu z instalacj\u0105 termicznego zat\u0119\u017cania, budow\u0119 gruntowego magazynu ciep\u0142a w technologii BTES, oraz modernizacj\u0119 niekt\u00f3rych istniej\u0105cych obiekt\u00f3w laboratorium.<\/li>\n<\/ul>\n<h3 style=\"text-align: center;\"><strong>Zapraszamy do zapoznania si\u0119 z folderem informacyjnym dotycz\u0105cym projektu :<\/strong><\/h3>\n<p class=\"downloadElemContainer2\" style=\"text-align: center;\"><a class=\"downloadElem pdf\" href=\"https:\/\/min-pan.krakow.pl\/instytut\/wp-content\/uploads\/sites\/2\/2020\/11\/Centrum-Zr\u00f3wnowa\u017conej-Gospodarki-Surowcami-i-Energi\u0105-.pdf\" target=\"_blank\" rel=\"noopener noreferrer\">\u00a0<\/a><cite>Centrum Zr\u00f3wnowa\u017conej Gospodarki Surowcami i Energi\u0105\u00a0<\/cite><\/p>\n<p><a class=\"link-btn\" href=\"https:\/\/min-pan.krakow.pl\/laboratoria\/centrum-zrownowazonej-gospodarki-surowcami-i-energia\/dziennik-budowy\/\">Dziennik budowy<\/a><\/p>","protected":false},"excerpt":{"rendered":"<p>Centrum Zr\u00f3wnowa\u017conej Gospodarki Surowcami i Energi\u0105 &nbsp; &nbsp; Projekt \u201eCentrum Zr\u00f3wnowa\u017conej Gospodarki Surowcami i Energi\u0105&#8221; jest realizowany przez Instytut Gospodarki Surowcami Mineralnymi i Energi\u0105 Polskiej Akademii Nauk, a wsp\u00f3\u0142finansowany przez Uni\u0119 Europejsk\u0105 ze \u015brodk\u00f3w Europejskiego Funduszu Rozwoju Regionalnego w ramach\u00a0Regionalnego Programu Operacyjnego Wojew\u00f3dztwa Ma\u0142opolskiego na lata 2014-2020. Projekt jest realizowany w Konsorcjum naukowym, kt\u00f3rego Liderem [&hellip;]<\/p>\n","protected":false},"author":1,"featured_media":0,"parent":0,"menu_order":128,"comment_status":"closed","ping_status":"closed","template":"templates\/template-center.php","meta":{"footnotes":""},"class_list":["post-1253","page","type-page","status-publish","hentry"],"_links":{"self":[{"href":"https:\/\/min-pan.krakow.pl\/instytut\/wp-json\/wp\/v2\/pages\/1253","targetHints":{"allow":["GET"]}}],"collection":[{"href":"https:\/\/min-pan.krakow.pl\/instytut\/wp-json\/wp\/v2\/pages"}],"about":[{"href":"https:\/\/min-pan.krakow.pl\/instytut\/wp-json\/wp\/v2\/types\/page"}],"author":[{"embeddable":true,"href":"https:\/\/min-pan.krakow.pl\/instytut\/wp-json\/wp\/v2\/users\/1"}],"replies":[{"embeddable":true,"href":"https:\/\/min-pan.krakow.pl\/instytut\/wp-json\/wp\/v2\/comments?post=1253"}],"version-history":[{"count":52,"href":"https:\/\/min-pan.krakow.pl\/instytut\/wp-json\/wp\/v2\/pages\/1253\/revisions"}],"predecessor-version":[{"id":2720,"href":"https:\/\/min-pan.krakow.pl\/instytut\/wp-json\/wp\/v2\/pages\/1253\/revisions\/2720"}],"wp:attachment":[{"href":"https:\/\/min-pan.krakow.pl\/instytut\/wp-json\/wp\/v2\/media?parent=1253"}],"curies":[{"name":"wp","href":"https:\/\/api.w.org\/{rel}","templated":true}]}}