{"id":1056,"date":"2019-08-01T14:10:54","date_gmt":"2019-08-01T12:10:54","guid":{"rendered":"https:\/\/min-pan.krakow.pl\/instytut\/?page_id=1056"},"modified":"2024-05-20T14:05:40","modified_gmt":"2024-05-20T12:05:40","slug":"institute-home-2","status":"publish","type":"page","link":"https:\/\/min-pan.krakow.pl\/instytut\/","title":{"rendered":"Instytut"},"content":{"rendered":"<p><\/p>\n<h2>Historia Instytutu i zakres dzia\u0142alno\u015bci<\/h2>\n<p>Na histori\u0119 naszego Instytutu sk\u0142ada si\u0119 kilka wydarze\u0144 zwi\u0105zanych ostatecznie z powstaniem samodzielnej jednostki naukowo-badawczej PAN:<\/p>\n<ul>\n<li>2021 \u2013 35 rocznica dzia\u0142alno\u015bci Instytutu,<\/li>\n<li>2017 \u2212 otrzymali\u015bmy prawo u\u017cywania presti\u017cowego logo Komisji Europejskiej \u201eHR Excellence in Research\u201d,<\/li>\n<li>2016 \u2212 ma miejsce jubileusz trzydziestolecia dzia\u0142alno\u015bci,<\/li>\n<li>2012 \u2212 uzyskali\u015bmy uprawnienia do nadawania stopnia doktora w dyscyplinie g\u00f3rnictwo i geologia in\u017cynierska,<\/li>\n<li>1998 \u2212 to pocz\u0105tek Instytutu Gospodarki Surowcami Mineralnymi i Energi\u0105 PAN,<\/li>\n<li>1988 \u2212 zaczyna dzia\u0142alno\u015b\u0107 Centrum Podstawowych Problem\u00f3w Gospodarki Surowcami Mineralnymi i Energi\u0105 PAN,<\/li>\n<li>1986 \u2212 powstaje Zak\u0142ad Podstaw Gospodarki Surowcami Mineralnymi PAN.<\/li>\n<\/ul>\n<p>Badania prowadzone w Instytucie charakteryzuj\u0105 si\u0119 interdyscyplinarno\u015bci\u0105 i\u00a0kompleksowo\u015bci\u0105. S\u0105 wykonywane w\u00a0pe\u0142nym cyklu \u2212 od bada\u0144 podstawowych do aplikacji.\u00a0Interdyscyplinarny charakter dzia\u0142alno\u015bci Instytutu obejmuje w szczeg\u00f3lno\u015bci takie obszary badawcze, jak:<\/p>\n<ul>\n<li>g\u00f3rnictwo,<\/li>\n<li>geologia i geologia in\u017cynierska<\/li>\n<li>energetyka, w tym\u00a0odnawialne \u017ar\u00f3d\u0142a energii i geotermia,<\/li>\n<li>in\u017cynieria \u015brodowiska,<\/li>\n<li>geofizyka i geofizyka stosowana.<\/li>\n<\/ul>\n<p>Warto podkre\u015bli\u0107, \u017ce Instytut jest prekursorem wykorzystania w Polsce energii geotermalnej. W\u00a0roku 1993 zaprojektowano i zbudowano pierwszy do\u015bwiadczalny zak\u0142ad geotermalny w Ba\u0144skiej Ni\u017cnej-Bia\u0142ym Dunajcu, bazuj\u0105cy na dw\u00f3ch g\u0142\u0119bokich otworach. Instalacja ta jest obecnie eksploatowana dla potrzeb ciep\u0142ownictwa oraz s\u0142u\u017cy jako laboratorium geotermalne do bada\u0144.<\/p>","protected":false},"excerpt":{"rendered":"<p>Historia Instytutu i zakres dzia\u0142alno\u015bci Na histori\u0119 naszego Instytutu sk\u0142ada si\u0119 kilka wydarze\u0144 zwi\u0105zanych ostatecznie z powstaniem samodzielnej jednostki naukowo-badawczej PAN: 2021 \u2013 35 rocznica dzia\u0142alno\u015bci Instytutu, 2017 \u2212 otrzymali\u015bmy prawo u\u017cywania presti\u017cowego logo Komisji Europejskiej \u201eHR Excellence in Research\u201d, 2016 \u2212 ma miejsce jubileusz trzydziestolecia dzia\u0142alno\u015bci, 2012 \u2212 uzyskali\u015bmy uprawnienia do nadawania stopnia doktora [&hellip;]<\/p>\n","protected":false},"author":1,"featured_media":0,"parent":0,"menu_order":133,"comment_status":"closed","ping_status":"closed","template":"","meta":{"footnotes":""},"class_list":["post-1056","page","type-page","status-publish","hentry"],"_links":{"self":[{"href":"https:\/\/min-pan.krakow.pl\/instytut\/wp-json\/wp\/v2\/pages\/1056","targetHints":{"allow":["GET"]}}],"collection":[{"href":"https:\/\/min-pan.krakow.pl\/instytut\/wp-json\/wp\/v2\/pages"}],"about":[{"href":"https:\/\/min-pan.krakow.pl\/instytut\/wp-json\/wp\/v2\/types\/page"}],"author":[{"embeddable":true,"href":"https:\/\/min-pan.krakow.pl\/instytut\/wp-json\/wp\/v2\/users\/1"}],"replies":[{"embeddable":true,"href":"https:\/\/min-pan.krakow.pl\/instytut\/wp-json\/wp\/v2\/comments?post=1056"}],"version-history":[{"count":5,"href":"https:\/\/min-pan.krakow.pl\/instytut\/wp-json\/wp\/v2\/pages\/1056\/revisions"}],"predecessor-version":[{"id":2519,"href":"https:\/\/min-pan.krakow.pl\/instytut\/wp-json\/wp\/v2\/pages\/1056\/revisions\/2519"}],"wp:attachment":[{"href":"https:\/\/min-pan.krakow.pl\/instytut\/wp-json\/wp\/v2\/media?parent=1056"}],"curies":[{"name":"wp","href":"https:\/\/api.w.org\/{rel}","templated":true}]}}