{"id":2787,"date":"2025-05-21T21:44:40","date_gmt":"2025-05-21T19:44:40","guid":{"rendered":"https:\/\/min-pan.krakow.pl\/instytut\/?page_id=2787"},"modified":"2025-05-21T21:44:40","modified_gmt":"2025-05-21T19:44:40","slug":"organizacja-uslugi-cateringowej-i-gastronomicznej-podczas-konferencji-pod-nazwa-konferencja-euindtech2025-technologie-przemyslowe-i-materialy-dla-zrownowazonej-europy-z-ok","status":"publish","type":"page","link":"https:\/\/min-pan.krakow.pl\/instytut\/en\/zamowienia-publiczne\/zamowienia-pzp-3\/organizacja-uslugi-cateringowej-i-gastronomicznej-podczas-konferencji-pod-nazwa-konferencja-euindtech2025-technologie-przemyslowe-i-materialy-dla-zrownowazonej-europy-z-ok\/","title":{"rendered":"(Polski) Organizacja us\u0142ugi cateringowej i gastronomicznej podczas konferencji pod nazw\u0105: \u201eKONFERENCJA EUINDTECH2025 \u2013 TECHNOLOGIE PRZEMYS\u0141OWE I MATERIA\u0141Y DLA ZR\u00d3WNOWA\u017bONEJ EUROPY\u201d z okazji polskiej prezydencji w Radzie Unii Europejskiej_AO-271-4\/25"},"content":{"rendered":"<p class=\"qtranxs-available-languages-message qtranxs-available-languages-message-en\">Sorry, this entry is only available in <a href=\"https:\/\/min-pan.krakow.pl\/instytut\/pl\/wp-json\/wp\/v2\/pages\/2787\" class=\"qtranxs-available-language-link qtranxs-available-language-link-pl\" title=\"Polski\">Polski<\/a>.<\/p>","protected":false},"excerpt":{"rendered":"<p>Sorry, this entry is only available in Polski.<\/p>\n","protected":false},"author":4,"featured_media":0,"parent":1562,"menu_order":8,"comment_status":"closed","ping_status":"closed","template":"templates\/template-document.php","meta":{"footnotes":""},"class_list":["post-2787","page","type-page","status-publish","hentry"],"_links":{"self":[{"href":"https:\/\/min-pan.krakow.pl\/instytut\/en\/wp-json\/wp\/v2\/pages\/2787","targetHints":{"allow":["GET"]}}],"collection":[{"href":"https:\/\/min-pan.krakow.pl\/instytut\/en\/wp-json\/wp\/v2\/pages"}],"about":[{"href":"https:\/\/min-pan.krakow.pl\/instytut\/en\/wp-json\/wp\/v2\/types\/page"}],"author":[{"embeddable":true,"href":"https:\/\/min-pan.krakow.pl\/instytut\/en\/wp-json\/wp\/v2\/users\/4"}],"replies":[{"embeddable":true,"href":"https:\/\/min-pan.krakow.pl\/instytut\/en\/wp-json\/wp\/v2\/comments?post=2787"}],"version-history":[{"count":1,"href":"https:\/\/min-pan.krakow.pl\/instytut\/en\/wp-json\/wp\/v2\/pages\/2787\/revisions"}],"predecessor-version":[{"id":2788,"href":"https:\/\/min-pan.krakow.pl\/instytut\/en\/wp-json\/wp\/v2\/pages\/2787\/revisions\/2788"}],"up":[{"embeddable":true,"href":"https:\/\/min-pan.krakow.pl\/instytut\/en\/wp-json\/wp\/v2\/pages\/1562"}],"wp:attachment":[{"href":"https:\/\/min-pan.krakow.pl\/instytut\/en\/wp-json\/wp\/v2\/media?parent=2787"}],"curies":[{"name":"wp","href":"https:\/\/api.w.org\/{rel}","templated":true}]}}