{"id":2731,"date":"2025-04-03T20:13:13","date_gmt":"2025-04-03T18:13:13","guid":{"rendered":"https:\/\/min-pan.krakow.pl\/instytut\/?page_id=2731"},"modified":"2025-04-03T20:13:13","modified_gmt":"2025-04-03T18:13:13","slug":"swiadczenie-uslug-hotelarskich-i-restauracyjnych-podczas-xxxviii-konferencja-z-cyklu-zagadnienia-surowcow-energetycznych-i-energii-w-gospodarce-krajowej_ao-271-3-25","status":"publish","type":"page","link":"https:\/\/min-pan.krakow.pl\/instytut\/en\/zamowienia-publiczne\/zamowienia-pzp-3\/swiadczenie-uslug-hotelarskich-i-restauracyjnych-podczas-xxxviii-konferencja-z-cyklu-zagadnienia-surowcow-energetycznych-i-energii-w-gospodarce-krajowej_ao-271-3-25\/","title":{"rendered":"(Polski) \u015awiadczenie us\u0142ug hotelarskich i restauracyjnych podczas XXXVIII Konferencja z cyklu: Zagadnienia Surowc\u00f3w Energetycznych i Energii w Gospodarce Krajowej_AO-271-3\/25"},"content":{"rendered":"<p class=\"qtranxs-available-languages-message qtranxs-available-languages-message-en\">Sorry, this entry is only available in <a href=\"https:\/\/min-pan.krakow.pl\/instytut\/pl\/wp-json\/wp\/v2\/pages\/2731\" class=\"qtranxs-available-language-link qtranxs-available-language-link-pl\" title=\"Polski\">Polski<\/a>.<\/p>","protected":false},"excerpt":{"rendered":"<p>Sorry, this entry is only available in Polski.<\/p>\n","protected":false},"author":4,"featured_media":0,"parent":1562,"menu_order":12,"comment_status":"closed","ping_status":"closed","template":"templates\/template-document.php","meta":{"footnotes":""},"class_list":["post-2731","page","type-page","status-publish","hentry"],"_links":{"self":[{"href":"https:\/\/min-pan.krakow.pl\/instytut\/en\/wp-json\/wp\/v2\/pages\/2731","targetHints":{"allow":["GET"]}}],"collection":[{"href":"https:\/\/min-pan.krakow.pl\/instytut\/en\/wp-json\/wp\/v2\/pages"}],"about":[{"href":"https:\/\/min-pan.krakow.pl\/instytut\/en\/wp-json\/wp\/v2\/types\/page"}],"author":[{"embeddable":true,"href":"https:\/\/min-pan.krakow.pl\/instytut\/en\/wp-json\/wp\/v2\/users\/4"}],"replies":[{"embeddable":true,"href":"https:\/\/min-pan.krakow.pl\/instytut\/en\/wp-json\/wp\/v2\/comments?post=2731"}],"version-history":[{"count":1,"href":"https:\/\/min-pan.krakow.pl\/instytut\/en\/wp-json\/wp\/v2\/pages\/2731\/revisions"}],"predecessor-version":[{"id":2733,"href":"https:\/\/min-pan.krakow.pl\/instytut\/en\/wp-json\/wp\/v2\/pages\/2731\/revisions\/2733"}],"up":[{"embeddable":true,"href":"https:\/\/min-pan.krakow.pl\/instytut\/en\/wp-json\/wp\/v2\/pages\/1562"}],"wp:attachment":[{"href":"https:\/\/min-pan.krakow.pl\/instytut\/en\/wp-json\/wp\/v2\/media?parent=2731"}],"curies":[{"name":"wp","href":"https:\/\/api.w.org\/{rel}","templated":true}]}}