{"id":2725,"date":"2025-04-02T20:30:40","date_gmt":"2025-04-02T18:30:40","guid":{"rendered":"https:\/\/min-pan.krakow.pl\/instytut\/?page_id=2725"},"modified":"2025-05-12T10:50:25","modified_gmt":"2025-05-12T08:50:25","slug":"zapytanie-nr-59-wynajem-sal-konferencyjnych-w-krakowie-na-potrzeby-konferencji-pod-nazwa-konferencja-euindtech2025-technologie-przemyslowe-i-materialy-dla-zrownowazonej-europy","status":"publish","type":"page","link":"https:\/\/min-pan.krakow.pl\/instytut\/en\/zamowienia-publiczne\/zapytania-ofertowe-2\/zapytanie-nr-59-wynajem-sal-konferencyjnych-w-krakowie-na-potrzeby-konferencji-pod-nazwa-konferencja-euindtech2025-technologie-przemyslowe-i-materialy-dla-zrownowazonej-europy\/","title":{"rendered":"(Polski) Zapytanie nr 59: Wynajem sal konferencyjnych w Krakowie na potrzeby konferencji pod nazw\u0105: \u201eKonferencja EUIndTech2025 \u2013 technologie przemys\u0142owe i materia\u0142y dla zr\u00f3wnowa\u017conej Europy\u201d z okazji polskiej prezydencji w radzie Unii Europejskiej_AF-4520-2\/24"},"content":{"rendered":"<p class=\"qtranxs-available-languages-message qtranxs-available-languages-message-en\">Sorry, this entry is only available in <a href=\"https:\/\/min-pan.krakow.pl\/instytut\/pl\/wp-json\/wp\/v2\/pages\/2725\" class=\"qtranxs-available-language-link qtranxs-available-language-link-pl\" title=\"Polski\">Polski<\/a>.<\/p>","protected":false},"excerpt":{"rendered":"<p>Sorry, this entry is only available in Polski.<\/p>\n","protected":false},"author":4,"featured_media":0,"parent":1564,"menu_order":67,"comment_status":"closed","ping_status":"closed","template":"templates\/template-document.php","meta":{"footnotes":""},"class_list":["post-2725","page","type-page","status-publish","hentry"],"_links":{"self":[{"href":"https:\/\/min-pan.krakow.pl\/instytut\/en\/wp-json\/wp\/v2\/pages\/2725","targetHints":{"allow":["GET"]}}],"collection":[{"href":"https:\/\/min-pan.krakow.pl\/instytut\/en\/wp-json\/wp\/v2\/pages"}],"about":[{"href":"https:\/\/min-pan.krakow.pl\/instytut\/en\/wp-json\/wp\/v2\/types\/page"}],"author":[{"embeddable":true,"href":"https:\/\/min-pan.krakow.pl\/instytut\/en\/wp-json\/wp\/v2\/users\/4"}],"replies":[{"embeddable":true,"href":"https:\/\/min-pan.krakow.pl\/instytut\/en\/wp-json\/wp\/v2\/comments?post=2725"}],"version-history":[{"count":9,"href":"https:\/\/min-pan.krakow.pl\/instytut\/en\/wp-json\/wp\/v2\/pages\/2725\/revisions"}],"predecessor-version":[{"id":2783,"href":"https:\/\/min-pan.krakow.pl\/instytut\/en\/wp-json\/wp\/v2\/pages\/2725\/revisions\/2783"}],"up":[{"embeddable":true,"href":"https:\/\/min-pan.krakow.pl\/instytut\/en\/wp-json\/wp\/v2\/pages\/1564"}],"wp:attachment":[{"href":"https:\/\/min-pan.krakow.pl\/instytut\/en\/wp-json\/wp\/v2\/media?parent=2725"}],"curies":[{"name":"wp","href":"https:\/\/api.w.org\/{rel}","templated":true}]}}