{"id":2458,"date":"2024-04-19T15:50:26","date_gmt":"2024-04-19T13:50:26","guid":{"rendered":"https:\/\/min-pan.krakow.pl\/instytut\/?page_id=2458"},"modified":"2024-04-19T15:50:52","modified_gmt":"2024-04-19T13:50:52","slug":"swiadczenie-uslug-hotelarskich-i-restauracyjnych-podczas-trwania-xxxvii-konferencji-z-cyklu-zagadnienia-surowcow-energetycznych-i-energii-w-gospodarce-krajowej-w-dniach-20-pazdziernika-2024-r","status":"publish","type":"page","link":"https:\/\/min-pan.krakow.pl\/instytut\/en\/zamowienia-publiczne\/zamowienia-pzp-3\/swiadczenie-uslug-hotelarskich-i-restauracyjnych-podczas-trwania-xxxvii-konferencji-z-cyklu-zagadnienia-surowcow-energetycznych-i-energii-w-gospodarce-krajowej-w-dniach-20-pazdziernika-2024-r\/","title":{"rendered":"(Polski) \u015awiadczenie us\u0142ug hotelarskich i restauracyjnych podczas trwania XXXVII konferencji z cyklu Zagadnienia Surowc\u00f3w Energetycznych i Energii w Gospodarce Krajowej w dniach 20 pa\u017adziernika 2024 r. \u2013 23 pa\u017adziernika 2024 r._AO-271-1\/24\u00a0"},"content":{"rendered":"<p class=\"qtranxs-available-languages-message qtranxs-available-languages-message-en\">Sorry, this entry is only available in <a href=\"https:\/\/min-pan.krakow.pl\/instytut\/pl\/wp-json\/wp\/v2\/pages\/2458\" class=\"qtranxs-available-language-link qtranxs-available-language-link-pl\" title=\"Polski\">Polski<\/a>.<\/p>","protected":false},"excerpt":{"rendered":"<p>Sorry, this entry is only available in Polski.<\/p>\n","protected":false},"author":4,"featured_media":0,"parent":1562,"menu_order":19,"comment_status":"closed","ping_status":"closed","template":"templates\/template-document.php","meta":{"footnotes":""},"class_list":["post-2458","page","type-page","status-publish","hentry"],"_links":{"self":[{"href":"https:\/\/min-pan.krakow.pl\/instytut\/en\/wp-json\/wp\/v2\/pages\/2458","targetHints":{"allow":["GET"]}}],"collection":[{"href":"https:\/\/min-pan.krakow.pl\/instytut\/en\/wp-json\/wp\/v2\/pages"}],"about":[{"href":"https:\/\/min-pan.krakow.pl\/instytut\/en\/wp-json\/wp\/v2\/types\/page"}],"author":[{"embeddable":true,"href":"https:\/\/min-pan.krakow.pl\/instytut\/en\/wp-json\/wp\/v2\/users\/4"}],"replies":[{"embeddable":true,"href":"https:\/\/min-pan.krakow.pl\/instytut\/en\/wp-json\/wp\/v2\/comments?post=2458"}],"version-history":[{"count":2,"href":"https:\/\/min-pan.krakow.pl\/instytut\/en\/wp-json\/wp\/v2\/pages\/2458\/revisions"}],"predecessor-version":[{"id":2461,"href":"https:\/\/min-pan.krakow.pl\/instytut\/en\/wp-json\/wp\/v2\/pages\/2458\/revisions\/2461"}],"up":[{"embeddable":true,"href":"https:\/\/min-pan.krakow.pl\/instytut\/en\/wp-json\/wp\/v2\/pages\/1562"}],"wp:attachment":[{"href":"https:\/\/min-pan.krakow.pl\/instytut\/en\/wp-json\/wp\/v2\/media?parent=2458"}],"curies":[{"name":"wp","href":"https:\/\/api.w.org\/{rel}","templated":true}]}}