{"id":2430,"date":"2023-11-03T14:00:35","date_gmt":"2023-11-03T13:00:35","guid":{"rendered":"https:\/\/min-pan.krakow.pl\/instytut\/?page_id=2430"},"modified":"2023-11-03T14:00:35","modified_gmt":"2023-11-03T13:00:35","slug":"dostawa-ukladu-sterujacego-do-zarzadzania-energia-z-4-zrodel-h2-lpg-on-pv-wraz-z-licencja-niewylaczna-na-oprogramowanie-dla-jednostki-roboczej-typu-katamaran_af-271-12-23","status":"publish","type":"page","link":"https:\/\/min-pan.krakow.pl\/instytut\/en\/zamowienia-publiczne\/zamowienia-pzp-3\/dostawa-ukladu-sterujacego-do-zarzadzania-energia-z-4-zrodel-h2-lpg-on-pv-wraz-z-licencja-niewylaczna-na-oprogramowanie-dla-jednostki-roboczej-typu-katamaran_af-271-12-23\/","title":{"rendered":"(Polski) Dostawa uk\u0142adu steruj\u0105cego do zarz\u0105dzania energi\u0105 z 4 \u017ar\u00f3de\u0142 H2, LPG, ON, PV (wraz z licencj\u0105 niewy\u0142\u0105czn\u0105 na oprogramowanie) dla jednostki roboczej typu katamaran_AF-271-12\/23"},"content":{"rendered":"<p class=\"qtranxs-available-languages-message qtranxs-available-languages-message-en\">Sorry, this entry is only available in <a href=\"https:\/\/min-pan.krakow.pl\/instytut\/pl\/wp-json\/wp\/v2\/pages\/2430\" class=\"qtranxs-available-language-link qtranxs-available-language-link-pl\" title=\"Polski\">Polski<\/a>.<\/p>","protected":false},"excerpt":{"rendered":"<p>Sorry, this entry is only available in Polski.<\/p>\n","protected":false},"author":4,"featured_media":0,"parent":1562,"menu_order":29,"comment_status":"closed","ping_status":"closed","template":"templates\/template-document.php","meta":{"footnotes":""},"class_list":["post-2430","page","type-page","status-publish","hentry"],"_links":{"self":[{"href":"https:\/\/min-pan.krakow.pl\/instytut\/en\/wp-json\/wp\/v2\/pages\/2430","targetHints":{"allow":["GET"]}}],"collection":[{"href":"https:\/\/min-pan.krakow.pl\/instytut\/en\/wp-json\/wp\/v2\/pages"}],"about":[{"href":"https:\/\/min-pan.krakow.pl\/instytut\/en\/wp-json\/wp\/v2\/types\/page"}],"author":[{"embeddable":true,"href":"https:\/\/min-pan.krakow.pl\/instytut\/en\/wp-json\/wp\/v2\/users\/4"}],"replies":[{"embeddable":true,"href":"https:\/\/min-pan.krakow.pl\/instytut\/en\/wp-json\/wp\/v2\/comments?post=2430"}],"version-history":[{"count":1,"href":"https:\/\/min-pan.krakow.pl\/instytut\/en\/wp-json\/wp\/v2\/pages\/2430\/revisions"}],"predecessor-version":[{"id":2432,"href":"https:\/\/min-pan.krakow.pl\/instytut\/en\/wp-json\/wp\/v2\/pages\/2430\/revisions\/2432"}],"up":[{"embeddable":true,"href":"https:\/\/min-pan.krakow.pl\/instytut\/en\/wp-json\/wp\/v2\/pages\/1562"}],"wp:attachment":[{"href":"https:\/\/min-pan.krakow.pl\/instytut\/en\/wp-json\/wp\/v2\/media?parent=2430"}],"curies":[{"name":"wp","href":"https:\/\/api.w.org\/{rel}","templated":true}]}}