{"id":2368,"date":"2023-03-23T16:38:34","date_gmt":"2023-03-23T15:38:34","guid":{"rendered":"https:\/\/min-pan.krakow.pl\/instytut\/?page_id=2368"},"modified":"2023-03-23T16:39:35","modified_gmt":"2023-03-23T15:39:35","slug":"uslugi-hotelarska-i-restauracyjna-podczas-trwania-dzialan-szkoleniowych-realizowanych-w-ramach-projektu-budowa-zdolnosci-kluczowych-zainteresowanych-stron-w-dziedzinie-energii-geotermalnej-2","status":"publish","type":"page","link":"https:\/\/min-pan.krakow.pl\/instytut\/en\/zamowienia-publiczne\/zamowienia-pzp-3\/uslugi-hotelarska-i-restauracyjna-podczas-trwania-dzialan-szkoleniowych-realizowanych-w-ramach-projektu-budowa-zdolnosci-kluczowych-zainteresowanych-stron-w-dziedzinie-energii-geotermalnej-2\/","title":{"rendered":"(Polski) Us\u0142ugi hotelarska i restauracyjna podczas trwania dzia\u0142a\u0144 szkoleniowych realizowanych w ramach Projektu \u201eBudowa zdolno\u015bci kluczowych zainteresowanych stron w dziedzinie energii geotermalnej\u201d_AF-271-3\/23"},"content":{"rendered":"<p class=\"qtranxs-available-languages-message qtranxs-available-languages-message-en\">Sorry, this entry is only available in <a href=\"https:\/\/min-pan.krakow.pl\/instytut\/pl\/wp-json\/wp\/v2\/pages\/2368\" class=\"qtranxs-available-language-link qtranxs-available-language-link-pl\" title=\"Polski\">Polski<\/a>.<\/p>","protected":false},"excerpt":{"rendered":"<p>Sorry, this entry is only available in Polski.<\/p>\n","protected":false},"author":4,"featured_media":0,"parent":1562,"menu_order":9,"comment_status":"closed","ping_status":"closed","template":"templates\/template-document.php","meta":{"footnotes":""},"class_list":["post-2368","page","type-page","status-publish","hentry"],"_links":{"self":[{"href":"https:\/\/min-pan.krakow.pl\/instytut\/en\/wp-json\/wp\/v2\/pages\/2368","targetHints":{"allow":["GET"]}}],"collection":[{"href":"https:\/\/min-pan.krakow.pl\/instytut\/en\/wp-json\/wp\/v2\/pages"}],"about":[{"href":"https:\/\/min-pan.krakow.pl\/instytut\/en\/wp-json\/wp\/v2\/types\/page"}],"author":[{"embeddable":true,"href":"https:\/\/min-pan.krakow.pl\/instytut\/en\/wp-json\/wp\/v2\/users\/4"}],"replies":[{"embeddable":true,"href":"https:\/\/min-pan.krakow.pl\/instytut\/en\/wp-json\/wp\/v2\/comments?post=2368"}],"version-history":[{"count":1,"href":"https:\/\/min-pan.krakow.pl\/instytut\/en\/wp-json\/wp\/v2\/pages\/2368\/revisions"}],"predecessor-version":[{"id":2371,"href":"https:\/\/min-pan.krakow.pl\/instytut\/en\/wp-json\/wp\/v2\/pages\/2368\/revisions\/2371"}],"up":[{"embeddable":true,"href":"https:\/\/min-pan.krakow.pl\/instytut\/en\/wp-json\/wp\/v2\/pages\/1562"}],"wp:attachment":[{"href":"https:\/\/min-pan.krakow.pl\/instytut\/en\/wp-json\/wp\/v2\/media?parent=2368"}],"curies":[{"name":"wp","href":"https:\/\/api.w.org\/{rel}","templated":true}]}}