{"id":2355,"date":"2023-02-27T13:20:56","date_gmt":"2023-02-27T12:20:56","guid":{"rendered":"https:\/\/min-pan.krakow.pl\/instytut\/?page_id=2355"},"modified":"2023-02-27T13:21:10","modified_gmt":"2023-02-27T12:21:10","slug":"zakup-i-dostawa-ogniwa-paliwowego-zasilanego-paliwem-wodorowym-kompletnego-zestawu-wraz-z-osprzetem-na-potrzeby-realizacji-projektu-pn-eko-efektywny-wielopaliwowy-uklad-napedowy-z-ogniwem","status":"publish","type":"page","link":"https:\/\/min-pan.krakow.pl\/instytut\/en\/zamowienia-publiczne\/zamowienia-pzp-3\/zakup-i-dostawa-ogniwa-paliwowego-zasilanego-paliwem-wodorowym-kompletnego-zestawu-wraz-z-osprzetem-na-potrzeby-realizacji-projektu-pn-eko-efektywny-wielopaliwowy-uklad-napedowy-z-ogniwem\/","title":{"rendered":"(Polski) Zakup i dostawa ogniwa paliwowego zasilanego paliwem wodorowym (kompletnego zestawu wraz z osprz\u0119tem) na potrzeby realizacji projektu pn.: \u201eEko-efektywny wielopaliwowy uk\u0142ad nap\u0119dowy z ogniwem wodorowym w jednostce p\u0142ywaj\u0105cej typu katamaran\u201d- AF-271-10\/22"},"content":{"rendered":"<p class=\"qtranxs-available-languages-message qtranxs-available-languages-message-en\">Sorry, this entry is only available in <a href=\"https:\/\/min-pan.krakow.pl\/instytut\/pl\/wp-json\/wp\/v2\/pages\/2355\" class=\"qtranxs-available-language-link qtranxs-available-language-link-pl\" title=\"Polski\">Polski<\/a>.<\/p>","protected":false},"excerpt":{"rendered":"<p>Sorry, this entry is only available in Polski.<\/p>\n","protected":false},"author":4,"featured_media":0,"parent":1562,"menu_order":11,"comment_status":"closed","ping_status":"closed","template":"templates\/template-document.php","meta":{"footnotes":""},"class_list":["post-2355","page","type-page","status-publish","hentry"],"_links":{"self":[{"href":"https:\/\/min-pan.krakow.pl\/instytut\/en\/wp-json\/wp\/v2\/pages\/2355","targetHints":{"allow":["GET"]}}],"collection":[{"href":"https:\/\/min-pan.krakow.pl\/instytut\/en\/wp-json\/wp\/v2\/pages"}],"about":[{"href":"https:\/\/min-pan.krakow.pl\/instytut\/en\/wp-json\/wp\/v2\/types\/page"}],"author":[{"embeddable":true,"href":"https:\/\/min-pan.krakow.pl\/instytut\/en\/wp-json\/wp\/v2\/users\/4"}],"replies":[{"embeddable":true,"href":"https:\/\/min-pan.krakow.pl\/instytut\/en\/wp-json\/wp\/v2\/comments?post=2355"}],"version-history":[{"count":1,"href":"https:\/\/min-pan.krakow.pl\/instytut\/en\/wp-json\/wp\/v2\/pages\/2355\/revisions"}],"predecessor-version":[{"id":2357,"href":"https:\/\/min-pan.krakow.pl\/instytut\/en\/wp-json\/wp\/v2\/pages\/2355\/revisions\/2357"}],"up":[{"embeddable":true,"href":"https:\/\/min-pan.krakow.pl\/instytut\/en\/wp-json\/wp\/v2\/pages\/1562"}],"wp:attachment":[{"href":"https:\/\/min-pan.krakow.pl\/instytut\/en\/wp-json\/wp\/v2\/media?parent=2355"}],"curies":[{"name":"wp","href":"https:\/\/api.w.org\/{rel}","templated":true}]}}