{"id":2260,"date":"2022-07-26T13:00:21","date_gmt":"2022-07-26T11:00:21","guid":{"rendered":"https:\/\/min-pan.krakow.pl\/instytut\/?page_id=2260"},"modified":"2022-08-05T14:14:19","modified_gmt":"2022-08-05T12:14:19","slug":"zapytanie-nr-43-zapytanie-ofertowe-w-sprawie-wykonania-uslugi-przeprowadzenia-badan-z-wykorzystaniem-metody-eeg-na-potrzeby-projektu-eko-efektywny-wielopaliwowy-uklad-napedowy-z-ogniwem-wod","status":"publish","type":"page","link":"https:\/\/min-pan.krakow.pl\/instytut\/en\/zamowienia-publiczne\/zapytania-ofertowe-2\/zapytanie-nr-43-zapytanie-ofertowe-w-sprawie-wykonania-uslugi-przeprowadzenia-badan-z-wykorzystaniem-metody-eeg-na-potrzeby-projektu-eko-efektywny-wielopaliwowy-uklad-napedowy-z-ogniwem-wod\/","title":{"rendered":"(Polski) Zapytanie nr 43: Zapytanie ofertowe w sprawie wykonania us\u0142ugi przeprowadzenia bada\u0144 z wykorzystaniem metody EEG na potrzeby projektu: \u201eEko-efektywny wielopaliwowy uk\u0142ad nap\u0119dowy z ogniwem wodorowym w jednostce p\u0142ywaj\u0105cej typu katamaran\u201d"},"content":{"rendered":"<p class=\"qtranxs-available-languages-message qtranxs-available-languages-message-en\">Sorry, this entry is only available in <a href=\"https:\/\/min-pan.krakow.pl\/instytut\/pl\/wp-json\/wp\/v2\/pages\/2260\" class=\"qtranxs-available-language-link qtranxs-available-language-link-pl\" title=\"Polski\">Polski<\/a>.<\/p>","protected":false},"excerpt":{"rendered":"<p>Sorry, this entry is only available in Polski.<\/p>\n","protected":false},"author":4,"featured_media":0,"parent":1564,"menu_order":75,"comment_status":"closed","ping_status":"closed","template":"","meta":{"footnotes":""},"class_list":["post-2260","page","type-page","status-publish","hentry"],"_links":{"self":[{"href":"https:\/\/min-pan.krakow.pl\/instytut\/en\/wp-json\/wp\/v2\/pages\/2260","targetHints":{"allow":["GET"]}}],"collection":[{"href":"https:\/\/min-pan.krakow.pl\/instytut\/en\/wp-json\/wp\/v2\/pages"}],"about":[{"href":"https:\/\/min-pan.krakow.pl\/instytut\/en\/wp-json\/wp\/v2\/types\/page"}],"author":[{"embeddable":true,"href":"https:\/\/min-pan.krakow.pl\/instytut\/en\/wp-json\/wp\/v2\/users\/4"}],"replies":[{"embeddable":true,"href":"https:\/\/min-pan.krakow.pl\/instytut\/en\/wp-json\/wp\/v2\/comments?post=2260"}],"version-history":[{"count":4,"href":"https:\/\/min-pan.krakow.pl\/instytut\/en\/wp-json\/wp\/v2\/pages\/2260\/revisions"}],"predecessor-version":[{"id":2268,"href":"https:\/\/min-pan.krakow.pl\/instytut\/en\/wp-json\/wp\/v2\/pages\/2260\/revisions\/2268"}],"up":[{"embeddable":true,"href":"https:\/\/min-pan.krakow.pl\/instytut\/en\/wp-json\/wp\/v2\/pages\/1564"}],"wp:attachment":[{"href":"https:\/\/min-pan.krakow.pl\/instytut\/en\/wp-json\/wp\/v2\/media?parent=2260"}],"curies":[{"name":"wp","href":"https:\/\/api.w.org\/{rel}","templated":true}]}}