{"id":2198,"date":"2022-05-06T10:39:50","date_gmt":"2022-05-06T08:39:50","guid":{"rendered":"https:\/\/min-pan.krakow.pl\/instytut\/?page_id=2198"},"modified":"2022-05-20T13:25:49","modified_gmt":"2022-05-20T11:25:49","slug":"zapytanie-nr-42-zapytanie-ofertowe-w-sprawie-realizacji-uslugi-dotyczacej-przeprowadzenia-badania-jakosciowego-i-ilosciowego-dotyczacego-poznania-preferencji-uzytkownikow-oraz-poziomu-akceptowalnosci","status":"publish","type":"page","link":"https:\/\/min-pan.krakow.pl\/instytut\/en\/zamowienia-publiczne\/zapytania-ofertowe-2\/zapytanie-nr-42-zapytanie-ofertowe-w-sprawie-realizacji-uslugi-dotyczacej-przeprowadzenia-badania-jakosciowego-i-ilosciowego-dotyczacego-poznania-preferencji-uzytkownikow-oraz-poziomu-akceptowalnosci\/","title":{"rendered":"(Polski) Zapytanie nr 42: Zapytanie ofertowe w sprawie realizacji us\u0142ugi dotycz\u0105cej przeprowadzenia badania jako\u015bciowego i ilo\u015bciowego dotycz\u0105cego poznania preferencji u\u017cytkownik\u00f3w oraz poziomu akceptowalno\u015bci spo\u0142ecznej opracowywanego w ramach projektu Kompleksowego Systemu Zbi\u00f3rki i Recyklingu Odpad\u00f3w"},"content":{"rendered":"<p class=\"qtranxs-available-languages-message qtranxs-available-languages-message-en\">Sorry, this entry is only available in <a href=\"https:\/\/min-pan.krakow.pl\/instytut\/pl\/wp-json\/wp\/v2\/pages\/2198\" class=\"qtranxs-available-language-link qtranxs-available-language-link-pl\" title=\"Polski\">Polski<\/a>.<\/p>","protected":false},"excerpt":{"rendered":"<p>Sorry, this entry is only available in Polski.<\/p>\n","protected":false},"author":4,"featured_media":0,"parent":1564,"menu_order":76,"comment_status":"closed","ping_status":"closed","template":"","meta":{"footnotes":""},"class_list":["post-2198","page","type-page","status-publish","hentry"],"_links":{"self":[{"href":"https:\/\/min-pan.krakow.pl\/instytut\/en\/wp-json\/wp\/v2\/pages\/2198","targetHints":{"allow":["GET"]}}],"collection":[{"href":"https:\/\/min-pan.krakow.pl\/instytut\/en\/wp-json\/wp\/v2\/pages"}],"about":[{"href":"https:\/\/min-pan.krakow.pl\/instytut\/en\/wp-json\/wp\/v2\/types\/page"}],"author":[{"embeddable":true,"href":"https:\/\/min-pan.krakow.pl\/instytut\/en\/wp-json\/wp\/v2\/users\/4"}],"replies":[{"embeddable":true,"href":"https:\/\/min-pan.krakow.pl\/instytut\/en\/wp-json\/wp\/v2\/comments?post=2198"}],"version-history":[{"count":5,"href":"https:\/\/min-pan.krakow.pl\/instytut\/en\/wp-json\/wp\/v2\/pages\/2198\/revisions"}],"predecessor-version":[{"id":2212,"href":"https:\/\/min-pan.krakow.pl\/instytut\/en\/wp-json\/wp\/v2\/pages\/2198\/revisions\/2212"}],"up":[{"embeddable":true,"href":"https:\/\/min-pan.krakow.pl\/instytut\/en\/wp-json\/wp\/v2\/pages\/1564"}],"wp:attachment":[{"href":"https:\/\/min-pan.krakow.pl\/instytut\/en\/wp-json\/wp\/v2\/media?parent=2198"}],"curies":[{"name":"wp","href":"https:\/\/api.w.org\/{rel}","templated":true}]}}