{"id":2125,"date":"2022-03-24T12:33:32","date_gmt":"2022-03-24T11:33:32","guid":{"rendered":"https:\/\/min-pan.krakow.pl\/instytut\/?page_id=2125"},"modified":"2022-03-24T12:33:32","modified_gmt":"2022-03-24T11:33:32","slug":"zapytanie-nr-39-swiadczenie-uslug-tlumaczen-materialow-informacyjnych-raportu-z-eksperckich-wizyt-studyjnych-oraz-materialow-konferencyjnych-i-szkoleniowych-realizowanych-w-ramach-projektu","status":"publish","type":"page","link":"https:\/\/min-pan.krakow.pl\/instytut\/en\/zamowienia-publiczne\/zapytania-ofertowe-2\/zapytanie-nr-39-swiadczenie-uslug-tlumaczen-materialow-informacyjnych-raportu-z-eksperckich-wizyt-studyjnych-oraz-materialow-konferencyjnych-i-szkoleniowych-realizowanych-w-ramach-projektu\/","title":{"rendered":"(Polski) Zapytanie nr 39: \u015awiadczenie us\u0142ug t\u0142umacze\u0144 materia\u0142\u00f3w informacyjnych, Raportu z Eksperckich wizyt studyjnych oraz materia\u0142\u00f3w konferencyjnych i szkoleniowych realizowanych w ramach projektu  \u201eBudowanie zdolno\u015bci kluczowych zainteresowanych stron w dziedzinie energii geotermalnej\u201d  znak sprawy: AF-411-13\/20"},"content":{"rendered":"<p class=\"qtranxs-available-languages-message qtranxs-available-languages-message-en\">Sorry, this entry is only available in <a href=\"https:\/\/min-pan.krakow.pl\/instytut\/pl\/wp-json\/wp\/v2\/pages\/2125\" class=\"qtranxs-available-language-link qtranxs-available-language-link-pl\" title=\"Polski\">Polski<\/a>.<\/p>","protected":false},"excerpt":{"rendered":"<p>Sorry, this entry is only available in Polski.<\/p>\n","protected":false},"author":12,"featured_media":0,"parent":1564,"menu_order":79,"comment_status":"closed","ping_status":"closed","template":"","meta":{"footnotes":""},"class_list":["post-2125","page","type-page","status-publish","hentry"],"_links":{"self":[{"href":"https:\/\/min-pan.krakow.pl\/instytut\/en\/wp-json\/wp\/v2\/pages\/2125","targetHints":{"allow":["GET"]}}],"collection":[{"href":"https:\/\/min-pan.krakow.pl\/instytut\/en\/wp-json\/wp\/v2\/pages"}],"about":[{"href":"https:\/\/min-pan.krakow.pl\/instytut\/en\/wp-json\/wp\/v2\/types\/page"}],"author":[{"embeddable":true,"href":"https:\/\/min-pan.krakow.pl\/instytut\/en\/wp-json\/wp\/v2\/users\/12"}],"replies":[{"embeddable":true,"href":"https:\/\/min-pan.krakow.pl\/instytut\/en\/wp-json\/wp\/v2\/comments?post=2125"}],"version-history":[{"count":1,"href":"https:\/\/min-pan.krakow.pl\/instytut\/en\/wp-json\/wp\/v2\/pages\/2125\/revisions"}],"predecessor-version":[{"id":2129,"href":"https:\/\/min-pan.krakow.pl\/instytut\/en\/wp-json\/wp\/v2\/pages\/2125\/revisions\/2129"}],"up":[{"embeddable":true,"href":"https:\/\/min-pan.krakow.pl\/instytut\/en\/wp-json\/wp\/v2\/pages\/1564"}],"wp:attachment":[{"href":"https:\/\/min-pan.krakow.pl\/instytut\/en\/wp-json\/wp\/v2\/media?parent=2125"}],"curies":[{"name":"wp","href":"https:\/\/api.w.org\/{rel}","templated":true}]}}