{"id":2113,"date":"2022-03-23T14:40:11","date_gmt":"2022-03-23T13:40:11","guid":{"rendered":"https:\/\/min-pan.krakow.pl\/instytut\/?page_id=2113"},"modified":"2022-04-07T15:21:35","modified_gmt":"2022-04-07T13:21:35","slug":"zapytanie-nr-38-swiadczenie-uslug-tlumaczen-symultanicznych-i-konsekutywnych-podczas-trwania-szkolen-realizowanych-w-ramach-projektu-budowanie-zdolnosci-kluczowych-zainteresowanych-stron-w-dziedzin","status":"publish","type":"page","link":"https:\/\/min-pan.krakow.pl\/instytut\/en\/zamowienia-publiczne\/zapytania-ofertowe-2\/zapytanie-nr-38-swiadczenie-uslug-tlumaczen-symultanicznych-i-konsekutywnych-podczas-trwania-szkolen-realizowanych-w-ramach-projektu-budowanie-zdolnosci-kluczowych-zainteresowanych-stron-w-dziedzin\/","title":{"rendered":"(Polski) Zapytanie nr 38: \u015awiadczenie us\u0142ug t\u0142umacze\u0144 symultanicznych i konsekutywnych podczas trwania szkole\u0144 realizowanych w ramach projektu &#8220;Budowanie zdolno\u015bci kluczowych zainteresowanych stron w dziedzinie energii geotermalnej&#8221; znak sprawy: AF-411-13\/20"},"content":{"rendered":"<p class=\"qtranxs-available-languages-message qtranxs-available-languages-message-en\">Sorry, this entry is only available in <a href=\"https:\/\/min-pan.krakow.pl\/instytut\/pl\/wp-json\/wp\/v2\/pages\/2113\" class=\"qtranxs-available-language-link qtranxs-available-language-link-pl\" title=\"Polski\">Polski<\/a>.<\/p>","protected":false},"excerpt":{"rendered":"<p>Sorry, this entry is only available in Polski.<\/p>\n","protected":false},"author":12,"featured_media":0,"parent":1564,"menu_order":80,"comment_status":"closed","ping_status":"closed","template":"","meta":{"footnotes":""},"class_list":["post-2113","page","type-page","status-publish","hentry"],"_links":{"self":[{"href":"https:\/\/min-pan.krakow.pl\/instytut\/en\/wp-json\/wp\/v2\/pages\/2113","targetHints":{"allow":["GET"]}}],"collection":[{"href":"https:\/\/min-pan.krakow.pl\/instytut\/en\/wp-json\/wp\/v2\/pages"}],"about":[{"href":"https:\/\/min-pan.krakow.pl\/instytut\/en\/wp-json\/wp\/v2\/types\/page"}],"author":[{"embeddable":true,"href":"https:\/\/min-pan.krakow.pl\/instytut\/en\/wp-json\/wp\/v2\/users\/12"}],"replies":[{"embeddable":true,"href":"https:\/\/min-pan.krakow.pl\/instytut\/en\/wp-json\/wp\/v2\/comments?post=2113"}],"version-history":[{"count":3,"href":"https:\/\/min-pan.krakow.pl\/instytut\/en\/wp-json\/wp\/v2\/pages\/2113\/revisions"}],"predecessor-version":[{"id":2155,"href":"https:\/\/min-pan.krakow.pl\/instytut\/en\/wp-json\/wp\/v2\/pages\/2113\/revisions\/2155"}],"up":[{"embeddable":true,"href":"https:\/\/min-pan.krakow.pl\/instytut\/en\/wp-json\/wp\/v2\/pages\/1564"}],"wp:attachment":[{"href":"https:\/\/min-pan.krakow.pl\/instytut\/en\/wp-json\/wp\/v2\/media?parent=2113"}],"curies":[{"name":"wp","href":"https:\/\/api.w.org\/{rel}","templated":true}]}}