{"id":2097,"date":"2022-03-15T14:50:49","date_gmt":"2022-03-15T13:50:49","guid":{"rendered":"https:\/\/min-pan.krakow.pl\/instytut\/?page_id=2097"},"modified":"2022-03-25T10:06:55","modified_gmt":"2022-03-25T09:06:55","slug":"zapytanie-nr-37-swiadczenie-uslug-hotelarskich-i-restauracyjnych-podczas-trwania-xxxv-konferencji-z-cyklu-zagadnienia-surowcow-energetycznych-i-energii-w-gospodarce-krajowej-znak-sprawy-af-271","status":"publish","type":"page","link":"https:\/\/min-pan.krakow.pl\/instytut\/en\/zamowienia-publiczne\/zapytania-ofertowe-2\/zapytanie-nr-37-swiadczenie-uslug-hotelarskich-i-restauracyjnych-podczas-trwania-xxxv-konferencji-z-cyklu-zagadnienia-surowcow-energetycznych-i-energii-w-gospodarce-krajowej-znak-sprawy-af-271\/","title":{"rendered":"(Polski) Zapytanie nr 37: \u015awiadczenie us\u0142ug hotelarskich i restauracyjnych podczas trwania XXXV konferencji z cyklu &#8220;Zagadnienia surowc\u00f3w energetycznych i energii w gospodarce krajowej&#8221;, znak sprawy: AF-271-2\/22"},"content":{"rendered":"<p class=\"qtranxs-available-languages-message qtranxs-available-languages-message-en\">Sorry, this entry is only available in <a href=\"https:\/\/min-pan.krakow.pl\/instytut\/pl\/wp-json\/wp\/v2\/pages\/2097\" class=\"qtranxs-available-language-link qtranxs-available-language-link-pl\" title=\"Polski\">Polski<\/a>.<\/p>","protected":false},"excerpt":{"rendered":"<p>Sorry, this entry is only available in Polski.<\/p>\n","protected":false},"author":12,"featured_media":0,"parent":1564,"menu_order":82,"comment_status":"closed","ping_status":"closed","template":"","meta":{"footnotes":""},"class_list":["post-2097","page","type-page","status-publish","hentry"],"_links":{"self":[{"href":"https:\/\/min-pan.krakow.pl\/instytut\/en\/wp-json\/wp\/v2\/pages\/2097","targetHints":{"allow":["GET"]}}],"collection":[{"href":"https:\/\/min-pan.krakow.pl\/instytut\/en\/wp-json\/wp\/v2\/pages"}],"about":[{"href":"https:\/\/min-pan.krakow.pl\/instytut\/en\/wp-json\/wp\/v2\/types\/page"}],"author":[{"embeddable":true,"href":"https:\/\/min-pan.krakow.pl\/instytut\/en\/wp-json\/wp\/v2\/users\/12"}],"replies":[{"embeddable":true,"href":"https:\/\/min-pan.krakow.pl\/instytut\/en\/wp-json\/wp\/v2\/comments?post=2097"}],"version-history":[{"count":3,"href":"https:\/\/min-pan.krakow.pl\/instytut\/en\/wp-json\/wp\/v2\/pages\/2097\/revisions"}],"predecessor-version":[{"id":2132,"href":"https:\/\/min-pan.krakow.pl\/instytut\/en\/wp-json\/wp\/v2\/pages\/2097\/revisions\/2132"}],"up":[{"embeddable":true,"href":"https:\/\/min-pan.krakow.pl\/instytut\/en\/wp-json\/wp\/v2\/pages\/1564"}],"wp:attachment":[{"href":"https:\/\/min-pan.krakow.pl\/instytut\/en\/wp-json\/wp\/v2\/media?parent=2097"}],"curies":[{"name":"wp","href":"https:\/\/api.w.org\/{rel}","templated":true}]}}