{"id":2085,"date":"2022-03-07T14:15:35","date_gmt":"2022-03-07T13:15:35","guid":{"rendered":"https:\/\/min-pan.krakow.pl\/instytut\/?page_id=2085"},"modified":"2022-04-07T15:22:35","modified_gmt":"2022-04-07T13:22:35","slug":"swiadczenie-uslug-hotelarskich-i-restauracyjnych-podczas-trwania-szkolen-realizowanych-w-ramach-projektu-budowanie-zdolnosci-kluczowych-zainteresowanych-stron-w-dziedzinie-energii-geotermalnej-zn","status":"publish","type":"page","link":"https:\/\/min-pan.krakow.pl\/instytut\/en\/zamowienia-publiczne\/zapytania-ofertowe-2\/swiadczenie-uslug-hotelarskich-i-restauracyjnych-podczas-trwania-szkolen-realizowanych-w-ramach-projektu-budowanie-zdolnosci-kluczowych-zainteresowanych-stron-w-dziedzinie-energii-geotermalnej-zn\/","title":{"rendered":"(Polski) Zapytanie nr 36: \u015awiadczenie us\u0142ug hotelarskich i restauracyjnych podczas trwania szkole\u0144 realizowanych w ramach projektu &#8220;Budowanie zdolno\u015bci kluczowych zainteresowanych stron w dziedzinie energii geotermalnej&#8221;, znak sprawy: AF-411-13\/20"},"content":{"rendered":"<p class=\"qtranxs-available-languages-message qtranxs-available-languages-message-en\">Sorry, this entry is only available in <a href=\"https:\/\/min-pan.krakow.pl\/instytut\/pl\/wp-json\/wp\/v2\/pages\/2085\" class=\"qtranxs-available-language-link qtranxs-available-language-link-pl\" title=\"Polski\">Polski<\/a>.<\/p>","protected":false},"excerpt":{"rendered":"<p>Sorry, this entry is only available in Polski.<\/p>\n","protected":false},"author":11,"featured_media":0,"parent":1564,"menu_order":83,"comment_status":"closed","ping_status":"closed","template":"","meta":{"footnotes":""},"class_list":["post-2085","page","type-page","status-publish","hentry"],"_links":{"self":[{"href":"https:\/\/min-pan.krakow.pl\/instytut\/en\/wp-json\/wp\/v2\/pages\/2085","targetHints":{"allow":["GET"]}}],"collection":[{"href":"https:\/\/min-pan.krakow.pl\/instytut\/en\/wp-json\/wp\/v2\/pages"}],"about":[{"href":"https:\/\/min-pan.krakow.pl\/instytut\/en\/wp-json\/wp\/v2\/types\/page"}],"author":[{"embeddable":true,"href":"https:\/\/min-pan.krakow.pl\/instytut\/en\/wp-json\/wp\/v2\/users\/11"}],"replies":[{"embeddable":true,"href":"https:\/\/min-pan.krakow.pl\/instytut\/en\/wp-json\/wp\/v2\/comments?post=2085"}],"version-history":[{"count":5,"href":"https:\/\/min-pan.krakow.pl\/instytut\/en\/wp-json\/wp\/v2\/pages\/2085\/revisions"}],"predecessor-version":[{"id":2157,"href":"https:\/\/min-pan.krakow.pl\/instytut\/en\/wp-json\/wp\/v2\/pages\/2085\/revisions\/2157"}],"up":[{"embeddable":true,"href":"https:\/\/min-pan.krakow.pl\/instytut\/en\/wp-json\/wp\/v2\/pages\/1564"}],"wp:attachment":[{"href":"https:\/\/min-pan.krakow.pl\/instytut\/en\/wp-json\/wp\/v2\/media?parent=2085"}],"curies":[{"name":"wp","href":"https:\/\/api.w.org\/{rel}","templated":true}]}}