{"id":2077,"date":"2022-02-28T09:25:36","date_gmt":"2022-02-28T08:25:36","guid":{"rendered":"https:\/\/min-pan.krakow.pl\/instytut\/?page_id=2077"},"modified":"2022-03-09T10:05:45","modified_gmt":"2022-03-09T09:05:45","slug":"zapytanie-nr-35-wynajem-osrodka-z-zapewnieniem-zakwaterowania-wyzywienia-oraz-sali-konferencyjnej-na-potrzeby-organizacji-konferencji-z-cyklu-seminarium-sprawozdawcze-z-dzialalnosci-instytutu-za-r","status":"publish","type":"page","link":"https:\/\/min-pan.krakow.pl\/instytut\/en\/zamowienia-publiczne\/zapytania-ofertowe-2\/zapytanie-nr-35-wynajem-osrodka-z-zapewnieniem-zakwaterowania-wyzywienia-oraz-sali-konferencyjnej-na-potrzeby-organizacji-konferencji-z-cyklu-seminarium-sprawozdawcze-z-dzialalnosci-instytutu-za-r\/","title":{"rendered":"(Polski) Zapytanie nr 35: Wynajem o\u015brodka z zapewnieniem zakwaterowania, wy\u017cywienia oraz sali konferencyjnej na potrzeby organizacji konferencji z cyklu &#8220;Seminarium sprawozdawcze z dzia\u0142alno\u015bci Instytutu za rok 2021&#8221;, znak sprawy AF-271-1\/22"},"content":{"rendered":"<p class=\"qtranxs-available-languages-message qtranxs-available-languages-message-en\">Sorry, this entry is only available in <a href=\"https:\/\/min-pan.krakow.pl\/instytut\/pl\/wp-json\/wp\/v2\/pages\/2077\" class=\"qtranxs-available-language-link qtranxs-available-language-link-pl\" title=\"Polski\">Polski<\/a>.<\/p>","protected":false},"excerpt":{"rendered":"<p>Sorry, this entry is only available in Polski.<\/p>\n","protected":false},"author":11,"featured_media":0,"parent":1564,"menu_order":84,"comment_status":"closed","ping_status":"closed","template":"","meta":{"footnotes":""},"class_list":["post-2077","page","type-page","status-publish","hentry"],"_links":{"self":[{"href":"https:\/\/min-pan.krakow.pl\/instytut\/en\/wp-json\/wp\/v2\/pages\/2077","targetHints":{"allow":["GET"]}}],"collection":[{"href":"https:\/\/min-pan.krakow.pl\/instytut\/en\/wp-json\/wp\/v2\/pages"}],"about":[{"href":"https:\/\/min-pan.krakow.pl\/instytut\/en\/wp-json\/wp\/v2\/types\/page"}],"author":[{"embeddable":true,"href":"https:\/\/min-pan.krakow.pl\/instytut\/en\/wp-json\/wp\/v2\/users\/11"}],"replies":[{"embeddable":true,"href":"https:\/\/min-pan.krakow.pl\/instytut\/en\/wp-json\/wp\/v2\/comments?post=2077"}],"version-history":[{"count":3,"href":"https:\/\/min-pan.krakow.pl\/instytut\/en\/wp-json\/wp\/v2\/pages\/2077\/revisions"}],"predecessor-version":[{"id":2095,"href":"https:\/\/min-pan.krakow.pl\/instytut\/en\/wp-json\/wp\/v2\/pages\/2077\/revisions\/2095"}],"up":[{"embeddable":true,"href":"https:\/\/min-pan.krakow.pl\/instytut\/en\/wp-json\/wp\/v2\/pages\/1564"}],"wp:attachment":[{"href":"https:\/\/min-pan.krakow.pl\/instytut\/en\/wp-json\/wp\/v2\/media?parent=2077"}],"curies":[{"name":"wp","href":"https:\/\/api.w.org\/{rel}","templated":true}]}}