{"id":2011,"date":"2022-01-11T09:41:37","date_gmt":"2022-01-11T08:41:37","guid":{"rendered":"https:\/\/min-pan.krakow.pl\/instytut\/?page_id=2011"},"modified":"2022-02-25T13:08:07","modified_gmt":"2022-02-25T12:08:07","slug":"swiadczenie-uslug-hotelarskich-i-restauracyjnych-w-krakowie-podczas-trwania-xxxi-konferencji-z-cyklu-szkola-eksploatacji-podziemnej-w-dniach-21-lutego-2022-r-23-lutego-2022-r","status":"publish","type":"page","link":"https:\/\/min-pan.krakow.pl\/instytut\/en\/zamowienia-publiczne\/zamowienia-pzp-3\/swiadczenie-uslug-hotelarskich-i-restauracyjnych-w-krakowie-podczas-trwania-xxxi-konferencji-z-cyklu-szkola-eksploatacji-podziemnej-w-dniach-21-lutego-2022-r-23-lutego-2022-r\/","title":{"rendered":"(Polski) \u015awiadczenie us\u0142ug hotelarskich i restauracyjnych w Krakowie podczas trwania XXXI konferencji z cyklu: &#8220;Szko\u0142a Eksploatacji Podziemnej&#8221; w dniach 21 lutego 2022 r. &#8211; 23 lutego 2022 r."},"content":{"rendered":"<p class=\"qtranxs-available-languages-message qtranxs-available-languages-message-en\">Sorry, this entry is only available in <a href=\"https:\/\/min-pan.krakow.pl\/instytut\/pl\/wp-json\/wp\/v2\/pages\/2011\" class=\"qtranxs-available-language-link qtranxs-available-language-link-pl\" title=\"Polski\">Polski<\/a>.<\/p>","protected":false},"excerpt":{"rendered":"<p>Sorry, this entry is only available in Polski.<\/p>\n","protected":false},"author":8,"featured_media":0,"parent":1562,"menu_order":27,"comment_status":"closed","ping_status":"closed","template":"templates\/template-document.php","meta":{"footnotes":""},"class_list":["post-2011","page","type-page","status-publish","hentry"],"_links":{"self":[{"href":"https:\/\/min-pan.krakow.pl\/instytut\/en\/wp-json\/wp\/v2\/pages\/2011","targetHints":{"allow":["GET"]}}],"collection":[{"href":"https:\/\/min-pan.krakow.pl\/instytut\/en\/wp-json\/wp\/v2\/pages"}],"about":[{"href":"https:\/\/min-pan.krakow.pl\/instytut\/en\/wp-json\/wp\/v2\/types\/page"}],"author":[{"embeddable":true,"href":"https:\/\/min-pan.krakow.pl\/instytut\/en\/wp-json\/wp\/v2\/users\/8"}],"replies":[{"embeddable":true,"href":"https:\/\/min-pan.krakow.pl\/instytut\/en\/wp-json\/wp\/v2\/comments?post=2011"}],"version-history":[{"count":14,"href":"https:\/\/min-pan.krakow.pl\/instytut\/en\/wp-json\/wp\/v2\/pages\/2011\/revisions"}],"predecessor-version":[{"id":2065,"href":"https:\/\/min-pan.krakow.pl\/instytut\/en\/wp-json\/wp\/v2\/pages\/2011\/revisions\/2065"}],"up":[{"embeddable":true,"href":"https:\/\/min-pan.krakow.pl\/instytut\/en\/wp-json\/wp\/v2\/pages\/1562"}],"wp:attachment":[{"href":"https:\/\/min-pan.krakow.pl\/instytut\/en\/wp-json\/wp\/v2\/media?parent=2011"}],"curies":[{"name":"wp","href":"https:\/\/api.w.org\/{rel}","templated":true}]}}