{"id":1993,"date":"2021-12-21T16:35:38","date_gmt":"2021-12-21T15:35:38","guid":{"rendered":"https:\/\/min-pan.krakow.pl\/instytut\/?page_id=1993"},"modified":"2022-01-31T09:22:18","modified_gmt":"2022-01-31T08:22:18","slug":"zapytanie-nr-34-zapytanie-ofertowe-na-kompleksowe-doradztwo-i-przygotowanie-oraz-przeprowadzenie-postepowan-o-udzielenie-zamowienia-publicznego-na-potrzeby-realizacji-zamowien-na-rzecz-instytutu-gos","status":"publish","type":"page","link":"https:\/\/min-pan.krakow.pl\/instytut\/en\/zamowienia-publiczne\/zapytania-ofertowe-2\/zapytanie-nr-34-zapytanie-ofertowe-na-kompleksowe-doradztwo-i-przygotowanie-oraz-przeprowadzenie-postepowan-o-udzielenie-zamowienia-publicznego-na-potrzeby-realizacji-zamowien-na-rzecz-instytutu-gos\/","title":{"rendered":"(Polski) Zapytanie nr 34: Zapytanie ofertowe na kompleksowe doradztwo i przygotowanie oraz przeprowadzenie post\u0119powa\u0144 o udzielenie  zam\u00f3wienia publicznego na potrzeby realizacji zam\u00f3wie\u0144 na rzecz Instytutu Gospodarki Surowcami Mineralnymi i Energi\u0105 PAN z siedzib\u0105 w Krakowie"},"content":{"rendered":"<p class=\"qtranxs-available-languages-message qtranxs-available-languages-message-en\">Sorry, this entry is only available in <a href=\"https:\/\/min-pan.krakow.pl\/instytut\/pl\/wp-json\/wp\/v2\/pages\/1993\" class=\"qtranxs-available-language-link qtranxs-available-language-link-pl\" title=\"Polski\">Polski<\/a>.<\/p>","protected":false},"excerpt":{"rendered":"<p>Sorry, this entry is only available in Polski.<\/p>\n","protected":false},"author":11,"featured_media":0,"parent":1564,"menu_order":86,"comment_status":"closed","ping_status":"closed","template":"","meta":{"footnotes":""},"class_list":["post-1993","page","type-page","status-publish","hentry"],"_links":{"self":[{"href":"https:\/\/min-pan.krakow.pl\/instytut\/en\/wp-json\/wp\/v2\/pages\/1993","targetHints":{"allow":["GET"]}}],"collection":[{"href":"https:\/\/min-pan.krakow.pl\/instytut\/en\/wp-json\/wp\/v2\/pages"}],"about":[{"href":"https:\/\/min-pan.krakow.pl\/instytut\/en\/wp-json\/wp\/v2\/types\/page"}],"author":[{"embeddable":true,"href":"https:\/\/min-pan.krakow.pl\/instytut\/en\/wp-json\/wp\/v2\/users\/11"}],"replies":[{"embeddable":true,"href":"https:\/\/min-pan.krakow.pl\/instytut\/en\/wp-json\/wp\/v2\/comments?post=1993"}],"version-history":[{"count":11,"href":"https:\/\/min-pan.krakow.pl\/instytut\/en\/wp-json\/wp\/v2\/pages\/1993\/revisions"}],"predecessor-version":[{"id":2044,"href":"https:\/\/min-pan.krakow.pl\/instytut\/en\/wp-json\/wp\/v2\/pages\/1993\/revisions\/2044"}],"up":[{"embeddable":true,"href":"https:\/\/min-pan.krakow.pl\/instytut\/en\/wp-json\/wp\/v2\/pages\/1564"}],"wp:attachment":[{"href":"https:\/\/min-pan.krakow.pl\/instytut\/en\/wp-json\/wp\/v2\/media?parent=1993"}],"curies":[{"name":"wp","href":"https:\/\/api.w.org\/{rel}","templated":true}]}}