{"id":1882,"date":"2021-09-15T14:27:29","date_gmt":"2021-09-15T12:27:29","guid":{"rendered":"https:\/\/min-pan.krakow.pl\/instytut\/?page_id=1882"},"modified":"2021-09-30T11:34:34","modified_gmt":"2021-09-30T09:34:34","slug":"zapytanie-nr-29-zapytanie-ofertowe-w-sprawie-realizacji-uslugi-dotyczacej-dobor-wskaznikow-dla-realizacji-zalozen-goz-dla-wojewodztwa-slaskiego","status":"publish","type":"page","link":"https:\/\/min-pan.krakow.pl\/instytut\/en\/zamowienia-publiczne\/zapytania-ofertowe-2\/zapytanie-nr-29-zapytanie-ofertowe-w-sprawie-realizacji-uslugi-dotyczacej-dobor-wskaznikow-dla-realizacji-zalozen-goz-dla-wojewodztwa-slaskiego\/","title":{"rendered":"(Polski) Zapytanie nr 29 &#8211; Zapytanie ofertowe w sprawie realizacji us\u0142ugi dotycz\u0105cej: Dob\u00f3r wska\u017anik\u00f3w dla realizacji za\u0142o\u017ce\u0144 GOZ dla Wojew\u00f3dztwa \u015al\u0105skiego"},"content":{"rendered":"<p class=\"qtranxs-available-languages-message qtranxs-available-languages-message-en\">Sorry, this entry is only available in <a href=\"https:\/\/min-pan.krakow.pl\/instytut\/pl\/wp-json\/wp\/v2\/pages\/1882\" class=\"qtranxs-available-language-link qtranxs-available-language-link-pl\" title=\"Polski\">Polski<\/a>.<\/p>","protected":false},"excerpt":{"rendered":"<p>Sorry, this entry is only available in Polski.<\/p>\n","protected":false},"author":8,"featured_media":0,"parent":1564,"menu_order":91,"comment_status":"closed","ping_status":"closed","template":"","meta":{"footnotes":""},"class_list":["post-1882","page","type-page","status-publish","hentry"],"_links":{"self":[{"href":"https:\/\/min-pan.krakow.pl\/instytut\/en\/wp-json\/wp\/v2\/pages\/1882","targetHints":{"allow":["GET"]}}],"collection":[{"href":"https:\/\/min-pan.krakow.pl\/instytut\/en\/wp-json\/wp\/v2\/pages"}],"about":[{"href":"https:\/\/min-pan.krakow.pl\/instytut\/en\/wp-json\/wp\/v2\/types\/page"}],"author":[{"embeddable":true,"href":"https:\/\/min-pan.krakow.pl\/instytut\/en\/wp-json\/wp\/v2\/users\/8"}],"replies":[{"embeddable":true,"href":"https:\/\/min-pan.krakow.pl\/instytut\/en\/wp-json\/wp\/v2\/comments?post=1882"}],"version-history":[{"count":4,"href":"https:\/\/min-pan.krakow.pl\/instytut\/en\/wp-json\/wp\/v2\/pages\/1882\/revisions"}],"predecessor-version":[{"id":1912,"href":"https:\/\/min-pan.krakow.pl\/instytut\/en\/wp-json\/wp\/v2\/pages\/1882\/revisions\/1912"}],"up":[{"embeddable":true,"href":"https:\/\/min-pan.krakow.pl\/instytut\/en\/wp-json\/wp\/v2\/pages\/1564"}],"wp:attachment":[{"href":"https:\/\/min-pan.krakow.pl\/instytut\/en\/wp-json\/wp\/v2\/media?parent=1882"}],"curies":[{"name":"wp","href":"https:\/\/api.w.org\/{rel}","templated":true}]}}