{"id":1637,"date":"2021-02-05T15:51:49","date_gmt":"2021-02-05T14:51:49","guid":{"rendered":"https:\/\/min-pan.krakow.pl\/instytut\/?page_id=1637"},"modified":"2021-06-17T09:39:41","modified_gmt":"2021-06-17T07:39:41","slug":"zapytanie-nr-18-zapytanie-ofertowe-w-sprawie-realizacji-uslugi-dotyczacej-opracowania-i-przyjecie-planu-dzialan-goz-dla-miasta-krakowa","status":"publish","type":"page","link":"https:\/\/min-pan.krakow.pl\/instytut\/en\/zamowienia-publiczne\/zapytania-ofertowe-2\/zapytanie-nr-18-zapytanie-ofertowe-w-sprawie-realizacji-uslugi-dotyczacej-opracowania-i-przyjecie-planu-dzialan-goz-dla-miasta-krakowa\/","title":{"rendered":"(Polski) Zapytanie nr 18- Zapytanie ofertowe w sprawie realizacji us\u0142ugi dotycz\u0105cej: Opracowania i przyj\u0119cie Planu dzia\u0142a\u0144 GOZ dla Miasta Krakowa"},"content":{"rendered":"<p class=\"qtranxs-available-languages-message qtranxs-available-languages-message-en\">Sorry, this entry is only available in <a href=\"https:\/\/min-pan.krakow.pl\/instytut\/pl\/wp-json\/wp\/v2\/pages\/1637\" class=\"qtranxs-available-language-link qtranxs-available-language-link-pl\" title=\"Polski\">Polski<\/a>.<\/p>","protected":false},"excerpt":{"rendered":"<p>Sorry, this entry is only available in Polski.<\/p>\n","protected":false},"author":4,"featured_media":0,"parent":1564,"menu_order":102,"comment_status":"closed","ping_status":"closed","template":"templates\/template-document.php","meta":{"footnotes":""},"class_list":["post-1637","page","type-page","status-publish","hentry"],"_links":{"self":[{"href":"https:\/\/min-pan.krakow.pl\/instytut\/en\/wp-json\/wp\/v2\/pages\/1637","targetHints":{"allow":["GET"]}}],"collection":[{"href":"https:\/\/min-pan.krakow.pl\/instytut\/en\/wp-json\/wp\/v2\/pages"}],"about":[{"href":"https:\/\/min-pan.krakow.pl\/instytut\/en\/wp-json\/wp\/v2\/types\/page"}],"author":[{"embeddable":true,"href":"https:\/\/min-pan.krakow.pl\/instytut\/en\/wp-json\/wp\/v2\/users\/4"}],"replies":[{"embeddable":true,"href":"https:\/\/min-pan.krakow.pl\/instytut\/en\/wp-json\/wp\/v2\/comments?post=1637"}],"version-history":[{"count":1,"href":"https:\/\/min-pan.krakow.pl\/instytut\/en\/wp-json\/wp\/v2\/pages\/1637\/revisions"}],"predecessor-version":[{"id":1639,"href":"https:\/\/min-pan.krakow.pl\/instytut\/en\/wp-json\/wp\/v2\/pages\/1637\/revisions\/1639"}],"up":[{"embeddable":true,"href":"https:\/\/min-pan.krakow.pl\/instytut\/en\/wp-json\/wp\/v2\/pages\/1564"}],"wp:attachment":[{"href":"https:\/\/min-pan.krakow.pl\/instytut\/en\/wp-json\/wp\/v2\/media?parent=1637"}],"curies":[{"name":"wp","href":"https:\/\/api.w.org\/{rel}","templated":true}]}}