{"id":1610,"date":"2021-02-01T09:58:05","date_gmt":"2021-02-01T08:58:05","guid":{"rendered":"https:\/\/min-pan.krakow.pl\/instytut\/?page_id=1610"},"modified":"2021-02-01T09:59:15","modified_gmt":"2021-02-01T08:59:15","slug":"zapytanie-nr-16-zapytanie-ofertowe-w-sprawie-realizacji-wskaznikow-i-ich-wielkosci-z-zakresu-gospodarki-o-obiegu-zamknietym-raportowanych-przez-najwieksze-firmy-krajowe-i-zagraniczne-z-branzy-rolno-2","status":"publish","type":"page","link":"https:\/\/min-pan.krakow.pl\/instytut\/en\/zamowienia-publiczne\/zapytania-ofertowe-2\/zapytanie-nr-16-zapytanie-ofertowe-w-sprawie-realizacji-wskaznikow-i-ich-wielkosci-z-zakresu-gospodarki-o-obiegu-zamknietym-raportowanych-przez-najwieksze-firmy-krajowe-i-zagraniczne-z-branzy-rolno-2\/","title":{"rendered":"(Polski) Zapytanie nr 17- Zapytanie ofertowe w sprawie realizacji us\u0142ugi dotycz\u0105cej: zorganizowania trzech webinari\u00f3w tematycznych dla bran\u017cy wydobywczej pt. Gospodarka o obiegu zamkni\u0119tym w bran\u017cy wydobywczej \u2013 strategie, praktyki i zasady monitorowania"},"content":{"rendered":"<p class=\"qtranxs-available-languages-message qtranxs-available-languages-message-en\">Sorry, this entry is only available in <a href=\"https:\/\/min-pan.krakow.pl\/instytut\/pl\/wp-json\/wp\/v2\/pages\/1610\" class=\"qtranxs-available-language-link qtranxs-available-language-link-pl\" title=\"Polski\">Polski<\/a>.<\/p>","protected":false},"excerpt":{"rendered":"<p>Sorry, this entry is only available in Polski.<\/p>\n","protected":false},"author":8,"featured_media":0,"parent":1564,"menu_order":103,"comment_status":"closed","ping_status":"closed","template":"templates\/template-document.php","meta":{"footnotes":""},"class_list":["post-1610","page","type-page","status-publish","hentry"],"_links":{"self":[{"href":"https:\/\/min-pan.krakow.pl\/instytut\/en\/wp-json\/wp\/v2\/pages\/1610","targetHints":{"allow":["GET"]}}],"collection":[{"href":"https:\/\/min-pan.krakow.pl\/instytut\/en\/wp-json\/wp\/v2\/pages"}],"about":[{"href":"https:\/\/min-pan.krakow.pl\/instytut\/en\/wp-json\/wp\/v2\/types\/page"}],"author":[{"embeddable":true,"href":"https:\/\/min-pan.krakow.pl\/instytut\/en\/wp-json\/wp\/v2\/users\/8"}],"replies":[{"embeddable":true,"href":"https:\/\/min-pan.krakow.pl\/instytut\/en\/wp-json\/wp\/v2\/comments?post=1610"}],"version-history":[{"count":2,"href":"https:\/\/min-pan.krakow.pl\/instytut\/en\/wp-json\/wp\/v2\/pages\/1610\/revisions"}],"predecessor-version":[{"id":1614,"href":"https:\/\/min-pan.krakow.pl\/instytut\/en\/wp-json\/wp\/v2\/pages\/1610\/revisions\/1614"}],"up":[{"embeddable":true,"href":"https:\/\/min-pan.krakow.pl\/instytut\/en\/wp-json\/wp\/v2\/pages\/1564"}],"wp:attachment":[{"href":"https:\/\/min-pan.krakow.pl\/instytut\/en\/wp-json\/wp\/v2\/media?parent=1610"}],"curies":[{"name":"wp","href":"https:\/\/api.w.org\/{rel}","templated":true}]}}