{"id":1606,"date":"2021-01-27T10:57:32","date_gmt":"2021-01-27T09:57:32","guid":{"rendered":"https:\/\/min-pan.krakow.pl\/instytut\/?page_id=1606"},"modified":"2021-01-27T10:57:32","modified_gmt":"2021-01-27T09:57:32","slug":"zamowienie-na-uslugi-spoleczne","status":"publish","type":"page","link":"https:\/\/min-pan.krakow.pl\/instytut\/en\/zamowienia-publiczne\/pozostale-zamowienia\/zamowienie-na-uslugi-spoleczne\/","title":{"rendered":"(Polski) Zam\u00f3wienie na us\u0142ugi spo\u0142eczne"},"content":{"rendered":"<p class=\"qtranxs-available-languages-message qtranxs-available-languages-message-en\">Sorry, this entry is only available in <a href=\"https:\/\/min-pan.krakow.pl\/instytut\/pl\/wp-json\/wp\/v2\/pages\/1606\" class=\"qtranxs-available-language-link qtranxs-available-language-link-pl\" title=\"Polski\">Polski<\/a>.<\/p>","protected":false},"excerpt":{"rendered":"<p>Sorry, this entry is only available in Polski.<\/p>\n","protected":false},"author":1,"featured_media":0,"parent":1566,"menu_order":124,"comment_status":"closed","ping_status":"closed","template":"templates\/template-document.php","meta":{"footnotes":""},"class_list":["post-1606","page","type-page","status-publish","hentry"],"_links":{"self":[{"href":"https:\/\/min-pan.krakow.pl\/instytut\/en\/wp-json\/wp\/v2\/pages\/1606","targetHints":{"allow":["GET"]}}],"collection":[{"href":"https:\/\/min-pan.krakow.pl\/instytut\/en\/wp-json\/wp\/v2\/pages"}],"about":[{"href":"https:\/\/min-pan.krakow.pl\/instytut\/en\/wp-json\/wp\/v2\/types\/page"}],"author":[{"embeddable":true,"href":"https:\/\/min-pan.krakow.pl\/instytut\/en\/wp-json\/wp\/v2\/users\/1"}],"replies":[{"embeddable":true,"href":"https:\/\/min-pan.krakow.pl\/instytut\/en\/wp-json\/wp\/v2\/comments?post=1606"}],"version-history":[{"count":1,"href":"https:\/\/min-pan.krakow.pl\/instytut\/en\/wp-json\/wp\/v2\/pages\/1606\/revisions"}],"predecessor-version":[{"id":1607,"href":"https:\/\/min-pan.krakow.pl\/instytut\/en\/wp-json\/wp\/v2\/pages\/1606\/revisions\/1607"}],"up":[{"embeddable":true,"href":"https:\/\/min-pan.krakow.pl\/instytut\/en\/wp-json\/wp\/v2\/pages\/1566"}],"wp:attachment":[{"href":"https:\/\/min-pan.krakow.pl\/instytut\/en\/wp-json\/wp\/v2\/media?parent=1606"}],"curies":[{"name":"wp","href":"https:\/\/api.w.org\/{rel}","templated":true}]}}