{"id":1594,"date":"2021-01-27T10:54:57","date_gmt":"2021-01-27T09:54:57","guid":{"rendered":"https:\/\/min-pan.krakow.pl\/instytut\/?page_id=1594"},"modified":"2021-01-27T10:54:57","modified_gmt":"2021-01-27T09:54:57","slug":"zapytanie-nr-11-zapytanie-ofertowe-w-sprawie-realizacji-uslugi-dotyczacej-opracowania-metodyki-wraz-z-propozycja-wskaznikow-goz-dla-gospodarki-polski-w-perspektywie-obszarow-wiejskich-metodyka-wraz","status":"publish","type":"page","link":"https:\/\/min-pan.krakow.pl\/instytut\/en\/zamowienia-publiczne\/zapytania-ofertowe-2\/zapytanie-nr-11-zapytanie-ofertowe-w-sprawie-realizacji-uslugi-dotyczacej-opracowania-metodyki-wraz-z-propozycja-wskaznikow-goz-dla-gospodarki-polski-w-perspektywie-obszarow-wiejskich-metodyka-wraz\/","title":{"rendered":"(Polski) Zapytanie nr 11 &#8211; Zapytanie ofertowe w sprawie realizacji us\u0142ugi dotycz\u0105cej opracowania metodyki wraz z propozycj\u0105 wska\u017anik\u00f3w GOZ dla gospodarki Polski w perspektywie obszar\u00f3w wiejskich (metodyka wraz z propozycj\u0105 wska\u017anik\u00f3w)."},"content":{"rendered":"<p class=\"qtranxs-available-languages-message qtranxs-available-languages-message-en\">Sorry, this entry is only available in <a href=\"https:\/\/min-pan.krakow.pl\/instytut\/pl\/wp-json\/wp\/v2\/pages\/1594\" class=\"qtranxs-available-language-link qtranxs-available-language-link-pl\" title=\"Polski\">Polski<\/a>.<\/p>","protected":false},"excerpt":{"rendered":"<p>Sorry, this entry is only available in Polski.<\/p>\n","protected":false},"author":1,"featured_media":0,"parent":1564,"menu_order":109,"comment_status":"closed","ping_status":"closed","template":"templates\/template-document.php","meta":{"footnotes":""},"class_list":["post-1594","page","type-page","status-publish","hentry"],"_links":{"self":[{"href":"https:\/\/min-pan.krakow.pl\/instytut\/en\/wp-json\/wp\/v2\/pages\/1594","targetHints":{"allow":["GET"]}}],"collection":[{"href":"https:\/\/min-pan.krakow.pl\/instytut\/en\/wp-json\/wp\/v2\/pages"}],"about":[{"href":"https:\/\/min-pan.krakow.pl\/instytut\/en\/wp-json\/wp\/v2\/types\/page"}],"author":[{"embeddable":true,"href":"https:\/\/min-pan.krakow.pl\/instytut\/en\/wp-json\/wp\/v2\/users\/1"}],"replies":[{"embeddable":true,"href":"https:\/\/min-pan.krakow.pl\/instytut\/en\/wp-json\/wp\/v2\/comments?post=1594"}],"version-history":[{"count":1,"href":"https:\/\/min-pan.krakow.pl\/instytut\/en\/wp-json\/wp\/v2\/pages\/1594\/revisions"}],"predecessor-version":[{"id":1595,"href":"https:\/\/min-pan.krakow.pl\/instytut\/en\/wp-json\/wp\/v2\/pages\/1594\/revisions\/1595"}],"up":[{"embeddable":true,"href":"https:\/\/min-pan.krakow.pl\/instytut\/en\/wp-json\/wp\/v2\/pages\/1564"}],"wp:attachment":[{"href":"https:\/\/min-pan.krakow.pl\/instytut\/en\/wp-json\/wp\/v2\/media?parent=1594"}],"curies":[{"name":"wp","href":"https:\/\/api.w.org\/{rel}","templated":true}]}}