{"id":1586,"date":"2021-01-27T10:53:10","date_gmt":"2021-01-27T09:53:10","guid":{"rendered":"https:\/\/min-pan.krakow.pl\/instytut\/?page_id=1586"},"modified":"2021-02-05T13:27:37","modified_gmt":"2021-02-05T12:27:37","slug":"zapytanie-nr-7-zapytanie-ofertowe-w-sprawie-realizacji-uslugi-dotyczacej-zorganizowania-trzech-webinariow-tematycznych-dla-branzy-budowlanej-pt-gospodarka-o-obiegu-zamknietym-w-branzy-budowlanej","status":"publish","type":"page","link":"https:\/\/min-pan.krakow.pl\/instytut\/en\/zamowienia-publiczne\/zapytania-ofertowe-2\/zapytanie-nr-7-zapytanie-ofertowe-w-sprawie-realizacji-uslugi-dotyczacej-zorganizowania-trzech-webinariow-tematycznych-dla-branzy-budowlanej-pt-gospodarka-o-obiegu-zamknietym-w-branzy-budowlanej\/","title":{"rendered":"(Polski) Zapytanie nr 7 &#8211; Zapytanie ofertowe w sprawie realizacji us\u0142ugi dotycz\u0105cej: zorganizowania trzech webinari\u00f3w tematycznych dla bran\u017cy budowlanej pt. Gospodarka o obiegu zamkni\u0119tym w bran\u017cy budowlanej \u2013 strategie, praktyki i zasady monitorowania."},"content":{"rendered":"<p class=\"qtranxs-available-languages-message qtranxs-available-languages-message-en\">Sorry, this entry is only available in <a href=\"https:\/\/min-pan.krakow.pl\/instytut\/pl\/wp-json\/wp\/v2\/pages\/1586\" class=\"qtranxs-available-language-link qtranxs-available-language-link-pl\" title=\"Polski\">Polski<\/a>.<\/p>","protected":false},"excerpt":{"rendered":"<p>Sorry, this entry is only available in Polski.<\/p>\n","protected":false},"author":1,"featured_media":0,"parent":1564,"menu_order":113,"comment_status":"closed","ping_status":"closed","template":"templates\/template-document.php","meta":{"footnotes":""},"class_list":["post-1586","page","type-page","status-publish","hentry"],"_links":{"self":[{"href":"https:\/\/min-pan.krakow.pl\/instytut\/en\/wp-json\/wp\/v2\/pages\/1586","targetHints":{"allow":["GET"]}}],"collection":[{"href":"https:\/\/min-pan.krakow.pl\/instytut\/en\/wp-json\/wp\/v2\/pages"}],"about":[{"href":"https:\/\/min-pan.krakow.pl\/instytut\/en\/wp-json\/wp\/v2\/types\/page"}],"author":[{"embeddable":true,"href":"https:\/\/min-pan.krakow.pl\/instytut\/en\/wp-json\/wp\/v2\/users\/1"}],"replies":[{"embeddable":true,"href":"https:\/\/min-pan.krakow.pl\/instytut\/en\/wp-json\/wp\/v2\/comments?post=1586"}],"version-history":[{"count":2,"href":"https:\/\/min-pan.krakow.pl\/instytut\/en\/wp-json\/wp\/v2\/pages\/1586\/revisions"}],"predecessor-version":[{"id":1636,"href":"https:\/\/min-pan.krakow.pl\/instytut\/en\/wp-json\/wp\/v2\/pages\/1586\/revisions\/1636"}],"up":[{"embeddable":true,"href":"https:\/\/min-pan.krakow.pl\/instytut\/en\/wp-json\/wp\/v2\/pages\/1564"}],"wp:attachment":[{"href":"https:\/\/min-pan.krakow.pl\/instytut\/en\/wp-json\/wp\/v2\/media?parent=1586"}],"curies":[{"name":"wp","href":"https:\/\/api.w.org\/{rel}","templated":true}]}}