{"id":1584,"date":"2021-01-27T10:52:45","date_gmt":"2021-01-27T09:52:45","guid":{"rendered":"https:\/\/min-pan.krakow.pl\/instytut\/?page_id=1584"},"modified":"2021-02-05T13:18:04","modified_gmt":"2021-02-05T12:18:04","slug":"zapytanie-nr-6-zapytanie-ofertowe-w-sprawie-realizacji-uslugi-dotyczacej-zorganizowania-trzech-webinariow-tematycznych-dla-branzy-energetycznej-pt-gospodarka-o-obiegu-zamknietym-w-branzy-energetyc","status":"publish","type":"page","link":"https:\/\/min-pan.krakow.pl\/instytut\/en\/zamowienia-publiczne\/zapytania-ofertowe-2\/zapytanie-nr-6-zapytanie-ofertowe-w-sprawie-realizacji-uslugi-dotyczacej-zorganizowania-trzech-webinariow-tematycznych-dla-branzy-energetycznej-pt-gospodarka-o-obiegu-zamknietym-w-branzy-energetyc\/","title":{"rendered":"(Polski) Zapytanie nr 6 &#8211; Zapytanie ofertowe w sprawie realizacji us\u0142ugi dotycz\u0105cej: zorganizowania trzech webinari\u00f3w tematycznych dla bran\u017cy energetycznej pt. Gospodarka o obiegu zamkni\u0119tym w bran\u017cy energetycznej \u2013 strategie, praktyki i zasady monitorowania."},"content":{"rendered":"<p class=\"qtranxs-available-languages-message qtranxs-available-languages-message-en\">Sorry, this entry is only available in <a href=\"https:\/\/min-pan.krakow.pl\/instytut\/pl\/wp-json\/wp\/v2\/pages\/1584\" class=\"qtranxs-available-language-link qtranxs-available-language-link-pl\" title=\"Polski\">Polski<\/a>.<\/p>","protected":false},"excerpt":{"rendered":"<p>Sorry, this entry is only available in Polski.<\/p>\n","protected":false},"author":1,"featured_media":0,"parent":1564,"menu_order":114,"comment_status":"closed","ping_status":"closed","template":"templates\/template-document.php","meta":{"footnotes":""},"class_list":["post-1584","page","type-page","status-publish","hentry"],"_links":{"self":[{"href":"https:\/\/min-pan.krakow.pl\/instytut\/en\/wp-json\/wp\/v2\/pages\/1584","targetHints":{"allow":["GET"]}}],"collection":[{"href":"https:\/\/min-pan.krakow.pl\/instytut\/en\/wp-json\/wp\/v2\/pages"}],"about":[{"href":"https:\/\/min-pan.krakow.pl\/instytut\/en\/wp-json\/wp\/v2\/types\/page"}],"author":[{"embeddable":true,"href":"https:\/\/min-pan.krakow.pl\/instytut\/en\/wp-json\/wp\/v2\/users\/1"}],"replies":[{"embeddable":true,"href":"https:\/\/min-pan.krakow.pl\/instytut\/en\/wp-json\/wp\/v2\/comments?post=1584"}],"version-history":[{"count":3,"href":"https:\/\/min-pan.krakow.pl\/instytut\/en\/wp-json\/wp\/v2\/pages\/1584\/revisions"}],"predecessor-version":[{"id":1630,"href":"https:\/\/min-pan.krakow.pl\/instytut\/en\/wp-json\/wp\/v2\/pages\/1584\/revisions\/1630"}],"up":[{"embeddable":true,"href":"https:\/\/min-pan.krakow.pl\/instytut\/en\/wp-json\/wp\/v2\/pages\/1564"}],"wp:attachment":[{"href":"https:\/\/min-pan.krakow.pl\/instytut\/en\/wp-json\/wp\/v2\/media?parent=1584"}],"curies":[{"name":"wp","href":"https:\/\/api.w.org\/{rel}","templated":true}]}}