{"id":1568,"date":"2021-01-27T10:48:05","date_gmt":"2021-01-27T09:48:05","guid":{"rendered":"https:\/\/min-pan.krakow.pl\/instytut\/?page_id=1568"},"modified":"2021-04-12T13:25:03","modified_gmt":"2021-04-12T11:25:03","slug":"pelnienie-funkcji-inspektora-nadzoru-budowlanego-przy-realizacji-inwestycji-pn-rozbudowa-i-przebudowa-istniejacego-budynku-biurowego-o-budynek-laboratoryjno-biurowy-nowe-skrzydlo-z-garazem","status":"publish","type":"page","link":"https:\/\/min-pan.krakow.pl\/instytut\/en\/zamowienia-publiczne\/zamowienia-pzp-3\/pelnienie-funkcji-inspektora-nadzoru-budowlanego-przy-realizacji-inwestycji-pn-rozbudowa-i-przebudowa-istniejacego-budynku-biurowego-o-budynek-laboratoryjno-biurowy-nowe-skrzydlo-z-garazem\/","title":{"rendered":"(Polski) Pe\u0142nienie funkcji inspektora nadzoru budowlanego przy realizacji inwestycji pn. \u201eRozbudowa i przebudowa istniej\u0105cego budynku biurowego o budynek laboratoryjno-biurowy (nowe skrzyd\u0142o) z gara\u017cem podziemnym, naziemnymi miejscami postojowymi, wewn\u0119trznym uk\u0142adem komunikacyjnym i infrastruktur\u0105 techniczn\u0105 oraz przebudow\u0105 wjazdu, na dzia\u0142kach nr 359\/5 i 359\/4 (cz\u0119\u015b\u0107) obr. 44 Krowodrza, ul. Wybickiego 7A, Krak\u00f3w\u201d; znak sprawy: AF-272-2_2020-sig."},"content":{"rendered":"<p class=\"qtranxs-available-languages-message qtranxs-available-languages-message-en\">Sorry, this entry is only available in <a href=\"https:\/\/min-pan.krakow.pl\/instytut\/pl\/wp-json\/wp\/v2\/pages\/1568\" class=\"qtranxs-available-language-link qtranxs-available-language-link-pl\" title=\"Polski\">Polski<\/a>.<\/p>","protected":false},"excerpt":{"rendered":"<p>Sorry, this entry is only available in Polski.<\/p>\n","protected":false},"author":1,"featured_media":0,"parent":1562,"menu_order":13,"comment_status":"closed","ping_status":"closed","template":"templates\/template-document.php","meta":{"footnotes":""},"class_list":["post-1568","page","type-page","status-publish","hentry"],"_links":{"self":[{"href":"https:\/\/min-pan.krakow.pl\/instytut\/en\/wp-json\/wp\/v2\/pages\/1568","targetHints":{"allow":["GET"]}}],"collection":[{"href":"https:\/\/min-pan.krakow.pl\/instytut\/en\/wp-json\/wp\/v2\/pages"}],"about":[{"href":"https:\/\/min-pan.krakow.pl\/instytut\/en\/wp-json\/wp\/v2\/types\/page"}],"author":[{"embeddable":true,"href":"https:\/\/min-pan.krakow.pl\/instytut\/en\/wp-json\/wp\/v2\/users\/1"}],"replies":[{"embeddable":true,"href":"https:\/\/min-pan.krakow.pl\/instytut\/en\/wp-json\/wp\/v2\/comments?post=1568"}],"version-history":[{"count":4,"href":"https:\/\/min-pan.krakow.pl\/instytut\/en\/wp-json\/wp\/v2\/pages\/1568\/revisions"}],"predecessor-version":[{"id":1711,"href":"https:\/\/min-pan.krakow.pl\/instytut\/en\/wp-json\/wp\/v2\/pages\/1568\/revisions\/1711"}],"up":[{"embeddable":true,"href":"https:\/\/min-pan.krakow.pl\/instytut\/en\/wp-json\/wp\/v2\/pages\/1562"}],"wp:attachment":[{"href":"https:\/\/min-pan.krakow.pl\/instytut\/en\/wp-json\/wp\/v2\/media?parent=1568"}],"curies":[{"name":"wp","href":"https:\/\/api.w.org\/{rel}","templated":true}]}}