{"id":13,"date":"2017-11-09T10:49:15","date_gmt":"2017-11-09T09:49:15","guid":{"rendered":"https:\/\/min-pan.krakow.pl\/instytut\/?page_id=13"},"modified":"2026-04-09T11:06:19","modified_gmt":"2026-04-09T09:06:19","slug":"rada-naukowa-2","status":"publish","type":"page","link":"https:\/\/min-pan.krakow.pl\/instytut\/en\/rada-naukowa-2\/","title":{"rendered":"The Scientific Council"},"content":{"rendered":"<p><\/p>\n<h2>The Scientific Council of the Mineral and Energy Economy Research Institute of the Polish Academy of Sciences (2019\u20132022)<\/h2>\n<p>The Scientific Council has the vital function of reviewing the activity of the Institute. The members of the Scientific Council of the Mineral and Energy Economy Research Institute of the Polish Academy of Sciences, 2019\u20132022, are presented below:<\/p>\n<ol>\n<li>Prof. dr hab. in\u017c. Blaschke Wies\u0142aw<\/li>\n<li>Dr hab. in\u017c. Bujakowski Wies\u0142aw<\/li>\n<li>\u00a0Prof. dr hab. in\u017c. Chmielniak Tadeusz<\/li>\n<li>\u00a0Prof. dr hab. in\u017c. Dziurzy\u0144ski Wac\u0142aw<\/li>\n<li>\u00a0Prof. dr hab. in\u017c. Galos Krzysztof<\/li>\n<li>\u00a0Dr hab. in\u017c. Gawlik Lidia<\/li>\n<li>\u00a0Dr hab. in\u017c. Grudzi\u0144ski Zbigniew<\/li>\n<li>\u00a0Prof. dr hab. in\u017c. Hardyg\u00f3ra Monika<\/li>\n<li>\u00a0Dr hab. in\u017c. Kami\u0144ski Jacek<\/li>\n<li>\u00a0Dr hab. in\u017c. Kopacz Micha\u0142<\/li>\n<li>\u00a0Dr hab. Kulczycka Joanna<\/li>\n<li>\u00a0Prof. dr hab. in\u017c. Magda Roman<\/li>\n<li>\u00a0Prof. dr hab. in\u017c. Matyszkiewicz Jacek<\/li>\n<li>\u00a0Prof. dr hab. in\u017c. Mokrzycki Eugeniusz &#8211; Chairman of the Scientific Council<\/li>\n<li>\u00a0Prof. dr hab. in\u017c. Nagy Stanis\u0142aw<\/li>\n<li>\u00a0Prof. dr hab. in\u017c. Ney Roman<\/li>\n<li>\u00a0Mgr in\u017c. Olszowski Janusz<\/li>\n<li>\u00a0Prof. dr hab. in\u017c. Paw\u0142owski Lucjan<\/li>\n<li>\u00a0Dr hab. in\u017c. Pilecki Zenon<\/li>\n<li>\u00a0Dr Pszonka Joanna<\/li>\n<li>\u00a0Prof. dr hab. in\u017c. Rosik-Dulewska Czes\u0142awa<\/li>\n<li>\u00a0Prof. dr hab. in\u017c. Siemek Jakub<\/li>\n<li>\u00a0Dr Smol Marzena<\/li>\n<li>\u00a0Dr hab. in\u017c. Sobczyk Eugeniusz Jacek<\/li>\n<li>\u00a0Prof. dr hab. Szama\u0142ek Krzysztof<\/li>\n<li>\u00a0Prof. dr hab. in\u017c. Trutwin Wac\u0142aw<\/li>\n<li>\u00a0Dr hab. in\u017c. Wdowin Magdalena<\/li>\n<li>\u00a0Prof. dr hab. in\u017c. Wi\u015bniowski Rafa\u0142<\/li>\n<\/ol>\n<p><\/p>","protected":false},"excerpt":{"rendered":"<p>The Scientific Council of the Mineral and Energy Economy Research Institute of the Polish Academy of Sciences (2019\u20132022) The Scientific Council has the vital function of reviewing the activity of the Institute. The members of the Scientific Council of the Mineral and Energy Economy Research Institute of the Polish Academy of Sciences, 2019\u20132022, are presented [&hellip;]<\/p>\n","protected":false},"author":1,"featured_media":0,"parent":0,"menu_order":143,"comment_status":"closed","ping_status":"closed","template":"","meta":{"footnotes":""},"class_list":["post-13","page","type-page","status-publish","hentry"],"_links":{"self":[{"href":"https:\/\/min-pan.krakow.pl\/instytut\/en\/wp-json\/wp\/v2\/pages\/13","targetHints":{"allow":["GET"]}}],"collection":[{"href":"https:\/\/min-pan.krakow.pl\/instytut\/en\/wp-json\/wp\/v2\/pages"}],"about":[{"href":"https:\/\/min-pan.krakow.pl\/instytut\/en\/wp-json\/wp\/v2\/types\/page"}],"author":[{"embeddable":true,"href":"https:\/\/min-pan.krakow.pl\/instytut\/en\/wp-json\/wp\/v2\/users\/1"}],"replies":[{"embeddable":true,"href":"https:\/\/min-pan.krakow.pl\/instytut\/en\/wp-json\/wp\/v2\/comments?post=13"}],"version-history":[{"count":55,"href":"https:\/\/min-pan.krakow.pl\/instytut\/en\/wp-json\/wp\/v2\/pages\/13\/revisions"}],"predecessor-version":[{"id":2907,"href":"https:\/\/min-pan.krakow.pl\/instytut\/en\/wp-json\/wp\/v2\/pages\/13\/revisions\/2907"}],"wp:attachment":[{"href":"https:\/\/min-pan.krakow.pl\/instytut\/en\/wp-json\/wp\/v2\/media?parent=13"}],"curies":[{"name":"wp","href":"https:\/\/api.w.org\/{rel}","templated":true}]}}