{"id":7,"date":"2017-11-09T11:42:57","date_gmt":"2017-11-09T10:42:57","guid":{"rendered":"https:\/\/min-pan.krakow.pl\/\/dzialalnosc-naukowa\/?page_id=7"},"modified":"2018-03-13T08:07:12","modified_gmt":"2018-03-13T07:07:12","slug":"tematy-badan-statutowych","status":"publish","type":"page","link":"https:\/\/min-pan.krakow.pl\/dzialalnosc-naukowa\/tematy-badan-statutowych\/","title":{"rendered":"Badania statutowe"},"content":{"rendered":"<p><\/p>\n<h2>Badania statutowe<\/h2>\n<p>Tematy bada\u0144 statutowych Instytutu obejmuj\u0105 zadania kontynuowane oraz nowe. Obecnie dzia\u0142alno\u015b\u0107 statutowa realizowana jest w obr\u0119bie sze\u015bciu kierunk\u00f3w badawczych:<\/p>\n<ul>\n<li>efektywno\u015b\u0107 gospodarowania\u00a0 surowcami\u00a0 mineralnymi,<\/li>\n<li>energia odnawialna\u00a0 jako\u00a0 czynnik zr\u00f3wnowa\u017conego\u00a0 rozwoju,<\/li>\n<li>technologie informacyjne\u00a0 w\u00a0 analizie\u00a0 rozwoju\u00a0 system\u00f3w\u00a0 gospodarki\u00a0 surowcami\u00a0 mineralnymi\u00a0 i\u00a0energi\u0105,<\/li>\n<li>regionalizacja polityki\u00a0 energetycznej\u00a0 Polski\u00a0 z\u00a0uwzgl\u0119dnieniem\u00a0 uwarunkowa\u0144\u00a0 ekonomicznych\u00a0 i\u00a0ekologicznych,<\/li>\n<li>zr\u00f3wnowa\u017cony rozw\u00f3j\u00a0 region\u00f3w,<\/li>\n<li>podstawy efektywnej\u00a0 gospodarki odpadami.<\/li>\n<\/ul>\n<p>Poni\u017cej zamieszczamy rozszerzony wykaz bada\u0144 statutowych, realizowanych w kolejnych latach.<\/p>","protected":false},"excerpt":{"rendered":"<p>Badania statutowe Tematy bada\u0144 statutowych Instytutu obejmuj\u0105 zadania kontynuowane oraz nowe. Obecnie dzia\u0142alno\u015b\u0107 statutowa realizowana jest w obr\u0119bie sze\u015bciu kierunk\u00f3w badawczych: efektywno\u015b\u0107 gospodarowania\u00a0 surowcami\u00a0 mineralnymi, energia odnawialna\u00a0 jako\u00a0 czynnik zr\u00f3wnowa\u017conego\u00a0 rozwoju, technologie informacyjne\u00a0 w\u00a0 analizie\u00a0 rozwoju\u00a0 system\u00f3w\u00a0 gospodarki\u00a0 surowcami\u00a0 mineralnymi\u00a0 i\u00a0energi\u0105, regionalizacja polityki\u00a0 energetycznej\u00a0 Polski\u00a0 z\u00a0uwzgl\u0119dnieniem\u00a0 uwarunkowa\u0144\u00a0 ekonomicznych\u00a0 i\u00a0ekologicznych, zr\u00f3wnowa\u017cony rozw\u00f3j\u00a0 region\u00f3w, podstawy efektywnej\u00a0 gospodarki [&hellip;]<\/p>\n","protected":false},"author":1,"featured_media":0,"parent":0,"menu_order":36,"comment_status":"closed","ping_status":"closed","template":"","meta":{"footnotes":""},"class_list":["post-7","page","type-page","status-publish","hentry"],"_links":{"self":[{"href":"https:\/\/min-pan.krakow.pl\/dzialalnosc-naukowa\/wp-json\/wp\/v2\/pages\/7","targetHints":{"allow":["GET"]}}],"collection":[{"href":"https:\/\/min-pan.krakow.pl\/dzialalnosc-naukowa\/wp-json\/wp\/v2\/pages"}],"about":[{"href":"https:\/\/min-pan.krakow.pl\/dzialalnosc-naukowa\/wp-json\/wp\/v2\/types\/page"}],"author":[{"embeddable":true,"href":"https:\/\/min-pan.krakow.pl\/dzialalnosc-naukowa\/wp-json\/wp\/v2\/users\/1"}],"replies":[{"embeddable":true,"href":"https:\/\/min-pan.krakow.pl\/dzialalnosc-naukowa\/wp-json\/wp\/v2\/comments?post=7"}],"version-history":[{"count":13,"href":"https:\/\/min-pan.krakow.pl\/dzialalnosc-naukowa\/wp-json\/wp\/v2\/pages\/7\/revisions"}],"predecessor-version":[{"id":678,"href":"https:\/\/min-pan.krakow.pl\/dzialalnosc-naukowa\/wp-json\/wp\/v2\/pages\/7\/revisions\/678"}],"wp:attachment":[{"href":"https:\/\/min-pan.krakow.pl\/dzialalnosc-naukowa\/wp-json\/wp\/v2\/media?parent=7"}],"curies":[{"name":"wp","href":"https:\/\/api.w.org\/{rel}","templated":true}]}}