{"id":284,"date":"2017-12-04T13:14:41","date_gmt":"2017-12-04T12:14:41","guid":{"rendered":"https:\/\/min-pan.krakow.pl\/\/dzialalnosc-naukowa\/?page_id=284"},"modified":"2023-02-07T11:42:43","modified_gmt":"2023-02-07T10:42:43","slug":"rafal-polak","status":"publish","type":"page","link":"https:\/\/min-pan.krakow.pl\/dzialalnosc-naukowa\/rafal-polak\/","title":{"rendered":"Rafa\u0142 Polak"},"content":{"rendered":"<p><\/p>\n<h2>Rafa\u0142 Polak<\/h2>\n<p><strong>Rozprawa doktorska\u00a0<\/strong><\/p>\n<p class=\"downloadElemContainer2\"><a class=\"downloadElem pdf\" href=\"https:\/\/min-pan.krakow.pl\/dzialalnosc-naukowa\/wp-content\/uploads\/sites\/7\/2022\/05\/Wyr\u00f3\u017cnienie-rozprawy-doktorskiej_Rafa\u0142-Polak.pdf\" target=\"_blank\" rel=\"noopener noreferrer\">\u00a0<\/a><cite>Wyr\u00f3\u017cnienie rozprawy doktorskiej_Rafa\u0142 Polak<\/cite><\/p>\n<p class=\"downloadElemContainer2\"><a class=\"downloadElem pdf\" href=\"https:\/\/min-pan.krakow.pl\/dzialalnosc-naukowa\/wp-content\/uploads\/sites\/7\/2022\/05\/Zawiadomienie-o-nadaniu-stopnia_Rafa\u0142-Polak.pdf\" target=\"_blank\" rel=\"noopener noreferrer\">\u00a0<\/a><cite>Zawiadomienie o nadaniu stopnia_Rafa\u0142 Polak<\/cite><\/p>\n<p class=\"downloadElemContainer2\"><a class=\"downloadElem pdf\" href=\"https:\/\/min-pan.krakow.pl\/dzialalnosc-naukowa\/wp-content\/uploads\/sites\/7\/2022\/01\/Informacja-o-terminie-i-miejsu-przeprowadzenia.pdf\" target=\"_blank\" rel=\"noopener noreferrer\">\u00a0<\/a><cite>Informacja o terminie i miejscu przeprowadzenia obrony rozprawy doktorskiej oraz miejscu z\u0142o\u017cenia rozprawy doktorskiej<\/cite><\/p>\n<p>Link do publicznej obrony rozprawy doktorskiej mgr in\u017c. Rafa\u0142a Polaka:<\/p>\n<p><a href=\"https:\/\/min-pan-krakow.webex.com\/min-pan-krakow\/j.php?MTID=me856134e395d5364587db349bad4e557\">https:\/\/min-pan-krakow.webex.com\/min-pan-krakow\/j.php?MTID=me856134e395d5364587db349bad4e557\u00a0<\/a><\/p>\n<p><strong>Recenzje rozprawy doktorskiej<\/strong><\/p>\n<p class=\"downloadElemContainer2\"><a class=\"downloadElem pdf\" href=\"https:\/\/min-pan.krakow.pl\/dzialalnosc-naukowa\/wp-content\/uploads\/sites\/7\/2021\/11\/recenzja_A.Wojaczek.pdf\" target=\"_blank\" rel=\"noopener noreferrer\">\u00a0<\/a><cite>Recenzja rozprawy doktorskiej dr hab. in\u017c. Antoni Wojaczek<\/cite><\/p>\n<p class=\"downloadElemContainer2\"><a class=\"downloadElem pdf\" href=\"https:\/\/min-pan.krakow.pl\/dzialalnosc-naukowa\/wp-content\/uploads\/sites\/7\/2021\/11\/recenzja_J.Szybka.pdf\" target=\"_blank\" rel=\"noopener noreferrer\">\u00a0<\/a><cite>Recenzja rozprawy doktorskiej dr hab. in\u017c. Jan Szybka<\/cite><\/p>\n<p>&nbsp;<\/p>\n<p>&nbsp;<\/p>","protected":false},"excerpt":{"rendered":"<p>Rafa\u0142 Polak Rozprawa doktorska\u00a0 \u00a0Wyr\u00f3\u017cnienie rozprawy doktorskiej_Rafa\u0142 Polak \u00a0Zawiadomienie o nadaniu stopnia_Rafa\u0142 Polak \u00a0Informacja o terminie i miejscu przeprowadzenia obrony rozprawy doktorskiej oraz miejscu z\u0142o\u017cenia rozprawy doktorskiej Link do publicznej obrony rozprawy doktorskiej mgr in\u017c. Rafa\u0142a Polaka: https:\/\/min-pan-krakow.webex.com\/min-pan-krakow\/j.php?MTID=me856134e395d5364587db349bad4e557\u00a0 Recenzje rozprawy doktorskiej \u00a0Recenzja rozprawy doktorskiej dr hab. in\u017c. Antoni Wojaczek \u00a0Recenzja rozprawy doktorskiej dr hab. in\u017c. [&hellip;]<\/p>\n","protected":false},"author":1,"featured_media":0,"parent":0,"menu_order":167,"comment_status":"closed","ping_status":"closed","template":"","meta":{"footnotes":""},"class_list":["post-284","page","type-page","status-publish","hentry"],"_links":{"self":[{"href":"https:\/\/min-pan.krakow.pl\/dzialalnosc-naukowa\/wp-json\/wp\/v2\/pages\/284","targetHints":{"allow":["GET"]}}],"collection":[{"href":"https:\/\/min-pan.krakow.pl\/dzialalnosc-naukowa\/wp-json\/wp\/v2\/pages"}],"about":[{"href":"https:\/\/min-pan.krakow.pl\/dzialalnosc-naukowa\/wp-json\/wp\/v2\/types\/page"}],"author":[{"embeddable":true,"href":"https:\/\/min-pan.krakow.pl\/dzialalnosc-naukowa\/wp-json\/wp\/v2\/users\/1"}],"replies":[{"embeddable":true,"href":"https:\/\/min-pan.krakow.pl\/dzialalnosc-naukowa\/wp-json\/wp\/v2\/comments?post=284"}],"version-history":[{"count":12,"href":"https:\/\/min-pan.krakow.pl\/dzialalnosc-naukowa\/wp-json\/wp\/v2\/pages\/284\/revisions"}],"predecessor-version":[{"id":1258,"href":"https:\/\/min-pan.krakow.pl\/dzialalnosc-naukowa\/wp-json\/wp\/v2\/pages\/284\/revisions\/1258"}],"wp:attachment":[{"href":"https:\/\/min-pan.krakow.pl\/dzialalnosc-naukowa\/wp-json\/wp\/v2\/media?parent=284"}],"curies":[{"name":"wp","href":"https:\/\/api.w.org\/{rel}","templated":true}]}}