{"id":275,"date":"2017-12-04T13:11:24","date_gmt":"2017-12-04T12:11:24","guid":{"rendered":"https:\/\/min-pan.krakow.pl\/\/dzialalnosc-naukowa\/?page_id=275"},"modified":"2022-01-20T12:32:22","modified_gmt":"2022-01-20T11:32:22","slug":"dominik-galica","status":"publish","type":"page","link":"https:\/\/min-pan.krakow.pl\/dzialalnosc-naukowa\/dominik-galica\/","title":{"rendered":"Dominik Galica"},"content":{"rendered":"<p><\/p>\n<h2>Dominik Galica<\/h2>\n<p><span style=\"color: #000000\"><strong>Rozprawa doktorska\u00a0<\/strong><\/span><\/p>\n<p class=\"downloadElemContainer2\"><a class=\"downloadElem pdf\" href=\"https:\/\/min-pan.krakow.pl\/dzialalnosc-naukowa\/wp-content\/uploads\/sites\/7\/2022\/01\/Wyr\u00f3\u017cnienie-rozprawy-doktorskiej-Dominik.pdf\" target=\"_blank\" rel=\"noopener noreferrer\">\u00a0<\/a><cite>Wyr\u00f3\u017cnienie rozprawy doktorskiej\u00a0<\/cite><\/p>\n<p class=\"downloadElemContainer2\"><a class=\"downloadElem pdf\" href=\"https:\/\/min-pan.krakow.pl\/dzialalnosc-naukowa\/wp-content\/uploads\/sites\/7\/2022\/01\/Zawiadomienie-o-nadaniu-stopnia-doktora-do..pdf\" target=\"_blank\" rel=\"noopener noreferrer\">\u00a0<\/a><cite>Zawiadomienie o nadaniu stopnia doktora\u00a0<\/cite><\/p>\n<p class=\"downloadElemContainer2\"><a class=\"downloadElem pdf\" href=\"https:\/\/min-pan.krakow.pl\/dzialalnosc-naukowa\/wp-content\/uploads\/sites\/7\/2021\/10\/Cyfrowy-model-geoligiczny-z\u0142o\u017ca-jako-narz\u0119dzie-wspomagania-decyzji-w-dzia\u0142alno\u015bci-kopalni-w\u0119gla-kamiennego.pdf\" target=\"_blank\" rel=\"noopener noreferrer\">\u00a0<\/a><cite>&#8222;Cyfrowy model geologiczny z\u0142o\u017ca jako narz\u0119dzie wspomagania decyzji w dzia\u0142alno\u015bci kopalni w\u0119gla kamiennego&#8221;<\/cite><\/p>\n<p class=\"downloadElemContainer2\"><a class=\"downloadElem pdf\" href=\"https:\/\/min-pan.krakow.pl\/dzialalnosc-naukowa\/wp-content\/uploads\/sites\/7\/2021\/10\/Streszczenie-rozprawy-doktorskiej-gal.pdf\" target=\"_blank\" rel=\"noopener noreferrer\">\u00a0<\/a><cite>Streszczenie rozprawy doktorskiej\u00a0<\/cite><\/p>\n<p class=\"downloadElemContainer2\"><a class=\"downloadElem pdf\" href=\"https:\/\/min-pan.krakow.pl\/dzialalnosc-naukowa\/wp-content\/uploads\/sites\/7\/2021\/12\/Informacja-o-terminie-i-miejscu-przeprowadzenia-obrony-rozprawy-doktorskiej.pdf\" target=\"_blank\" rel=\"noopener noreferrer\">\u00a0<\/a><cite>Informacja o terminie i miejscu przeprowadzenia obrony rozprawy doktorskiej oraz o miejscu z\u0142o\u017cenia rozprawy doktorskiej<\/cite><\/p>\n<p><\/p>","protected":false},"excerpt":{"rendered":"<p>Dominik Galica Rozprawa doktorska\u00a0 \u00a0Wyr\u00f3\u017cnienie rozprawy doktorskiej\u00a0 \u00a0Zawiadomienie o nadaniu stopnia doktora\u00a0 \u00a0&#8222;Cyfrowy model geologiczny z\u0142o\u017ca jako narz\u0119dzie wspomagania decyzji w dzia\u0142alno\u015bci kopalni w\u0119gla kamiennego&#8221; \u00a0Streszczenie rozprawy doktorskiej\u00a0 \u00a0Informacja o terminie i miejscu przeprowadzenia obrony rozprawy doktorskiej oraz o miejscu z\u0142o\u017cenia rozprawy doktorskiej<\/p>\n","protected":false},"author":1,"featured_media":0,"parent":0,"menu_order":32,"comment_status":"closed","ping_status":"closed","template":"","meta":{"footnotes":""},"class_list":["post-275","page","type-page","status-publish","hentry"],"_links":{"self":[{"href":"https:\/\/min-pan.krakow.pl\/dzialalnosc-naukowa\/wp-json\/wp\/v2\/pages\/275","targetHints":{"allow":["GET"]}}],"collection":[{"href":"https:\/\/min-pan.krakow.pl\/dzialalnosc-naukowa\/wp-json\/wp\/v2\/pages"}],"about":[{"href":"https:\/\/min-pan.krakow.pl\/dzialalnosc-naukowa\/wp-json\/wp\/v2\/types\/page"}],"author":[{"embeddable":true,"href":"https:\/\/min-pan.krakow.pl\/dzialalnosc-naukowa\/wp-json\/wp\/v2\/users\/1"}],"replies":[{"embeddable":true,"href":"https:\/\/min-pan.krakow.pl\/dzialalnosc-naukowa\/wp-json\/wp\/v2\/comments?post=275"}],"version-history":[{"count":6,"href":"https:\/\/min-pan.krakow.pl\/dzialalnosc-naukowa\/wp-json\/wp\/v2\/pages\/275\/revisions"}],"predecessor-version":[{"id":1136,"href":"https:\/\/min-pan.krakow.pl\/dzialalnosc-naukowa\/wp-json\/wp\/v2\/pages\/275\/revisions\/1136"}],"wp:attachment":[{"href":"https:\/\/min-pan.krakow.pl\/dzialalnosc-naukowa\/wp-json\/wp\/v2\/media?parent=275"}],"curies":[{"name":"wp","href":"https:\/\/api.w.org\/{rel}","templated":true}]}}