{"id":2,"date":"2017-11-09T11:40:07","date_gmt":"2017-11-09T10:40:07","guid":{"rendered":"https:\/\/min-pan.krakow.pl\/\/dzialalnosc-naukowa\/?page_id=2"},"modified":"2024-05-20T14:10:52","modified_gmt":"2024-05-20T12:10:52","slug":"strona-glowna","status":"publish","type":"page","link":"https:\/\/min-pan.krakow.pl\/dzialalnosc-naukowa\/","title":{"rendered":"Dzia\u0142alno\u015b\u0107 naukowa"},"content":{"rendered":"<p><\/p>\n<h2>Dzia\u0142alno\u015b\u0107 naukowa<\/h2>\n<div>\n<p>Obecnie Instytut jest istotnym podmiotem, wsp\u00f3\u0142kszta\u0142tuj\u0105cym post\u0119p naukowy i badawczy w obszarze gospodarki surowcami mineralnymi i energi\u0105 w kraju i za granic\u0105. Przemawiaj\u0105 za tym r\u00f3wnie\u017c nast\u0119puj\u0105ce fakty:<\/p>\n<ul>\n<li>zgodnie z ostatni\u0105 (2021 r.) ocen\u0105 parametryczn\u0105 jednostek naukowych Instytut otrzyma\u0142 kategori\u0119 \u201eA\u201d,<\/li>\n<li>nasza jednostka\u00a0posiada uprawnienia do nadawania stopnia naukowego doktora nauk technicznych w dyscyplinie g\u00f3rnictwo i geologia in\u017cynierska przyznane decyzj\u0105 nr BCK-VI-U-254\/2012 Centralnej Komisji ds. Stopni i Tytu\u0142\u00f3w z dnia 24 wrze\u015bnia 2012 roku,<\/li>\n<li>w lipcu 2017 r. otrzymali\u015bmy prawo u\u017cywania presti\u017cowego logo Komisji Europejskiej \u201eHR Excellence in Research\u201d.<\/li>\n<\/ul>\n<p>Badania wykonywane w Instytucie charakteryzuje interdyscyplinarno\u015b\u0107 i\u00a0kompleksowy charakter. S\u0105 one prowadzone w\u00a0pe\u0142nym cyklu, od bada\u0144 podstawowych do aplikacji.\u00a0W profil naukowy Instytutu wpisuj\u0105 si\u0119 nast\u0119puj\u0105ce obszary badawcze:<\/p>\n<\/div>\n<ul>\n<li>geologia stosowana,<\/li>\n<li>g\u00f3rnictwo,<\/li>\n<li>ekonomika g\u00f3rnictwa i energetyki,<\/li>\n<li>gospodarka surowcami mineralnymi,<\/li>\n<li>gospodarka paliwami i energi\u0105,<\/li>\n<li>odnawialne \u017ar\u00f3d\u0142a energii,<\/li>\n<li>surowce ze \u017ar\u00f3de\u0142 wt\u00f3rnych i odpadowych,<\/li>\n<li>geoin\u017cynieria i in\u017cynieria \u015brodowiska.<\/li>\n<\/ul>\n<h3>W Instytucie funkcjonuj\u0105 r\u00f3wnie\u017c trzy laboratoria:<\/h3>\n<ul>\n<li>geotermalne \u2013 o\u015brodek zamiejscowy w Ba\u0144skiej Ni\u017cnej-Bia\u0142ym Dunajcu,<\/li>\n<li>geofizyki in\u017cynierskiej,<\/li>\n<li>bada\u0144 \u015brodowiskowych.<\/li>\n<\/ul>\n<p class=\"downloadElemContainer2\">\n<p><\/p>","protected":false},"excerpt":{"rendered":"<p>Dzia\u0142alno\u015b\u0107 naukowa Obecnie Instytut jest istotnym podmiotem, wsp\u00f3\u0142kszta\u0142tuj\u0105cym post\u0119p naukowy i badawczy w obszarze gospodarki surowcami mineralnymi i energi\u0105 w kraju i za granic\u0105. Przemawiaj\u0105 za tym r\u00f3wnie\u017c nast\u0119puj\u0105ce fakty: zgodnie z ostatni\u0105 (2021 r.) ocen\u0105 parametryczn\u0105 jednostek naukowych Instytut otrzyma\u0142 kategori\u0119 \u201eA\u201d, nasza jednostka\u00a0posiada uprawnienia do nadawania stopnia naukowego doktora nauk technicznych w dyscyplinie [&hellip;]<\/p>\n","protected":false},"author":1,"featured_media":0,"parent":0,"menu_order":251,"comment_status":"closed","ping_status":"open","template":"templates\/template-home.php","meta":{"footnotes":""},"class_list":["post-2","page","type-page","status-publish","hentry"],"_links":{"self":[{"href":"https:\/\/min-pan.krakow.pl\/dzialalnosc-naukowa\/wp-json\/wp\/v2\/pages\/2","targetHints":{"allow":["GET"]}}],"collection":[{"href":"https:\/\/min-pan.krakow.pl\/dzialalnosc-naukowa\/wp-json\/wp\/v2\/pages"}],"about":[{"href":"https:\/\/min-pan.krakow.pl\/dzialalnosc-naukowa\/wp-json\/wp\/v2\/types\/page"}],"author":[{"embeddable":true,"href":"https:\/\/min-pan.krakow.pl\/dzialalnosc-naukowa\/wp-json\/wp\/v2\/users\/1"}],"replies":[{"embeddable":true,"href":"https:\/\/min-pan.krakow.pl\/dzialalnosc-naukowa\/wp-json\/wp\/v2\/comments?post=2"}],"version-history":[{"count":57,"href":"https:\/\/min-pan.krakow.pl\/dzialalnosc-naukowa\/wp-json\/wp\/v2\/pages\/2\/revisions"}],"predecessor-version":[{"id":1332,"href":"https:\/\/min-pan.krakow.pl\/dzialalnosc-naukowa\/wp-json\/wp\/v2\/pages\/2\/revisions\/1332"}],"wp:attachment":[{"href":"https:\/\/min-pan.krakow.pl\/dzialalnosc-naukowa\/wp-json\/wp\/v2\/media?parent=2"}],"curies":[{"name":"wp","href":"https:\/\/api.w.org\/{rel}","templated":true}]}}