{"id":1491,"date":"2025-02-21T12:15:40","date_gmt":"2025-02-21T11:15:40","guid":{"rendered":"https:\/\/min-pan.krakow.pl\/dzialalnosc-naukowa\/?page_id=1491"},"modified":"2025-09-17T12:14:02","modified_gmt":"2025-09-17T10:14:02","slug":"postepowania-habilitacyjne","status":"publish","type":"page","link":"https:\/\/min-pan.krakow.pl\/dzialalnosc-naukowa\/postepowania-habilitacyjne\/","title":{"rendered":"Post\u0119powania habilitacyjne"},"content":{"rendered":"<p><\/p>\n<h3><\/h3>\n<p class=\"downloadElemContainer2\"><a class=\"downloadElem pdf\" href=\"https:\/\/min-pan.krakow.pl\/dzialalnosc-naukowa\/wp-content\/uploads\/sites\/7\/2025\/08\/Zarzadzenie-AO-50-1-25_Aktualizacja-Procedury-postepowania-w-sprawie-nadania-stopnia-doktora-habilitowanego_final.pdf\" target=\"_blank\" rel=\"noopener\">\u00a0<\/a><cite>Zarz\u0105dzenie AO-50-1-25_Aktualizacja Procedury post\u0119powania w sprawie nadania stopnia doktora habilitowanego_final<\/cite><\/p>\n<p>&nbsp;<\/p>\n<p><strong>Zako\u0144czone post\u0119powania habilitacyjne<\/strong><\/p>\n<p>&nbsp;<\/p>\n<p>Artur Dyczko<\/p>\n<p class=\"downloadElemContainer2\"><a class=\"downloadElem pdf\" href=\"https:\/\/min-pan.krakow.pl\/dzialalnosc-naukowa\/wp-content\/uploads\/sites\/7\/2025\/08\/Uchwala-nr-3-III-2025-IGSMiE-PAN-z-dnia-17.-lipca-2025-r.pdf\" target=\"_blank\" rel=\"noopener\">\u00a0<\/a><cite>Uchwa\u0142a nr 3 III 2025 IGSMiE PAN z dnia 17. lipca 2025 r.<\/cite><\/p>\n<p class=\"downloadElemContainer2\"><a class=\"downloadElem docx\" href=\"https:\/\/min-pan.krakow.pl\/dzialalnosc-naukowa\/wp-content\/uploads\/sites\/7\/2025\/07\/Link-do-transmisji-online_Kolokwium-habilitacyjne-dra-inz.-A.-Dyczki.docx\" target=\"_blank\" rel=\"noopener\">\u00a0<\/a><cite>Link do transmisji online_Kolokwium habilitacyjne dra in\u017c. A. Dyczki<\/cite><\/p>\n<p class=\"downloadElemContainer2\"><a class=\"downloadElem pdf\" href=\"https:\/\/min-pan.krakow.pl\/dzialalnosc-naukowa\/wp-content\/uploads\/sites\/7\/2025\/06\/Zawiadomienie-o-kolokwium-habilitacyjnym.pdf\" target=\"_blank\" rel=\"noopener\">\u00a0<\/a><cite>Zawiadomienie o kolokwium habilitacyjnym<\/cite><\/p>\n<p class=\"downloadElemContainer2\"><a class=\"downloadElem pdf\" href=\"https:\/\/min-pan.krakow.pl\/dzialalnosc-naukowa\/wp-content\/uploads\/sites\/7\/2025\/02\/Wniosek-HABILITACYJNY-Artur-Dyczko-03.01.2025.pdf\" target=\"_blank\" rel=\"noopener\">\u00a0<\/a><cite>Wniosek HABILITACYJNY\u00a0<\/cite><\/p>\n<p class=\"downloadElemContainer2\"><a class=\"downloadElem pdf\" href=\"https:\/\/min-pan.krakow.pl\/dzialalnosc-naukowa\/wp-content\/uploads\/sites\/7\/2025\/03\/Uchwala_powolanie-komisji-habilitacyjnej.pdf\" target=\"_blank\" rel=\"noopener\">\u00a0<\/a><cite>Uchwa\u0142a_powo\u0142anie Komisji Habilitacyjnej<\/cite><\/p>\n<p class=\"downloadElemContainer2\"><a class=\"downloadElem pdf\" href=\"https:\/\/min-pan.krakow.pl\/dzialalnosc-naukowa\/wp-content\/uploads\/sites\/7\/2025\/06\/Recenzja-prof.-dr-hab.-Izabela-Jonek-Kowalska.pdf\" target=\"_blank\" rel=\"noopener\">\u00a0<\/a><cite>Recenzja &#8211; prof. dr hab. Izabela Jonek-Kowalska<\/cite><\/p>\n<p class=\"downloadElemContainer2\"><a class=\"downloadElem pdf\" href=\"https:\/\/min-pan.krakow.pl\/dzialalnosc-naukowa\/wp-content\/uploads\/sites\/7\/2025\/06\/Recenzja-prof.-dr-hab.-inz.-Jozef-Dubinski.pdf\" target=\"_blank\" rel=\"noopener\">\u00a0<\/a><cite>Recenzja &#8211; prof. dr hab. in\u017c. J\u00f3zef Dubi\u0144ski<\/cite><\/p>\n<p class=\"downloadElemContainer2\"><a class=\"downloadElem pdf\" href=\"https:\/\/min-pan.krakow.pl\/dzialalnosc-naukowa\/wp-content\/uploads\/sites\/7\/2025\/06\/Recenzja-prof.-dr-hab.-inz.-Jan-Szlazak.pdf\" target=\"_blank\" rel=\"noopener\">\u00a0<\/a><cite>Recenzja &#8211; prof. dr hab. in\u017c. Jan Szl\u0105zak<\/cite><\/p>\n<p class=\"downloadElemContainer2\"><a class=\"downloadElem pdf\" href=\"https:\/\/min-pan.krakow.pl\/dzialalnosc-naukowa\/wp-content\/uploads\/sites\/7\/2025\/06\/Recenzja-prof.-dr-hab.-inz.-Jan-Kudelko.pdf\" target=\"_blank\" rel=\"noopener\">\u00a0<\/a><cite>Recenzja &#8211; prof. dr hab. in\u017c. Jan Kude\u0142ko<\/cite><\/p>\n<p class=\"downloadElemContainer2\"><a class=\"downloadElem pdf\" href=\"https:\/\/min-pan.krakow.pl\/dzialalnosc-naukowa\/wp-content\/uploads\/sites\/7\/2025\/07\/Uchwala_KH_A_Dyczko.pdf\" target=\"_blank\" rel=\"noopener\">\u00a0<\/a><cite>Uchwala_KH_A_Dyczko<\/cite><\/p>\n<p>&nbsp;<\/p>\n<p>Beata Klojzy-Karczmarczyk<\/p>\n<p class=\"downloadElemContainer2\"><a class=\"downloadElem pdf\" href=\"https:\/\/min-pan.krakow.pl\/dzialalnosc-naukowa\/wp-content\/uploads\/sites\/7\/2025\/08\/Zawiadomienie-o-kolokwium-habilitacyjnym_final.pdf\" target=\"_blank\" rel=\"noopener\">\u00a0<\/a><cite>Zawiadomienie o kolokwium habilitacyjnym<\/cite><\/p>\n<p class=\"downloadElemContainer2\"><a class=\"downloadElem pdf\" href=\"https:\/\/min-pan.krakow.pl\/dzialalnosc-naukowa\/wp-content\/uploads\/sites\/7\/2025\/03\/WNIOSEK_Klojzy_Karczmarczyk_05.02.2025.pdf\" target=\"_blank\" rel=\"noopener\">\u00a0<\/a><cite>Wniosek HABILITACYJNY<\/cite><\/p>\n<p class=\"downloadElemContainer2\"><a class=\"downloadElem pdf\" href=\"https:\/\/min-pan.krakow.pl\/dzialalnosc-naukowa\/wp-content\/uploads\/sites\/7\/2025\/06\/Uchwala_powolanie-Komisji-Habilitacyjnej.pdf\" target=\"_blank\" rel=\"noopener\">\u00a0<\/a><cite>Uchwa\u0142a_powo\u0142anie Komisji Habilitacyjnej<\/cite><\/p>\n<p class=\"downloadElemContainer2\"><a class=\"downloadElem pdf\" href=\"https:\/\/min-pan.krakow.pl\/dzialalnosc-naukowa\/wp-content\/uploads\/sites\/7\/2025\/07\/Recenzja-dr-hab.-inz.-Malgorzata-Franus.pdf\" target=\"_blank\" rel=\"noopener\">\u00a0<\/a><cite>Recenzja &#8211; dr hab. in\u017c. Ma\u0142gorzata Franus<\/cite><\/p>\n<p class=\"downloadElemContainer2\"><a class=\"downloadElem pdf\" href=\"https:\/\/min-pan.krakow.pl\/dzialalnosc-naukowa\/wp-content\/uploads\/sites\/7\/2025\/07\/Recenzja-prof.-dr-hab.-inz.-Czeslawa-Rosik-Dulewska-1.pdf\" target=\"_blank\" rel=\"noopener\">\u00a0<\/a><cite>Recenzja &#8211; prof. dr hab. in\u017c. Czes\u0142awa Rosik-Dulewska<\/cite><\/p>\n<p class=\"downloadElemContainer2\"><a class=\"downloadElem pdf\" href=\"https:\/\/min-pan.krakow.pl\/dzialalnosc-naukowa\/wp-content\/uploads\/sites\/7\/2025\/08\/Recenzja-dr-hab.-inz.-Malgorzata-Wzorek_.pdf\" target=\"_blank\" rel=\"noopener\">\u00a0<\/a><cite>Recenzja &#8211; dr hab. in\u017c. Ma\u0142gorzata Wzorek<\/cite><\/p>\n<p class=\"downloadElemContainer2\"><a class=\"downloadElem pdf\" href=\"https:\/\/min-pan.krakow.pl\/dzialalnosc-naukowa\/wp-content\/uploads\/sites\/7\/2025\/07\/Recenzja-prof.-dr-hab.-Zbigniew-Hubicki_.pdf\" target=\"_blank\" rel=\"noopener\">\u00a0<\/a><cite>Recenzja &#8211; prof. dr hab. Zbigniew Hubicki<\/cite><\/p>\n<p class=\"downloadElemContainer2\"><a class=\"downloadElem pdf\" href=\"https:\/\/min-pan.krakow.pl\/dzialalnosc-naukowa\/wp-content\/uploads\/sites\/7\/2025\/09\/Uchwala-Komisji-Habilitacyjnej-19-sierpnia-2025r.pdf\" target=\"_blank\" rel=\"noopener\">\u00a0<\/a><cite>Uchwala Komisji habilitacyjnej\u00a0<\/cite><\/p>\n<p class=\"downloadElemContainer2\"><a class=\"downloadElem pdf\" href=\"https:\/\/min-pan.krakow.pl\/dzialalnosc-naukowa\/wp-content\/uploads\/sites\/7\/2025\/09\/Uchwala_nadanie-stopnia-1.pdf\" target=\"_blank\" rel=\"noopener\">\u00a0<\/a><cite>Uchwa\u0142a_nadanie stopnia<\/cite><\/p>\n<p>&nbsp;<\/p>\n<p>Aleksandra Komorowska<\/p>\n<p class=\"downloadElemContainer2\"><a class=\"downloadElem pdf\" href=\"https:\/\/min-pan.krakow.pl\/dzialalnosc-naukowa\/wp-content\/uploads\/sites\/7\/2025\/03\/01_Wniosek-przewodni_Komorowska_Aleksandra.pdf\" target=\"_blank\" rel=\"noopener\">\u00a0<\/a><cite>Wniosek HABILITACYJNY<\/cite><\/p>\n<p class=\"downloadElemContainer2\"><a class=\"downloadElem pdf\" href=\"https:\/\/min-pan.krakow.pl\/dzialalnosc-naukowa\/wp-content\/uploads\/sites\/7\/2025\/06\/Uchwala_powolanie-Komisji-Habilitacyjnej-1.pdf\" target=\"_blank\" rel=\"noopener\">\u00a0<\/a><cite>Uchwa\u0142a_powo\u0142anie Komisji Habilitacyjnej.<\/cite><\/p>\n<p class=\"downloadElemContainer2\"><a class=\"downloadElem pdf\" href=\"https:\/\/min-pan.krakow.pl\/dzialalnosc-naukowa\/wp-content\/uploads\/sites\/7\/2025\/07\/Recenzja-Prof.-dr-hab.-inz.-Sebastian-Werle.pdf\" target=\"_blank\" rel=\"noopener\">\u00a0<\/a><cite>Recenzja &#8211; Prof. dr hab. in\u017c. Sebastian Werle<\/cite><\/p>\n<p class=\"downloadElemContainer2\"><a class=\"downloadElem pdf\" href=\"https:\/\/min-pan.krakow.pl\/dzialalnosc-naukowa\/wp-content\/uploads\/sites\/7\/2025\/07\/Recenzja-Prof.-dr-hab.-inz.-Tadeusz-Chmielniak.pdf\" target=\"_blank\" rel=\"noopener\">\u00a0<\/a><cite>Recenzja &#8211; Prof. dr hab. in\u017c. Tadeusz Chmielniak<\/cite><\/p>\n<p class=\"downloadElemContainer2\"><a class=\"downloadElem pdf\" href=\"https:\/\/min-pan.krakow.pl\/dzialalnosc-naukowa\/wp-content\/uploads\/sites\/7\/2025\/07\/Recenzja-Prof.-dr-hab.-inz.-Tadeusz-Bohdal.pdf\" target=\"_blank\" rel=\"noopener\">\u00a0<\/a><cite>Recenzja &#8211; Prof. dr hab. in\u017c. Tadeusz Bohdal<\/cite><\/p>\n<p class=\"downloadElemContainer2\"><a class=\"downloadElem pdf\" href=\"https:\/\/min-pan.krakow.pl\/dzialalnosc-naukowa\/wp-content\/uploads\/sites\/7\/2025\/08\/Recenzja-Prof.-dr-hab.-inz.-Janusz-Lewandowski.pdf\" target=\"_blank\" rel=\"noopener\">\u00a0<\/a><cite>Recenzja &#8211; Prof. dr hab. in\u017c. Janusz Lewandowski<\/cite><\/p>\n<p class=\"downloadElemContainer2\"><a class=\"downloadElem pdf\" href=\"https:\/\/min-pan.krakow.pl\/dzialalnosc-naukowa\/wp-content\/uploads\/sites\/7\/2025\/08\/Zawiadomienie-o-kolokwium-habilitacyjnym_Aleksandra-Komorowska.pdf\" target=\"_blank\" rel=\"noopener\">\u00a0<\/a><cite>Zawiadomienie o kolokwium habilitacyjnym<\/cite><\/p>\n<p class=\"downloadElemContainer2\"><a class=\"downloadElem pdf\" href=\"https:\/\/min-pan.krakow.pl\/dzialalnosc-naukowa\/wp-content\/uploads\/sites\/7\/2025\/09\/Uchwala-Komisji-Habilitacyjnej-z-4.09.2025-r.pdf\" target=\"_blank\" rel=\"noopener\">\u00a0<\/a><cite>Uchwa\u0142a Komisji Habilitacyjnej z 4.09.2025 r.<\/cite><\/p>\n<p class=\"downloadElemContainer2\"><a class=\"downloadElem pdf\" href=\"https:\/\/min-pan.krakow.pl\/dzialalnosc-naukowa\/wp-content\/uploads\/sites\/7\/2025\/09\/Uchwala_nadanie-stopnia.pdf\" target=\"_blank\" rel=\"noopener\">\u00a0<\/a><cite>Uchwa\u0142a_nadanie stopnia<\/cite><\/p>\n<p class=\"downloadElemContainer2\">\n<p><\/p>","protected":false},"excerpt":{"rendered":"<p>\u00a0Zarz\u0105dzenie AO-50-1-25_Aktualizacja Procedury post\u0119powania w sprawie nadania stopnia doktora habilitowanego_final &nbsp; Zako\u0144czone post\u0119powania habilitacyjne &nbsp; Artur Dyczko \u00a0Uchwa\u0142a nr 3 III 2025 IGSMiE PAN z dnia 17. lipca 2025 r. \u00a0Link do transmisji online_Kolokwium habilitacyjne dra in\u017c. A. Dyczki \u00a0Zawiadomienie o kolokwium habilitacyjnym \u00a0Wniosek HABILITACYJNY\u00a0 \u00a0Uchwa\u0142a_powo\u0142anie Komisji Habilitacyjnej \u00a0Recenzja &#8211; prof. dr hab. Izabela Jonek-Kowalska [&hellip;]<\/p>\n","protected":false},"author":1,"featured_media":0,"parent":0,"menu_order":1,"comment_status":"closed","ping_status":"closed","template":"templates\/template-theses2.php","meta":{"footnotes":""},"class_list":["post-1491","page","type-page","status-publish","hentry"],"_links":{"self":[{"href":"https:\/\/min-pan.krakow.pl\/dzialalnosc-naukowa\/wp-json\/wp\/v2\/pages\/1491","targetHints":{"allow":["GET"]}}],"collection":[{"href":"https:\/\/min-pan.krakow.pl\/dzialalnosc-naukowa\/wp-json\/wp\/v2\/pages"}],"about":[{"href":"https:\/\/min-pan.krakow.pl\/dzialalnosc-naukowa\/wp-json\/wp\/v2\/types\/page"}],"author":[{"embeddable":true,"href":"https:\/\/min-pan.krakow.pl\/dzialalnosc-naukowa\/wp-json\/wp\/v2\/users\/1"}],"replies":[{"embeddable":true,"href":"https:\/\/min-pan.krakow.pl\/dzialalnosc-naukowa\/wp-json\/wp\/v2\/comments?post=1491"}],"version-history":[{"count":39,"href":"https:\/\/min-pan.krakow.pl\/dzialalnosc-naukowa\/wp-json\/wp\/v2\/pages\/1491\/revisions"}],"predecessor-version":[{"id":1601,"href":"https:\/\/min-pan.krakow.pl\/dzialalnosc-naukowa\/wp-json\/wp\/v2\/pages\/1491\/revisions\/1601"}],"wp:attachment":[{"href":"https:\/\/min-pan.krakow.pl\/dzialalnosc-naukowa\/wp-json\/wp\/v2\/media?parent=1491"}],"curies":[{"name":"wp","href":"https:\/\/api.w.org\/{rel}","templated":true}]}}