{"id":13,"date":"2017-11-09T11:43:22","date_gmt":"2017-11-09T10:43:22","guid":{"rendered":"https:\/\/min-pan.krakow.pl\/\/dzialalnosc-naukowa\/?page_id=13"},"modified":"2017-12-27T21:05:47","modified_gmt":"2017-12-27T20:05:47","slug":"praktyki","status":"publish","type":"page","link":"https:\/\/min-pan.krakow.pl\/dzialalnosc-naukowa\/praktyki\/","title":{"rendered":"Praktyki"},"content":{"rendered":"<p><\/p>\n<h2>Praktyki studenckie i absolwenckie<\/h2>\n<p>W ramach wsp\u00f3\u0142pracy z uczelniami wy\u017cszymi Instytut anga\u017cuje si\u0119 w organizacj\u0119 praktyk i sta\u017cy naukowych, stwarzaj\u0105c mo\u017cliwo\u015bci rozwoju przysz\u0142ym pracownikom nauki. Ka\u017cdego roku do Instytutu trafia kilkunastu student\u00f3w i doktorant\u00f3w, pragn\u0105cych rozwija\u0107 swoje zainteresowania naukowe. Najlepsi z nich zyskuj\u0105 r\u00f3wnie\u017c mo\u017cliwo\u015b\u0107 zatrudnienia w naszej jednostce.<\/p>","protected":false},"excerpt":{"rendered":"<p>Praktyki studenckie i absolwenckie W ramach wsp\u00f3\u0142pracy z uczelniami wy\u017cszymi Instytut anga\u017cuje si\u0119 w organizacj\u0119 praktyk i sta\u017cy naukowych, stwarzaj\u0105c mo\u017cliwo\u015bci rozwoju przysz\u0142ym pracownikom nauki. Ka\u017cdego roku do Instytutu trafia kilkunastu student\u00f3w i doktorant\u00f3w, pragn\u0105cych rozwija\u0107 swoje zainteresowania naukowe. Najlepsi z nich zyskuj\u0105 r\u00f3wnie\u017c mo\u017cliwo\u015b\u0107 zatrudnienia w naszej jednostce.<\/p>\n","protected":false},"author":1,"featured_media":0,"parent":0,"menu_order":252,"comment_status":"closed","ping_status":"closed","template":"","meta":{"footnotes":""},"class_list":["post-13","page","type-page","status-publish","hentry"],"_links":{"self":[{"href":"https:\/\/min-pan.krakow.pl\/dzialalnosc-naukowa\/wp-json\/wp\/v2\/pages\/13","targetHints":{"allow":["GET"]}}],"collection":[{"href":"https:\/\/min-pan.krakow.pl\/dzialalnosc-naukowa\/wp-json\/wp\/v2\/pages"}],"about":[{"href":"https:\/\/min-pan.krakow.pl\/dzialalnosc-naukowa\/wp-json\/wp\/v2\/types\/page"}],"author":[{"embeddable":true,"href":"https:\/\/min-pan.krakow.pl\/dzialalnosc-naukowa\/wp-json\/wp\/v2\/users\/1"}],"replies":[{"embeddable":true,"href":"https:\/\/min-pan.krakow.pl\/dzialalnosc-naukowa\/wp-json\/wp\/v2\/comments?post=13"}],"version-history":[{"count":6,"href":"https:\/\/min-pan.krakow.pl\/dzialalnosc-naukowa\/wp-json\/wp\/v2\/pages\/13\/revisions"}],"predecessor-version":[{"id":555,"href":"https:\/\/min-pan.krakow.pl\/dzialalnosc-naukowa\/wp-json\/wp\/v2\/pages\/13\/revisions\/555"}],"wp:attachment":[{"href":"https:\/\/min-pan.krakow.pl\/dzialalnosc-naukowa\/wp-json\/wp\/v2\/media?parent=13"}],"curies":[{"name":"wp","href":"https:\/\/api.w.org\/{rel}","templated":true}]}}