{"id":1161,"date":"2022-02-28T09:09:19","date_gmt":"2022-02-28T08:09:19","guid":{"rendered":"https:\/\/min-pan.krakow.pl\/dzialalnosc-naukowa\/?page_id=1161"},"modified":"2022-12-28T13:17:12","modified_gmt":"2022-12-28T12:17:12","slug":"rafal-czapaj","status":"publish","type":"page","link":"https:\/\/min-pan.krakow.pl\/dzialalnosc-naukowa\/postepowania-doktorskie-nowy-tryb\/rafal-czapaj\/","title":{"rendered":"Rafa\u0142 Czapaj"},"content":{"rendered":"<p><\/p>\n<h2>Rafa\u0142 Czapaj<\/h2>\n<p><strong>Rozprawa doktorska\u00a0<\/strong><\/p>\n<p class=\"downloadElemContainer2\"><a class=\"downloadElem pdf\" href=\"https:\/\/min-pan.krakow.pl\/dzialalnosc-naukowa\/wp-content\/uploads\/sites\/7\/2022\/02\/Prognozowanie-kr\u00f3tkoterminowego-zapotrzebowania-na-moc-elektryczn\u0105-metod\u0105-wa\u017conych-wsp\u00f3\u0142czynnik\u00f3w-funkcji-autokorelacji-cz\u0105stkowej.pdf\" target=\"_blank\" rel=\"noopener noreferrer\">\u00a0<\/a><cite>Prognozowanie kr\u00f3tkoterminowego zapotrzebowania na moc elektryczn\u0105 metod\u0105 wa\u017conych wsp\u00f3\u0142czynnik\u00f3w funkcji autokorelacji cz\u0105stkowej<\/cite><\/p>\n<p class=\"downloadElemContainer2\"><a class=\"downloadElem pdf\" href=\"https:\/\/min-pan.krakow.pl\/dzialalnosc-naukowa\/wp-content\/uploads\/sites\/7\/2022\/02\/Za\u0142\u0105cznik.pdf\" target=\"_blank\" rel=\"noopener noreferrer\">\u00a0<\/a><cite>Za\u0142\u0105cznik<\/cite><\/p>\n<p class=\"downloadElemContainer2\"><a class=\"downloadElem pdf\" href=\"https:\/\/min-pan.krakow.pl\/dzialalnosc-naukowa\/wp-content\/uploads\/sites\/7\/2022\/12\/Zawiadomienie-o-nadaniu-stopnia-doktora-1.pdf\" target=\"_blank\" rel=\"noopener noreferrer\">\u00a0<\/a><cite>Zawiadomienie o nadaniu stopnia doktora<\/cite><\/p>\n<p class=\"downloadElemContainer2\"><a class=\"downloadElem pdf\" href=\"https:\/\/min-pan.krakow.pl\/dzialalnosc-naukowa\/wp-content\/uploads\/sites\/7\/2022\/02\/Streszczenie_PL.pdf\" target=\"_blank\" rel=\"noopener noreferrer\">\u00a0<\/a><cite>Streszczenie_PL<\/cite><\/p>\n<p class=\"downloadElemContainer2\"><a class=\"downloadElem pdf\" href=\"https:\/\/min-pan.krakow.pl\/dzialalnosc-naukowa\/wp-content\/uploads\/sites\/7\/2022\/02\/Streszczenie_EN.pdf\" target=\"_blank\" rel=\"noopener noreferrer\">\u00a0<\/a><cite>Streszczenie_EN<\/cite><\/p>\n<p class=\"downloadElemContainer2\"><a class=\"downloadElem pdf\" href=\"https:\/\/min-pan.krakow.pl\/dzialalnosc-naukowa\/wp-content\/uploads\/sites\/7\/2022\/10\/Informacja-o-terminie-i-miejscu-przeprowadzenia-obrony-rozprawy-doktorskiej-oraz-miejscu-1-1.pdf\" target=\"_blank\" rel=\"noopener noreferrer\">\u00a0<\/a><cite>Informacja-o-terminie-i-miejscu-przeprowadzenia-obrony-rozprawy-doktorskiej-oraz-miejscu (1)-1<\/cite><\/p>\n<p><strong>Recenzje rozprawy doktorskiej<\/strong><\/p>\n<p class=\"downloadElemContainer2\"><a class=\"downloadElem pdf\" href=\"https:\/\/min-pan.krakow.pl\/dzialalnosc-naukowa\/wp-content\/uploads\/sites\/7\/2022\/02\/Dr-hab.-in\u017c.-Edyta-Brzychczy.pdf\" target=\"_blank\" rel=\"noopener noreferrer\">\u00a0<\/a><cite>Dr hab. in\u017c. Edyta Brzychczy<\/cite><\/p>\n<p class=\"downloadElemContainer2\"><a class=\"downloadElem pdf\" href=\"https:\/\/min-pan.krakow.pl\/dzialalnosc-naukowa\/wp-content\/uploads\/sites\/7\/2022\/02\/Dr-hab.-in\u017c.-Roman-Korab.pdf\" target=\"_blank\" rel=\"noopener noreferrer\">\u00a0<\/a><cite>Dr hab. in\u017c. Roman Korab<\/cite><\/p>\n<p class=\"downloadElemContainer2\"><a class=\"downloadElem pdf\" href=\"https:\/\/min-pan.krakow.pl\/dzialalnosc-naukowa\/wp-content\/uploads\/sites\/7\/2022\/02\/Dr-hab.-in\u017c.-Waldemar-Do\u0142\u0119ga.pdf\" target=\"_blank\" rel=\"noopener noreferrer\">\u00a0<\/a><cite>Dr hab. in\u017c. Waldemar Do\u0142\u0119ga<\/cite><\/p>\n<p>&nbsp;<\/p>","protected":false},"excerpt":{"rendered":"<p>Rafa\u0142 Czapaj Rozprawa doktorska\u00a0 \u00a0Prognozowanie kr\u00f3tkoterminowego zapotrzebowania na moc elektryczn\u0105 metod\u0105 wa\u017conych wsp\u00f3\u0142czynnik\u00f3w funkcji autokorelacji cz\u0105stkowej \u00a0Za\u0142\u0105cznik \u00a0Zawiadomienie o nadaniu stopnia doktora \u00a0Streszczenie_PL \u00a0Streszczenie_EN \u00a0Informacja-o-terminie-i-miejscu-przeprowadzenia-obrony-rozprawy-doktorskiej-oraz-miejscu (1)-1 Recenzje rozprawy doktorskiej \u00a0Dr hab. in\u017c. Edyta Brzychczy \u00a0Dr hab. in\u017c. Roman Korab \u00a0Dr hab. in\u017c. Waldemar Do\u0142\u0119ga &nbsp;<\/p>\n","protected":false},"author":11,"featured_media":0,"parent":996,"menu_order":10,"comment_status":"closed","ping_status":"closed","template":"","meta":{"footnotes":""},"class_list":["post-1161","page","type-page","status-publish","hentry"],"_links":{"self":[{"href":"https:\/\/min-pan.krakow.pl\/dzialalnosc-naukowa\/wp-json\/wp\/v2\/pages\/1161","targetHints":{"allow":["GET"]}}],"collection":[{"href":"https:\/\/min-pan.krakow.pl\/dzialalnosc-naukowa\/wp-json\/wp\/v2\/pages"}],"about":[{"href":"https:\/\/min-pan.krakow.pl\/dzialalnosc-naukowa\/wp-json\/wp\/v2\/types\/page"}],"author":[{"embeddable":true,"href":"https:\/\/min-pan.krakow.pl\/dzialalnosc-naukowa\/wp-json\/wp\/v2\/users\/11"}],"replies":[{"embeddable":true,"href":"https:\/\/min-pan.krakow.pl\/dzialalnosc-naukowa\/wp-json\/wp\/v2\/comments?post=1161"}],"version-history":[{"count":6,"href":"https:\/\/min-pan.krakow.pl\/dzialalnosc-naukowa\/wp-json\/wp\/v2\/pages\/1161\/revisions"}],"predecessor-version":[{"id":1239,"href":"https:\/\/min-pan.krakow.pl\/dzialalnosc-naukowa\/wp-json\/wp\/v2\/pages\/1161\/revisions\/1239"}],"up":[{"embeddable":true,"href":"https:\/\/min-pan.krakow.pl\/dzialalnosc-naukowa\/wp-json\/wp\/v2\/pages\/996"}],"wp:attachment":[{"href":"https:\/\/min-pan.krakow.pl\/dzialalnosc-naukowa\/wp-json\/wp\/v2\/media?parent=1161"}],"curies":[{"name":"wp","href":"https:\/\/api.w.org\/{rel}","templated":true}]}}