{"id":11,"date":"2017-11-09T11:43:16","date_gmt":"2017-11-09T10:43:16","guid":{"rendered":"https:\/\/min-pan.krakow.pl\/\/dzialalnosc-naukowa\/?page_id=11"},"modified":"2024-06-28T10:30:43","modified_gmt":"2024-06-28T08:30:43","slug":"przewody-doktorskie","status":"publish","type":"page","link":"https:\/\/min-pan.krakow.pl\/dzialalnosc-naukowa\/przewody-doktorskie\/","title":{"rendered":"Przewody doktorskie (do 30.04.2019)"},"content":{"rendered":"<p>W tym miejscu dost\u0119pne s\u0105 informacje o aktualnie realizowanych przewodach doktorskich oraz zamkni\u0119tych post\u0119powaniach, kt\u00f3re zako\u0144czy\u0142y si\u0119 nadaniem tytu\u0142u doktora nauk technicznych w dyscyplinie g\u00f3rnictwo i geologia oraz po reformie \u2013 w nowej dyscyplinie: in\u017cynieria \u015brodowiska, g\u00f3rnictwo i energetyka.<\/p>\n<p class=\"downloadElemContainer2\"><a class=\"downloadElem pdf\" href=\"https:\/\/min-pan.krakow.pl\/dzialalnosc-naukowa\/wp-content\/uploads\/sites\/7\/2019\/01\/Informacja-o-trybie-przeprowadzenia-przewodu-doktorskiego_2019.pdf\" target=\"_blank\" rel=\"noopener noreferrer\">\u00a0<\/a><cite>Informacja o trybie przeprowadzenia przewodu doktorskiego<\/cite><\/p>\n<h3>Dokumenty<\/h3>\n<p class=\"downloadElemContainer2\"><a class=\"downloadElem docx\" href=\"https:\/\/min-pan.krakow.pl\/dzialalnosc-naukowa\/wp-content\/uploads\/sites\/7\/2020\/12\/Wz\u00f3r-wniosku-o-wyznaczenie-promotora-rozprawy-doktorskiej-30.12.2020.docx\" target=\"_blank\" rel=\"noopener noreferrer\">\u00a0<\/a><cite>Wz\u00f3r wniosku o wyznaczenie promotora rozprawy doktorskiej\u00a0<\/cite><\/p>\n<p class=\"downloadElemContainer2\">\n<p><\/p>","protected":false},"excerpt":{"rendered":"<p>W tym miejscu dost\u0119pne s\u0105 informacje o aktualnie realizowanych przewodach doktorskich oraz zamkni\u0119tych post\u0119powaniach, kt\u00f3re zako\u0144czy\u0142y si\u0119 nadaniem tytu\u0142u doktora nauk technicznych w dyscyplinie g\u00f3rnictwo i geologia oraz po reformie \u2013 w nowej dyscyplinie: in\u017cynieria \u015brodowiska, g\u00f3rnictwo i energetyka. \u00a0Informacja o trybie przeprowadzenia przewodu doktorskiego Dokumenty \u00a0Wz\u00f3r wniosku o wyznaczenie promotora rozprawy doktorskiej\u00a0<\/p>\n","protected":false},"author":1,"featured_media":0,"parent":0,"menu_order":248,"comment_status":"closed","ping_status":"closed","template":"templates\/template-theses.php","meta":{"footnotes":""},"class_list":["post-11","page","type-page","status-publish","hentry"],"_links":{"self":[{"href":"https:\/\/min-pan.krakow.pl\/dzialalnosc-naukowa\/wp-json\/wp\/v2\/pages\/11","targetHints":{"allow":["GET"]}}],"collection":[{"href":"https:\/\/min-pan.krakow.pl\/dzialalnosc-naukowa\/wp-json\/wp\/v2\/pages"}],"about":[{"href":"https:\/\/min-pan.krakow.pl\/dzialalnosc-naukowa\/wp-json\/wp\/v2\/types\/page"}],"author":[{"embeddable":true,"href":"https:\/\/min-pan.krakow.pl\/dzialalnosc-naukowa\/wp-json\/wp\/v2\/users\/1"}],"replies":[{"embeddable":true,"href":"https:\/\/min-pan.krakow.pl\/dzialalnosc-naukowa\/wp-json\/wp\/v2\/comments?post=11"}],"version-history":[{"count":26,"href":"https:\/\/min-pan.krakow.pl\/dzialalnosc-naukowa\/wp-json\/wp\/v2\/pages\/11\/revisions"}],"predecessor-version":[{"id":1426,"href":"https:\/\/min-pan.krakow.pl\/dzialalnosc-naukowa\/wp-json\/wp\/v2\/pages\/11\/revisions\/1426"}],"wp:attachment":[{"href":"https:\/\/min-pan.krakow.pl\/dzialalnosc-naukowa\/wp-json\/wp\/v2\/media?parent=11"}],"curies":[{"name":"wp","href":"https:\/\/api.w.org\/{rel}","templated":true}]}}