{"id":1021,"date":"2021-09-02T11:27:47","date_gmt":"2021-09-02T09:27:47","guid":{"rendered":"https:\/\/min-pan.krakow.pl\/dzialalnosc-naukowa\/?page_id=1021"},"modified":"2022-01-04T13:21:56","modified_gmt":"2022-01-04T12:21:56","slug":"piotr-kunecki","status":"publish","type":"page","link":"https:\/\/min-pan.krakow.pl\/dzialalnosc-naukowa\/postepowania-doktorskie-nowy-tryb\/piotr-kunecki\/","title":{"rendered":"Piotr Kunecki"},"content":{"rendered":"<p><\/p>\n<h2>Piotr Kunecki<\/h2>\n<p><strong>Rozprawa doktorska\u00a0<\/strong><\/p>\n<p class=\"downloadElemContainer2\"><a class=\"downloadElem pdf\" href=\"https:\/\/min-pan.krakow.pl\/dzialalnosc-naukowa\/wp-content\/uploads\/sites\/7\/2021\/09\/Rozprawa-doktorska-Piotr-Kunecki-1.pdf\" target=\"_blank\" rel=\"noopener noreferrer\">\u00a0<\/a><cite>&#8222;Badania proces\u00f3w usuwania rt\u0119ci ze spalin z wykorzystaniem glinokrzemianowych sorbent\u00f3w otrzymywanych z popio\u0142\u00f3w lotnych&#8221;<\/cite><\/p>\n<p class=\"downloadElemContainer2\"><a class=\"downloadElem pdf\" href=\"https:\/\/min-pan.krakow.pl\/dzialalnosc-naukowa\/wp-content\/uploads\/sites\/7\/2022\/01\/Zawiadomienie-o-nadaniu-stopnia-doktora.pdf\" target=\"_blank\" rel=\"noopener noreferrer\">\u00a0<\/a><cite>Zawiadomienie o nadaniu stopnia doktora<\/cite><\/p>\n<p class=\"downloadElemContainer2\"><a class=\"downloadElem pdf\" href=\"https:\/\/min-pan.krakow.pl\/dzialalnosc-naukowa\/wp-content\/uploads\/sites\/7\/2021\/09\/Streszczenie-rozprawy-doktorskiej-PL.pdf\" target=\"_blank\" rel=\"noopener noreferrer\">\u00a0<\/a><cite>Streszczenie rozprawy doktorskiej [PL]<\/cite><\/p>\n<p class=\"downloadElemContainer2\"><a class=\"downloadElem pdf\" href=\"https:\/\/min-pan.krakow.pl\/dzialalnosc-naukowa\/wp-content\/uploads\/sites\/7\/2021\/09\/Streszczenie-rozprawy-doktorskiej-EN.pdf\" target=\"_blank\" rel=\"noopener noreferrer\">\u00a0<\/a><cite>Streszczenie rozprawy doktorskiej [EN]<\/cite><\/p>\n<p class=\"downloadElemContainer2\"><a class=\"downloadElem pdf\" href=\"https:\/\/min-pan.krakow.pl\/dzialalnosc-naukowa\/wp-content\/uploads\/sites\/7\/2021\/10\/Informacja-o-terminie-i-miejscu-przeprowadzenia-obrony-rozprawy-doktorskiej-oraz-o-miejscu-z\u0142o\u017ceniu-rozprawy-doktorskiej.pdf\" target=\"_blank\" rel=\"noopener noreferrer\">\u00a0<\/a><cite>Informacja o terminie i miejscu przeprowadzenia obrony rozprawy doktorskiej oraz o miejscu z\u0142o\u017ceniu rozprawy doktorskiej<\/cite><\/p>\n<p><strong>Recenzje rozprawy doktorskiej\u00a0<\/strong><\/p>\n<p class=\"downloadElemContainer2\"><a class=\"downloadElem pdf\" href=\"https:\/\/min-pan.krakow.pl\/dzialalnosc-naukowa\/wp-content\/uploads\/sites\/7\/2021\/09\/prof.dr-hab.in\u017c.-Maciej-Manecki.pdf\" target=\"_blank\" rel=\"noopener noreferrer\">\u00a0<\/a><cite>prof.dr hab.in\u017c. Maciej Manecki, Wydzia\u0142 Geologii, Geofizyki i Ochrony \u015arodowiska AGH<\/cite><\/p>\n<p class=\"downloadElemContainer2\"><a class=\"downloadElem pdf\" href=\"https:\/\/min-pan.krakow.pl\/dzialalnosc-naukowa\/wp-content\/uploads\/sites\/7\/2021\/09\/prof.dr-hab.in\u017c.-Marian-Jacek-\u0141\u0105czny-G\u0142\u00f3wny-Instytut-G\u00f3rnictwa-Zak\u0142ad-Oceny-Jako\u015bci-Paliw-Sta\u0142ych.pdf\" target=\"_blank\" rel=\"noopener noreferrer\">\u00a0<\/a><cite>prof.dr hab.in\u017c. Marian Jacek \u0141\u0105czny, G\u0142\u00f3wny Instytut G\u00f3rnictwa, Zak\u0142ad Oceny Jako\u015bci Paliw Sta\u0142ych<\/cite><\/p>\n<p class=\"downloadElemContainer2\"><a class=\"downloadElem pdf\" href=\"https:\/\/min-pan.krakow.pl\/dzialalnosc-naukowa\/wp-content\/uploads\/sites\/7\/2021\/09\/dr-hab.-in\u017c.-Wojciech-Adamczyk-prof.-Politechniki-\u015al\u0105skiej-Wydzia\u0142-In\u017cynerii-\u015arodowiska-i-Energetyki.pdf\" target=\"_blank\" rel=\"noopener noreferrer\">\u00a0<\/a><cite>dr hab. in\u017c. Wojciech Adamczyk, prof. Politechniki \u015al\u0105skiej, Wydzia\u0142 In\u017cynierii \u015arodowiska i Energetyki<\/cite><\/p>\n<p><\/p>","protected":false},"excerpt":{"rendered":"<p>Piotr Kunecki Rozprawa doktorska\u00a0 \u00a0&#8222;Badania proces\u00f3w usuwania rt\u0119ci ze spalin z wykorzystaniem glinokrzemianowych sorbent\u00f3w otrzymywanych z popio\u0142\u00f3w lotnych&#8221; \u00a0Zawiadomienie o nadaniu stopnia doktora \u00a0Streszczenie rozprawy doktorskiej [PL] \u00a0Streszczenie rozprawy doktorskiej [EN] \u00a0Informacja o terminie i miejscu przeprowadzenia obrony rozprawy doktorskiej oraz o miejscu z\u0142o\u017ceniu rozprawy doktorskiej Recenzje rozprawy doktorskiej\u00a0 \u00a0prof.dr hab.in\u017c. Maciej Manecki, Wydzia\u0142 Geologii, [&hellip;]<\/p>\n","protected":false},"author":1,"featured_media":0,"parent":996,"menu_order":8,"comment_status":"closed","ping_status":"closed","template":"","meta":{"footnotes":""},"class_list":["post-1021","page","type-page","status-publish","hentry"],"_links":{"self":[{"href":"https:\/\/min-pan.krakow.pl\/dzialalnosc-naukowa\/wp-json\/wp\/v2\/pages\/1021","targetHints":{"allow":["GET"]}}],"collection":[{"href":"https:\/\/min-pan.krakow.pl\/dzialalnosc-naukowa\/wp-json\/wp\/v2\/pages"}],"about":[{"href":"https:\/\/min-pan.krakow.pl\/dzialalnosc-naukowa\/wp-json\/wp\/v2\/types\/page"}],"author":[{"embeddable":true,"href":"https:\/\/min-pan.krakow.pl\/dzialalnosc-naukowa\/wp-json\/wp\/v2\/users\/1"}],"replies":[{"embeddable":true,"href":"https:\/\/min-pan.krakow.pl\/dzialalnosc-naukowa\/wp-json\/wp\/v2\/comments?post=1021"}],"version-history":[{"count":16,"href":"https:\/\/min-pan.krakow.pl\/dzialalnosc-naukowa\/wp-json\/wp\/v2\/pages\/1021\/revisions"}],"predecessor-version":[{"id":1124,"href":"https:\/\/min-pan.krakow.pl\/dzialalnosc-naukowa\/wp-json\/wp\/v2\/pages\/1021\/revisions\/1124"}],"up":[{"embeddable":true,"href":"https:\/\/min-pan.krakow.pl\/dzialalnosc-naukowa\/wp-json\/wp\/v2\/pages\/996"}],"wp:attachment":[{"href":"https:\/\/min-pan.krakow.pl\/dzialalnosc-naukowa\/wp-json\/wp\/v2\/media?parent=1021"}],"curies":[{"name":"wp","href":"https:\/\/api.w.org\/{rel}","templated":true}]}}