{"id":2,"date":"2017-11-09T11:40:07","date_gmt":"2017-11-09T10:40:07","guid":{"rendered":"https:\/\/min-pan.krakow.pl\/\/dzialalnosc-naukowa\/?page_id=2"},"modified":"2024-05-20T14:10:52","modified_gmt":"2024-05-20T12:10:52","slug":"strona-glowna","status":"publish","type":"page","link":"https:\/\/min-pan.krakow.pl\/dzialalnosc-naukowa\/en\/","title":{"rendered":"Research activities"},"content":{"rendered":"<p><\/p>\n<h2>Research activities<\/h2>\n<p>The Institute currently plays an important role in research and development, contributing to scientific and research progress in the field of mineral and energy management in Poland and abroad. This is demonstrated by the following:<\/p>\n<ul>\n<li>On 24 September 2012, our unit was granted the right to confer the degree of Doctor of Mining and Engineering Geology according to decision no. BCK-VI-U-254\/2012 of the Central Commission for Degrees and Titles.<\/li>\n<li>The Institute was awarded an \u201cA\u201d category in the last (2017) parametric evaluation of scientific units.<\/li>\n<li>In July 2017, the European Commission awarded the Institute the right to use the prestigious logo, HR Excellence in Research.<\/li>\n<\/ul>\n<p>The studies carried out at the Institute are characterized by interdisciplinarity and complexity. They are implemented on the basis of the entire research process\u2014from basic research to application. The scientific profile of the Institute includes the following research areas:<\/p>\n<ul>\n<li>Applied geology<\/li>\n<li>Mining<\/li>\n<li>Mining and power industry economics<\/li>\n<li>Mineral resources management<\/li>\n<li>Fuel and energy management<\/li>\n<li>Renewable energy sources<\/li>\n<li>Raw materials from secondary and waste sources<\/li>\n<li>Geoengineering and environmental engineering<\/li>\n<\/ul>\n<h3>The Institute houses three laboratories:<\/h3>\n<ul>\n<li>The Geothermal Laboratory in Ba\u0144ska Ni\u017cna-Bia\u0142y Dunajec<\/li>\n<li>The Laboratory of Engineering Geophysics<\/li>\n<li>The Environmental Research Laboratory<\/li>\n<\/ul>\n<p class=\"downloadElemContainer2\">\n<p><\/p>","protected":false},"excerpt":{"rendered":"<p>Research activities The Institute currently plays an important role in research and development, contributing to scientific and research progress in the field of mineral and energy management in Poland and abroad. This is demonstrated by the following: On 24 September 2012, our unit was granted the right to confer the degree of Doctor of Mining [&hellip;]<\/p>\n","protected":false},"author":1,"featured_media":0,"parent":0,"menu_order":251,"comment_status":"closed","ping_status":"open","template":"templates\/template-home.php","meta":{"footnotes":""},"class_list":["post-2","page","type-page","status-publish","hentry"],"_links":{"self":[{"href":"https:\/\/min-pan.krakow.pl\/dzialalnosc-naukowa\/en\/wp-json\/wp\/v2\/pages\/2","targetHints":{"allow":["GET"]}}],"collection":[{"href":"https:\/\/min-pan.krakow.pl\/dzialalnosc-naukowa\/en\/wp-json\/wp\/v2\/pages"}],"about":[{"href":"https:\/\/min-pan.krakow.pl\/dzialalnosc-naukowa\/en\/wp-json\/wp\/v2\/types\/page"}],"author":[{"embeddable":true,"href":"https:\/\/min-pan.krakow.pl\/dzialalnosc-naukowa\/en\/wp-json\/wp\/v2\/users\/1"}],"replies":[{"embeddable":true,"href":"https:\/\/min-pan.krakow.pl\/dzialalnosc-naukowa\/en\/wp-json\/wp\/v2\/comments?post=2"}],"version-history":[{"count":57,"href":"https:\/\/min-pan.krakow.pl\/dzialalnosc-naukowa\/en\/wp-json\/wp\/v2\/pages\/2\/revisions"}],"predecessor-version":[{"id":1332,"href":"https:\/\/min-pan.krakow.pl\/dzialalnosc-naukowa\/en\/wp-json\/wp\/v2\/pages\/2\/revisions\/1332"}],"wp:attachment":[{"href":"https:\/\/min-pan.krakow.pl\/dzialalnosc-naukowa\/en\/wp-json\/wp\/v2\/media?parent=2"}],"curies":[{"name":"wp","href":"https:\/\/api.w.org\/{rel}","templated":true}]}}